{"id":3443,"date":"2025-02-19T15:29:23","date_gmt":"2025-02-19T15:29:23","guid":{"rendered":"https:\/\/bluemosque.gen.tr\/blue-mosque-dress-code\/"},"modified":"2025-04-24T14:01:28","modified_gmt":"2025-04-24T14:01:28","slug":"blaue-moschee-istanbul-kleiderordnung","status":"publish","type":"page","link":"https:\/\/bluemosque.gen.tr\/de\/blaue-moschee-istanbul-kleiderordnung\/","title":{"rendered":"Kleiderordnung f\u00fcr die Blaue Moschee"},"content":{"rendered":"<h1 style=\"\"><span data-attr-id=\"the_title\" data-extra_key=\"the_title\" data-option-inline=\"1\" data-shortcode=\"thrv_dynamic_data_content\" data-shortcode-name=\"Post title\" style=\"\">Kleiderordnung f\u00fcr die Blaue Moschee<\/span><\/h1>\n<p data-end=\"367\" data-start=\"98\">Die Blaue Moschee ist ein<strong> aktives Gotteshaus.<\/strong> Besucher sind verpflichtet, sich entsprechend der islamischen Traditionen angemessen zu kleiden. Um einen respektvollen und reibungslosen Besuch zu gew\u00e4hrleisten, wird empfohlen, geeignete Kleidung bereits mitzubringen.<\/p>\n<p>Erfahren Sie hier&nbsp;<strong>alles Wichtige zur Kleiderordnung f\u00fcr die Blaue Moschee.<\/strong> Wir erkl\u00e4ren, was erlaubt ist, was nicht und <strong>wo Sie bei Bedarf passende Kleidung erhalten.<\/strong><\/p>\n<p>\u2192 Falls Sie einen Besuch in die Blaue Moschee planen, beachten Sie unbedingt die Gebetszeiten. <a href=\"https:\/\/bluemosque.gen.tr\/de\/blaue-moschee-istanbul-gebetszeiten\/\" style=\"outline: none;\" data-lt-tmp-id=\"lt-792110\" spellcheck=\"false\">Eine \u00dcbersicht \u00fcber die <strong>aktuellen<\/strong> <strong>Gebetszeiten<\/strong> und vor\u00fcbergehenden Schlie\u00dfungen finden Sie hier.<\/a><\/p>\n<h2><strong>Blaue Moschee Istanbul: Kleiderordnung f\u00fcr Besucher<\/strong><\/h2>\n<p><span><img decoding=\"async\" alt=\"Blaue Moschee Istanbul Kleiderordnung f\u00fcr Frauen\" data-id=\"3022\" width=\"515\" data-init-width=\"1000\" height=\"344\" data-init-height=\"667\" title=\"Kleiderordnung f\u00fcr Frauen\" loading=\"lazy\" src=\"https:\/\/bluemosque.gen.tr\/wp-content\/uploads\/2025\/02\/Dress-Code-for-Women.jpg\" data-width=\"515\" data-height=\"344\" style=\"aspect-ratio: auto 1000 \/ 667;\"><\/span><\/p>\n<h3><strong>Kleiderordnung f\u00fcr Frauen<\/strong><\/h3>\n<p><strong>&#8211; Schultern und Knie m\u00fcssen bedeckt sein<\/strong> \u2013 keine \u00e4rmellosen Oberteile, kurzen R\u00f6cke oder durchsichtige Kleidung.<\/p>\n<p><strong>&#8211; Das Tragen eines Kopftuchs ist verpflichtend. <\/strong>Bitte bringen Sie eines mit oder erwerben Sie eines am Eingang (ca. 1\u202f\u20ac).<\/p>\n<p><strong>&#8211; Locker sitzende Kleidung<\/strong> <strong>wird empfohlen<\/strong>, ist jedoch nicht verpflichtend.<strong><\/strong><\/p>\n<p><span><img decoding=\"async\" alt=\"Blaue Moschee Istanbul Kleiderordnung f\u00fcr M\u00e4nner\" data-id=\"3024\" width=\"515\" data-init-width=\"1000\" height=\"344\" data-init-height=\"667\" title=\"Kleiderordnung f\u00fcr M\u00e4nner\" loading=\"lazy\" src=\"https:\/\/bluemosque.gen.tr\/wp-content\/uploads\/2025\/02\/Dress-Code-for-Men.jpg\" data-width=\"515\" data-height=\"344\" style=\"aspect-ratio: auto 1000 \/ 667;\"><\/span><\/p>\n<h3><strong>Kleiderordnung f\u00fcr M\u00e4nner<\/strong><\/h3>\n<p><strong>&#8211; <\/strong><strong>Schultern und Knie m\u00fcssen bedeckt sein. <\/strong>Das bedeutet: Keine \u00e4rmellosen Shirts, Tanktops oder Shorts, die \u00fcber dem Knie enden.<\/p>\n<p>&#8211; Das Tragen von<strong>&nbsp;langen Hosen<\/strong><strong> oder mindestens knielangen Shorts <\/strong>ist f\u00fcr den Eintritt verpflichtend.<\/p>\n<p><span><img decoding=\"async\" alt=\"\" data-id=\"3023\" width=\"413\" data-init-width=\"1000\" height=\"275\" data-init-height=\"667\" title=\"Kleiderordnung f\u00fcr Kinder\" loading=\"lazy\" src=\"https:\/\/bluemosque.gen.tr\/wp-content\/uploads\/2025\/02\/Dress-Code-for-Children.jpg\" data-width=\"413\" data-height=\"275\" style=\"aspect-ratio: auto 1000 \/ 667;\"><\/span><\/p>\n<h3><strong>Kleiderordnung f\u00fcr Kinder<\/strong><\/h3>\n<p data-pm-slice=\"1 1 []\">&#8211; F\u00fcr<strong> kleine Kinder<\/strong> gibt es keine festen Regeln.<strong data-end=\"629\" data-start=\"447\"> \u00c4ltere Kinder&nbsp;<\/strong>sollten Kleidung tragen, die Schultern und Knie bedeckt \u2013 zum Beispiel T-Shirts und lange Hosen oder knielange R\u00f6cke.<\/p>\n<p><span style=\"\"><img decoding=\"async\" alt=\"\" data-id=\"3025\" width=\"413\" data-init-width=\"1000\" height=\"275\" data-init-height=\"667\" title=\"Alle Besucher ziehen ihre Schuhe aus\" loading=\"lazy\" src=\"https:\/\/bluemosque.gen.tr\/wp-content\/uploads\/2025\/02\/All-Visitors-remove-shoes.jpg\" data-width=\"413\" data-height=\"275\" style=\"aspect-ratio: auto 1000 \/ 667;\" ml-d=\"0\" mt-d=\"0\" mt-t=\"0\" ml-t=\"0\" mt-m=\"-10.25\" ml-m=\"0\"><\/span><\/p>\n<h3><strong>Alle Besucher<\/strong><\/h3>\n<p data-pm-slice=\"1 1 []\">&#8211; <strong>Schuhe<\/strong> m\u00fcssen vor dem Betreten der Moschee<strong> ausgezogen werden. <\/strong>Bringen Sie idealerweise eine T\u00fcte mit, um Ihre Schuhe bei sich zu tragen \u2013 andernfalls m\u00fcssen sie drau\u00dfen vor der Moschee abgestellt werden.<\/p>\n<p style=\"text-align: center;\">Kleiderordnung f\u00fcr die Blaue Moschee<\/p>\n<h2 style=\"text-align: center;\"><strong>Was ist nicht erlaubt?<\/strong><\/h2>\n<ul>\n<li style=\"\"><!--! Font Awesome Free 6.7.1 by @fontawesome - https:\/\/fontawesome.com License - https:\/\/fontawesome.com\/license\/free (Icons: CC BY 4.0, Fonts: SIL OFL 1.1, Code: MIT License) Copyright 2024 Fonticons, Inc. --><span>Shorts, die oberhalb des Knies enden (f\u00fcr M\u00e4nner und Frauen)<\/span><\/li>\n<li style=\"\"><!--! Font Awesome Free 6.7.1 by @fontawesome - https:\/\/fontawesome.com License - https:\/\/fontawesome.com\/license\/free (Icons: CC BY 4.0, Fonts: SIL OFL 1.1, Code: MIT License) Copyright 2024 Fonticons, Inc. --><span>\u00c4rmellose Tops, bauchfreie Tops und Tanktops<\/span><\/li>\n<li style=\"\"><!--! Font Awesome Free 6.7.1 by @fontawesome - https:\/\/fontawesome.com License - https:\/\/fontawesome.com\/license\/free (Icons: CC BY 4.0, Fonts: SIL OFL 1.1, Code: MIT License) Copyright 2024 Fonticons, Inc. --><span>Durchsichtige Kleidung<\/span><\/li>\n<li style=\"\"><!--! Font Awesome Free 6.7.1 by @fontawesome - https:\/\/fontawesome.com License - https:\/\/fontawesome.com\/license\/free (Icons: CC BY 4.0, Fonts: SIL OFL 1.1, Code: MIT License) Copyright 2024 Fonticons, Inc. --><span>Schuhe im Innenbereich der Moschee<\/span><\/li>\n<\/ul>\n<p><em>\u2192<\/em>&nbsp;Weitere Einzelheiten zu Besucherregeln und -richtlinien finden Sie in unseren&nbsp;<a href=\"https:\/\/bluemosque.gen.tr\/de\/blaue-moschee-istanbul-offnungszeiten\/\" style=\"outline: none;\" data-lt-tmp-id=\"lt-417953\" spellcheck=\"false\"><strong>Besucherinformationen<\/strong><\/a><\/p>\n<h2 style=\"text-align: left;\"><strong><strong data-end=\"169\" data-start=\"96\">Wo erh\u00e4lt man angemessene Kleidung f\u00fcr den Besuch der Blauen Moschee?<\/strong><\/strong><\/h2>\n<p style=\"text-align: left;\">F\u00fcr einen reibungslosen Besuch der Blauen Moschee wird empfohlen, <strong>einen eigenen Schal, eine Strickjacke und angemessene Kleidung mitzubringen,<\/strong> um der Kleiderordnung zu entsprechen. Falls erforderlich, k\u00f6nnen <strong>am Eingang Schals<\/strong> (ca. 1\u202f\u20ac) und <strong>\u00dcberbekleidung<\/strong> (ca. 3\u202f\u20ac) erworben werden.<\/p>\n<p data-pm-slice=\"1 1 []\" style=\"text-align: left;\">Auch viele <strong>Souvenirl\u00e4den<\/strong> in der N\u00e4he der Moschee bieten g\u00fcnstige \u00dcberw\u00fcrfe an. Um zus\u00e4tzliche Kosten und Wartezeiten zu vermeiden, ist es am besten, bereits passend gekleidet zu erscheinen.<\/p>\n<h2 style=\"text-align: left;\">Schuhe ausziehen vor dem Betreten der Moschee \u2013 so geht\u2019s richtig<\/h2>\n<p data-end=\"980\" data-start=\"666\" style=\"text-align: left;\">Vor dem Betreten der Blauen Moschee <strong>m\u00fcssen alle Besucher ihre Schuhe ausziehen<\/strong> \u2013 als Zeichen des Respekts. Sie k\u00f6nnen Ihre Schuhe entweder in den daf\u00fcr vorgesehenen <strong>Regalen<\/strong> am Eingang abstellen oder in einer mitgebrachten T\u00fcte bei sich tragen.<\/p>\n<p data-end=\"1189\" data-start=\"982\" style=\"text-align: left;\">Um den Besuch angenehmer zu gestalten, empfiehlt es sich, eine <strong>T\u00fcte<\/strong> f\u00fcr Ihre Schuhe mitzubringen.<\/p>\n<p data-end=\"1189\" data-start=\"982\" style=\"text-align: left;\">\u2192 <strong data-end=\"642\" data-start=\"622\">Hygiene-Hinweis:<\/strong> Falls Sie im Sommer Sandalen tragen, empfiehlt es sich, zus\u00e4tzlich <strong>ein<\/strong> <strong>Paar<\/strong> <strong>Socken<\/strong> <strong>einzupacken<\/strong> \u2013 das ist hygienischer und angenehmer.<\/p>\n<p>\u2192 Erfahren Sie hier mehr \u00fcber das <a href=\"https:\/\/bluemosque.gen.tr\/de\/blaue-moschee-istanbul-innen\/\" style=\"outline: none;\" data-lt-tmp-id=\"lt-730458\" spellcheck=\"false\"><strong>Innere der Blauen Moschee.<\/strong><\/a><\/p>\n<h2 style=\"text-align: center;\" id=\"t-1739877976160\">Blaue Moschee: Tickets und F\u00fchrungen<\/h2>\n<p style=\"text-align: left;\"><a data-lt-tmp-id=\"lt-428845\" href=\"https:\/\/megapass.com\/tours-tickets\/blue-mosque-tour-with-official-guide-i2201?discountCode=ma-places\" rel=\"nofollow noopener\" spellcheck=\"false\" target=\"_blank\" style=\"outline: none;\">Bester Preis: 15 \u20ac<\/a><\/p>\n<p style=\"\"><a href=\"https:\/\/megapass.com\/tours-tickets\/blue-mosque-tour-with-official-guide-i2201?discountCode=ma-places\" target=\"_blank\" rel=\"nofollow noopener\" style=\"outline: none;\" data-lt-tmp-id=\"lt-522423\" spellcheck=\"false\"><strong>5\/5 (10+ Bewertungen)<\/strong><\/a><\/p>\n<h2 data-qa-marker=\"product-name\"><a data-lt-tmp-id=\"lt-262496\" href=\"https:\/\/megapass.com\/tours-tickets\/blue-mosque-tour-with-official-guide-i2201?discountCode=ma-places\" rel=\"nofollow noopener\" spellcheck=\"false\" style=\"outline: none;\" target=\"_blank\">F\u00fchrung durch die Blaue Moschee mit offiziellem Guide<\/a><\/h2>\n<h3 style=\"\"><strong>Meistverkaufte F\u00fchrung<\/strong><\/h3>\n<p dir=\"ltr\">Entdecken Sie die atemberaubende Sch\u00f6nheit der Blauen Moschee mit <strong>einem offiziellen, englischsprachigen Guide.<\/strong>&nbsp;Begeben Sie sich auf eine faszinierende&nbsp;<strong>60-min\u00fctige Entdeckungsreise<\/strong>&nbsp;durch den weltber\u00fchmten Prachtbau.&nbsp;<\/p>\n<p dir=\"ltr\" style=\"\"><strong>Inbegriffen<\/strong>&nbsp;<\/p>\n<ul>\n<li style=\"\"><strong>60-min\u00fctige F\u00fchrung durch die Blaue Moschee<\/strong><\/li>\n<li style=\"\"><strong>Englischsprachiger<\/strong>&nbsp;Reiseleiter<\/li>\n<li style=\"\">Unbegrenzter Aufenthalt im Anschluss<\/li>\n<\/ul>\n<p>__CONFIG_colors_palette__{&#8222;active_palette&#8220;:0,&#8220;config&#8220;:{&#8222;colors&#8220;:{&#8222;48994&#8220;:{&#8222;name&#8220;:&#8220;Main Accent&#8220;,&#8220;parent&#8220;:-1}},&#8220;gradients&#8220;:[]},&#8220;palettes&#8220;:[{&#8222;name&#8220;:&#8220;Default Palette&#8220;,&#8220;value&#8220;:{&#8222;colors&#8220;:{&#8222;48994&#8220;:{&#8222;val&#8220;:&#8220;hsla(var(&#8211;tcb-main-master-h, 210), var(&#8211;tcb-main-master-s, 77%), var(&#8211;tcb-main-master-l, 54%), 1)&#8220;}},&#8220;gradients&#8220;:[]},&#8220;original&#8220;:{&#8222;colors&#8220;:{&#8222;48994&#8220;:{&#8222;val&#8220;:&#8220;rgb(19, 114, 211)&#8220;,&#8220;hsl&#8220;:{&#8222;h&#8220;:210,&#8220;s&#8220;:0.83,&#8220;l&#8220;:0.45}}},&#8220;gradients&#8220;:[]}}]}__CONFIG_colors_palette__ <a href=\"https:\/\/megapass.com\/tours-tickets\/blue-mosque-tour-with-official-guide-i2201?discountCode=ma-places\" style=\"\" target=\"_blank\" rel=\"nofollow noopener\"> <span><span>Verf\u00fcgbarkeit pr\u00fcfen<\/span><\/span> <\/a>       <\/p>\n<p style=\"text-align: left;\"><a data-lt-tmp-id=\"lt-428845\" href=\"https:\/\/www.headout.com\/r\/most-amazing-placesrecommends-lzqjy\/\" rel=\"nofollow noopener\" spellcheck=\"false\" target=\"_blank\" style=\"outline: none;\">Bester Preis: 53,00 \u20ac<\/a><\/p>\n<p style=\"\"><a href=\"https:\/\/www.headout.com\/r\/most-amazing-placesrecommends-lzqjy\/\" target=\"_blank\" rel=\"nofollow noopener\" style=\"outline: none;\" data-lt-tmp-id=\"lt-160171\" spellcheck=\"false\"><strong>4.1\/5 (520+ Bewertungen)<\/strong><\/a><\/p>\n<h2 data-qa-marker=\"product-name\"><a data-lt-tmp-id=\"lt-262496\" href=\"https:\/\/megapass.com\/tours-tickets\/blue-mosque-tour-with-official-guide-i2201?discountCode=ma-places\" rel=\"nofollow noopener\" spellcheck=\"false\" target=\"_blank\" style=\"outline: none;\"><\/a><a data-lt-tmp-id=\"lt-398957\" href=\"https:\/\/www.headout.com\/r\/most-amazing-placesrecommends-lzqjy\/\" rel=\"nofollow noopener\" spellcheck=\"false\" style=\"outline: none;\" target=\"_blank\">Blaue Moschee und Hagia Sophia gef\u00fchrte Tour mit Tickets<\/a><\/h2>\n<h3><strong>Bestseller-Kombi mit Hagia Sophia-Ticket<\/strong><\/h3>\n<p dir=\"ltr\">Erleben Sie die <strong>beiden ber\u00fchmtesten Moscheen<\/strong>&nbsp;<strong>Istanbuls<\/strong>!&nbsp;Genie\u00dfen Sie eine einst\u00fcndige F\u00fchrung in Englisch durch die&nbsp;<strong>Blaue Moschee<\/strong>, \u00fcberspringen Sie anschlie\u00dfend die Warteschlangen und erkunden Sie die majest\u00e4tische&nbsp;<strong>Hagia Sophia<\/strong> in Ihrem eigenen Tempo.<\/p>\n<p dir=\"ltr\"><strong><strong>Inbegriffen<\/strong><\/strong>&nbsp;<\/p>\n<ul>\n<li><strong>Eintrittskarte f\u00fcr die Hagia Sophia<\/strong><\/li>\n<li><strong>45-min. Tour durch die Hagia Sophia<\/strong>&nbsp;mit englischsprachigem Guide<\/li>\n<li><strong>1-st\u00fcndige Tour durch die Blaue Moschee<\/strong>&nbsp;mit englischsprachigem Guide<\/li>\n<li><strong>Rundgang durch die&nbsp;<strong>Altstadt<\/strong><\/strong><\/li>\n<\/ul>\n<p>__CONFIG_colors_palette__{&#8222;active_palette&#8220;:0,&#8220;config&#8220;:{&#8222;colors&#8220;:{&#8222;48994&#8220;:{&#8222;name&#8220;:&#8220;Main Accent&#8220;,&#8220;parent&#8220;:-1}},&#8220;gradients&#8220;:[]},&#8220;palettes&#8220;:[{&#8222;name&#8220;:&#8220;Default Palette&#8220;,&#8220;value&#8220;:{&#8222;colors&#8220;:{&#8222;48994&#8220;:{&#8222;val&#8220;:&#8220;hsla(var(&#8211;tcb-main-master-h, 210), var(&#8211;tcb-main-master-s, 77%), var(&#8211;tcb-main-master-l, 54%), 1)&#8220;}},&#8220;gradients&#8220;:[]},&#8220;original&#8220;:{&#8222;colors&#8220;:{&#8222;48994&#8220;:{&#8222;val&#8220;:&#8220;rgb(19, 114, 211)&#8220;,&#8220;hsl&#8220;:{&#8222;h&#8220;:210,&#8220;s&#8220;:0.83,&#8220;l&#8220;:0.45}}},&#8220;gradients&#8220;:[]}}]}__CONFIG_colors_palette__ <a href=\"https:\/\/www.headout.com\/r\/most-amazing-placesrecommends-lzqjy\/\" style=\"\" target=\"_blank\" rel=\"nofollow noopener\"> <span><span>Verf\u00fcgbarkeit pr\u00fcfen<\/span><\/span> <\/a>       <\/p>\n<p style=\"text-align: left;\"><a data-lt-tmp-id=\"lt-428845\" href=\"https:\/\/www.headout.com\/r\/most-amazing-placesrecommends-m9mL4\/\" rel=\"nofollow noopener\" spellcheck=\"false\" target=\"_blank\" style=\"outline: none;\">Bester Preis: 99,00 \u20ac<\/a><\/p>\n<p style=\"\"><a href=\"https:\/\/www.headout.com\/r\/most-amazing-placesrecommends-m9mL4\/\" target=\"_blank\" rel=\"nofollow noopener\" style=\"outline: none;\" data-lt-tmp-id=\"lt-966534\" spellcheck=\"false\"><strong>4.1\/5 (350+ Bewertungen)<\/strong><\/a><\/p>\n<h2 data-qa-marker=\"product-name\" style=\"\"><a href=\"https:\/\/www.headout.com\/r\/most-amazing-placesrecommends-g7k3S\/\" target=\"_blank\" style=\"outline: none;\" rel=\"nofollow noopener\" data-lt-tmp-id=\"lt-262496\" spellcheck=\"false\"><\/a><a data-lt-tmp-id=\"lt-398957\" href=\"https:\/\/www.headout.com\/r\/most-amazing-placesrecommends-m9mL4\/\" rel=\"nofollow noopener\" spellcheck=\"false\" style=\"outline: none;\" target=\"_blank\">Kombiticket: Versunkener Palast + Blaue Moschee + Hagia Sophia F\u00fchrung mit Schnelleinlass<\/a><\/h2>\n<h3><strong>Meistverkauftes Kombiticket (mit Blauer Moschee Tour)<\/strong><\/h3>\n<p>Entdecken Sie <strong>die ber\u00fchmtesten Wahrzeichen Istanbuls<\/strong>&nbsp;\u2013 den Versunkenen Palast, die Blaue Moschee und die Hagia Sophia \u2013 mit einem englischsprachigen, fachkundigen Reiseleiter.<\/p>\n<p dir=\"ltr\"><strong><strong>Inbegriffen<\/strong><\/strong>&nbsp;<\/p>\n<ul>\n<li><strong>Versunkener Palast:<\/strong> 30-min\u00fctige F\u00fchrung + Ticket ohne Anstehen<\/li>\n<li><strong>Blaue Moschee:<\/strong>&nbsp;1-st\u00fcndige F\u00fchrung in Englisch<\/li>\n<li><strong>Hagia Sophia:<\/strong> Ticket ohne Anstehen + 1-st\u00fcndige F\u00fchrung + Audioguide<\/li>\n<\/ul>\n<p>__CONFIG_colors_palette__{&#8222;active_palette&#8220;:0,&#8220;config&#8220;:{&#8222;colors&#8220;:{&#8222;48994&#8220;:{&#8222;name&#8220;:&#8220;Main Accent&#8220;,&#8220;parent&#8220;:-1}},&#8220;gradients&#8220;:[]},&#8220;palettes&#8220;:[{&#8222;name&#8220;:&#8220;Default Palette&#8220;,&#8220;value&#8220;:{&#8222;colors&#8220;:{&#8222;48994&#8220;:{&#8222;val&#8220;:&#8220;hsla(var(&#8211;tcb-main-master-h, 210), var(&#8211;tcb-main-master-s, 77%), var(&#8211;tcb-main-master-l, 54%), 1)&#8220;}},&#8220;gradients&#8220;:[]},&#8220;original&#8220;:{&#8222;colors&#8220;:{&#8222;48994&#8220;:{&#8222;val&#8220;:&#8220;rgb(19, 114, 211)&#8220;,&#8220;hsl&#8220;:{&#8222;h&#8220;:210,&#8220;s&#8220;:0.83,&#8220;l&#8220;:0.45}}},&#8220;gradients&#8220;:[]}}]}__CONFIG_colors_palette__ <a href=\"https:\/\/www.headout.com\/r\/most-amazing-placesrecommends-m9mL4\/\" style=\"\" target=\"_blank\" rel=\"nofollow noopener\"> <span><span>Verf\u00fcgbarkeit pr\u00fcfen<\/span><\/span> <\/a>       <\/p>\n<p style=\"text-align: left;\"><a data-lt-tmp-id=\"lt-428845\" href=\"https:\/\/megapass.com\/tours-tickets\/blue-mosque-tour-and-basilica-cistern-ticket-i2243?discountCode=ma-places\" rel=\"nofollow noopener\" spellcheck=\"false\" target=\"_blank\" style=\"outline: none;\">Bester Preis: 43,00 \u20ac<\/a><\/p>\n<p style=\"\"><a href=\"https:\/\/megapass.com\/tours-tickets\/blue-mosque-tour-and-basilica-cistern-ticket-i2243?discountCode=ma-places\" target=\"_blank\" rel=\"nofollow noopener\" style=\"outline: none;\" data-lt-tmp-id=\"lt-304998\" spellcheck=\"false\"><strong>5\/5 (20+ Bewertungen)<\/strong><\/a><\/p>\n<h2 data-qa-marker=\"product-name\" style=\"\"><a href=\"https:\/\/www.headout.com\/r\/most-amazing-placesrecommends-g7k3S\/\" target=\"_blank\" style=\"outline: none;\" rel=\"nofollow noopener\" data-lt-tmp-id=\"lt-262496\" spellcheck=\"false\"><\/a><a data-lt-tmp-id=\"lt-398957\" href=\"https:\/\/megapass.com\/tours-tickets\/blue-mosque-tour-and-basilica-cistern-ticket-i2243?discountCode=ma-places\" rel=\"nofollow noopener\" spellcheck=\"false\" style=\"outline: none;\" target=\"_blank\">F\u00fchrung durch die Blaue Moschee und Ticket f\u00fcr den Versunkenen Palast<\/a><\/h2>\n<h3 style=\"\"><strong>Bestseller-Kombi mit Cisterna Basilica<\/strong><\/h3>\n<p data-pm-slice=\"1 1 []\"><span style=\"font-size: 14px !important;\">Genie\u00dfen Sie eine 60-min\u00fctige F\u00fchrung durch die Blaue Moschee, \u00fcberspringen Sie anschlie\u00dfend die Warteschlangen und erkunden Sie den mystischen Versunkenen Palast <em>(Cisterna Basilica)<\/em> mit einem Audioguide.<\/span><\/p>\n<p dir=\"ltr\"><strong><strong>Inbegriffen<\/strong><\/strong>&nbsp;<\/p>\n<ul>\n<li><strong>Versunkener Palast:<\/strong>&nbsp;Ticket ohne Anstehen + digitaler Audioguide<\/li>\n<li><strong>Blaue Moschee:<\/strong>&nbsp;1-st\u00fcndige F\u00fchrung mit englischsprachigem Guide<\/li>\n<\/ul>\n<p>__CONFIG_colors_palette__{&#8222;active_palette&#8220;:0,&#8220;config&#8220;:{&#8222;colors&#8220;:{&#8222;48994&#8220;:{&#8222;name&#8220;:&#8220;Main Accent&#8220;,&#8220;parent&#8220;:-1}},&#8220;gradients&#8220;:[]},&#8220;palettes&#8220;:[{&#8222;name&#8220;:&#8220;Default Palette&#8220;,&#8220;value&#8220;:{&#8222;colors&#8220;:{&#8222;48994&#8220;:{&#8222;val&#8220;:&#8220;hsla(var(&#8211;tcb-main-master-h, 210), var(&#8211;tcb-main-master-s, 77%), var(&#8211;tcb-main-master-l, 54%), 1)&#8220;}},&#8220;gradients&#8220;:[]},&#8220;original&#8220;:{&#8222;colors&#8220;:{&#8222;48994&#8220;:{&#8222;val&#8220;:&#8220;rgb(19, 114, 211)&#8220;,&#8220;hsl&#8220;:{&#8222;h&#8220;:210,&#8220;s&#8220;:0.83,&#8220;l&#8220;:0.45}}},&#8220;gradients&#8220;:[]}}]}__CONFIG_colors_palette__ <a href=\"https:\/\/megapass.com\/tours-tickets\/blue-mosque-tour-and-basilica-cistern-ticket-i2243?discountCode=ma-places\" style=\"\" target=\"_blank\" rel=\"nofollow noopener\"> <span><span>Verf\u00fcgbarkeit pr\u00fcfen<\/span><\/span> <\/a>       <\/p>\n<p style=\"text-align: left;\"><a data-lt-tmp-id=\"lt-428845\" href=\"https:\/\/megapass.com\/turkey\/istanbul\/pass?discountCode=ma-places\" rel=\"nofollow noopener\" spellcheck=\"false\" target=\"_blank\" style=\"outline: none;\">Bester Preis: 124,00 \u20ac<\/a><\/p>\n<p style=\"\"><a href=\"https:\/\/megapass.com\/turkey\/istanbul\/pass?discountCode=ma-places\" target=\"_blank\" rel=\"nofollow noopener\" style=\"outline: none;\" data-lt-tmp-id=\"lt-608554\" spellcheck=\"false\"><strong>4,8\/5 (20+ Bewertungen)<\/strong><\/a><\/p>\n<h2 data-qa-marker=\"product-name\" style=\"\"><a href=\"https:\/\/www.headout.com\/r\/most-amazing-placesrecommends-g7k3S\/\" target=\"_blank\" style=\"outline: none;\" rel=\"nofollow noopener\" data-lt-tmp-id=\"lt-262496\" spellcheck=\"false\"><\/a><a data-lt-tmp-id=\"lt-398957\" href=\"https:\/\/megapass.com\/turkey\/istanbul\/pass?discountCode=ma-places\" rel=\"nofollow noopener\" spellcheck=\"false\" style=\"outline: none;\" target=\"_blank\">Istanbul City Pass Classic von Megapass<\/a><\/h2>\n<h3><strong>City Pass mit bestem Preis-Leistungs-Verh\u00e4ltnis&nbsp;<\/strong><strong>(inkl. Blaue Moschee-Tour)<\/strong><\/h3>\n<p>Besuchen Sie mit diesem Pass <strong>zwei Top-Attraktionen<\/strong>&nbsp;Istanbuls, erleben Sie die Blaue Moschee, machen Sie eine Kreuzfahrt auf dem Bosporus und nutzen Sie die \u00f6ffentlichen Verkehrsmittel mit Ihrer inkludierten Transportkarte f\u00fcr eine&nbsp;<strong>stressfreie Besichtigungstour durch Istanbul.<\/strong>&nbsp;<\/p>\n<p dir=\"ltr\"><strong><strong>Inbegriffen<\/strong><\/strong>&nbsp;<\/p>\n<ul>\n<li><strong>F\u00fchrung durch die Blaue Moschee<\/strong> (in Englisch)<\/li>\n<li><strong>Bosporus-Kreuzfahrt<\/strong><\/li>\n<li><strong>Karte f\u00fcr den \u00d6PNV <\/strong>(mit Guthaben f\u00fcr 5 Fahrten)<\/li>\n<li><strong>2 zus\u00e4tzliche Attraktionen<\/strong> Ihrer Wahl<\/li>\n<li><strong>Audioguide<\/strong><\/li>\n<\/ul>\n<p>__CONFIG_colors_palette__{&#8222;active_palette&#8220;:0,&#8220;config&#8220;:{&#8222;colors&#8220;:{&#8222;48994&#8220;:{&#8222;name&#8220;:&#8220;Main Accent&#8220;,&#8220;parent&#8220;:-1}},&#8220;gradients&#8220;:[]},&#8220;palettes&#8220;:[{&#8222;name&#8220;:&#8220;Default Palette&#8220;,&#8220;value&#8220;:{&#8222;colors&#8220;:{&#8222;48994&#8220;:{&#8222;val&#8220;:&#8220;hsla(var(&#8211;tcb-main-master-h, 210), var(&#8211;tcb-main-master-s, 77%), var(&#8211;tcb-main-master-l, 54%), 1)&#8220;}},&#8220;gradients&#8220;:[]},&#8220;original&#8220;:{&#8222;colors&#8220;:{&#8222;48994&#8220;:{&#8222;val&#8220;:&#8220;rgb(19, 114, 211)&#8220;,&#8220;hsl&#8220;:{&#8222;h&#8220;:210,&#8220;s&#8220;:0.83,&#8220;l&#8220;:0.45}}},&#8220;gradients&#8220;:[]}}]}__CONFIG_colors_palette__ <a href=\"https:\/\/megapass.com\/turkey\/istanbul\/pass?discountCode=ma-places\" style=\"\" target=\"_blank\" rel=\"nofollow noopener\"> <span><span>Verf\u00fcgbarkeit pr\u00fcfen<\/span><\/span> <\/a>    <a href=\"https:\/\/bluemosque.gen.tr\/de\/blaue-moschee-istanbul-gebetszeiten\/\" dynamic-postlink=\"tcb_post_the_permalink\" data-shortcode-id=\"3453\"><\/a><\/p>\n<p style=\"padding-bottom: 0px !important; margin-bottom: 0px !important;\"><strong>Weiterlesen<\/strong><\/p>\n<h2 style=\"\" id=\"t-1730464049116\"><span data-attr-css=\"\" data-attr-link=\"1\" data-attr-rel=\"0\" data-attr-static-link=\"{&quot;className&quot;:&quot;&quot;,&quot;href&quot;:&quot;https:\/\/bluemosque.gen.tr\/de\/blaue-moschee-istanbul-gebetszeiten\/&quot;,&quot;title&quot;:&quot;Blaue Moschee Istanbul: Gebetszeiten und Schlie\u00dfungen&quot;,&quot;class&quot;:&quot;&quot;}\" data-attr-target=\"0\" data-extra_key=\"\" data-option-inline=\"1\" data-shortcode=\"tcb_post_title\" data-shortcode-name=\"Post title\" style=\"\"><a href=\"https:\/\/bluemosque.gen.tr\/de\/blaue-moschee-istanbul-gebetszeiten\/\" title=\"Blaue Moschee Istanbul: Gebetszeiten und Schlie\u00dfungen\" data-css=\"\">Blaue Moschee Istanbul: Gebetszeiten und Schlie\u00dfungen<\/a><\/span><\/h2>\n<p><a href=\"https:\/\/bluemosque.gen.tr\/de\/blaue-moschee-istanbul-offnungszeiten\/\" dynamic-postlink=\"tcb_post_the_permalink\" data-shortcode-id=\"3453\"><\/a><\/p>\n<p style=\"padding-bottom: 0px !important; margin-bottom: 0px !important;\"><strong>Weiterlesen<\/strong><\/p>\n<h2 style=\"\" id=\"t-1730464049116\"><span data-attr-css=\"\" data-attr-link=\"1\" data-attr-rel=\"0\" data-attr-static-link=\"{&quot;className&quot;:&quot;&quot;,&quot;href&quot;:&quot;https:\/\/bluemosque.gen.tr\/de\/blaue-moschee-istanbul-gebetszeiten\/&quot;,&quot;title&quot;:&quot;Blaue Moschee Istanbul: Gebetszeiten und Schlie\u00dfungen&quot;,&quot;class&quot;:&quot;&quot;}\" data-attr-target=\"0\" data-extra_key=\"\" data-option-inline=\"1\" data-shortcode=\"tcb_post_title\" data-shortcode-name=\"Post title\" style=\"\"><a href=\"https:\/\/bluemosque.gen.tr\/de\/blaue-moschee-istanbul-offnungszeiten\/\" title=\"Besucherinformationen zur Blauen Moschee: \u00d6ffnungszeiten &amp; Tipps\" data-css=\"\">Besucherinformationen zur Blauen Moschee: \u00d6ffnungszeiten &amp; Tipps<\/a><\/span><\/h2>\n<p><a href=\"javascript:void(0)\"><span><span>Load More<\/span><\/span><\/a><\/p>\n","protected":false},"excerpt":{"rendered":"<p>Kleiderordnung f\u00fcr die Blaue Moschee Die Blaue Moschee ist ein aktives Gotteshaus. Besucher sind verpflichtet, sich entsprechend der islamischen Traditionen angemessen zu kleiden. Um einen respektvollen und reibungslosen Besuch zu gew\u00e4hrleisten, wird empfohlen, geeignete Kleidung bereits mitzubringen. Erfahren Sie hier&nbsp;alles Wichtige zur Kleiderordnung f\u00fcr die Blaue Moschee. Wir erkl\u00e4ren, was erlaubt ist, was nicht und [&hellip;]<\/p>\n","protected":false},"author":6,"featured_media":3400,"parent":0,"menu_order":0,"comment_status":"closed","ping_status":"closed","template":"","meta":{"footnotes":""},"class_list":["post-3443","page","type-page","status-publish","has-post-thumbnail","hentry","post-wrapper","thrv_wrapper"],"_links":{"self":[{"href":"https:\/\/bluemosque.gen.tr\/de\/wp-json\/wp\/v2\/pages\/3443","targetHints":{"allow":["GET"]}}],"collection":[{"href":"https:\/\/bluemosque.gen.tr\/de\/wp-json\/wp\/v2\/pages"}],"about":[{"href":"https:\/\/bluemosque.gen.tr\/de\/wp-json\/wp\/v2\/types\/page"}],"author":[{"embeddable":true,"href":"https:\/\/bluemosque.gen.tr\/de\/wp-json\/wp\/v2\/users\/6"}],"replies":[{"embeddable":true,"href":"https:\/\/bluemosque.gen.tr\/de\/wp-json\/wp\/v2\/comments?post=3443"}],"version-history":[{"count":18,"href":"https:\/\/bluemosque.gen.tr\/de\/wp-json\/wp\/v2\/pages\/3443\/revisions"}],"predecessor-version":[{"id":3997,"href":"https:\/\/bluemosque.gen.tr\/de\/wp-json\/wp\/v2\/pages\/3443\/revisions\/3997"}],"wp:featuredmedia":[{"embeddable":true,"href":"https:\/\/bluemosque.gen.tr\/de\/wp-json\/wp\/v2\/media\/3400"}],"wp:attachment":[{"href":"https:\/\/bluemosque.gen.tr\/de\/wp-json\/wp\/v2\/media?parent=3443"}],"curies":[{"name":"wp","href":"https:\/\/api.w.org\/{rel}","templated":true}]}}