{"id":3978,"date":"2025-04-21T09:47:55","date_gmt":"2025-04-21T09:47:55","guid":{"rendered":"https:\/\/bluemosque.gen.tr\/?page_id=3978"},"modified":"2025-06-27T13:39:01","modified_gmt":"2025-06-27T13:39:01","slug":"impressum","status":"publish","type":"page","link":"https:\/\/bluemosque.gen.tr\/de\/impressum\/","title":{"rendered":"Impressum"},"content":{"rendered":"<h1><strong>Impressum<\/strong><\/h1>\n<h1><\/h1>\n<p>MOST AMAZING PLACES TANITIM VE T\u0130C. A.\u015e.<\/p>\n<p>G\u00fcm\u00fc\u015fsuyu Mah.&nbsp;<\/p>\n<p>\u0130n\u00f6n\u00fc Cd. Melek Apt, NO: 11, K1 D2<\/p>\n<p>34437 Beyo\u011flu\/\u0130stanbul<\/p>\n<p><strong>Tax-Identifikationsnummer:<\/strong>Beyoglu VD 6232114088<\/p>\n<p><strong>Gesch\u00e4ftsf\u00fchrer:&nbsp;<\/strong>D. Eronal<\/p>\n<p><strong>Internet:&nbsp;<\/strong><a href=\"https:\/\/most-amazing-places.com\/\" rel=\"nofollow noopener\" target=\"_blank\" style=\"outline: none;\" data-lt-tmp-id=\"lt-126237\" spellcheck=\"false\">https:\/\/most-amazing-places.com\/<\/a><\/p>\n","protected":false},"excerpt":{"rendered":"<p>Impressum MOST AMAZING PLACES TANITIM VE T\u0130C. A.\u015e. G\u00fcm\u00fc\u015fsuyu Mah.&nbsp; \u0130n\u00f6n\u00fc Cd. Melek Apt, NO: 11, K1 D2 34437 Beyo\u011flu\/\u0130stanbul Tax-Identifikationsnummer:Beyoglu VD 6232114088 Gesch\u00e4ftsf\u00fchrer:&nbsp;D. Eronal Internet:&nbsp;https:\/\/most-amazing-places.com\/<\/p>\n","protected":false},"author":6,"featured_media":0,"parent":0,"menu_order":0,"comment_status":"closed","ping_status":"closed","template":"","meta":{"footnotes":""},"class_list":["post-3978","page","type-page","status-publish","hentry","post-wrapper","thrv_wrapper"],"_links":{"self":[{"href":"https:\/\/bluemosque.gen.tr\/de\/wp-json\/wp\/v2\/pages\/3978","targetHints":{"allow":["GET"]}}],"collection":[{"href":"https:\/\/bluemosque.gen.tr\/de\/wp-json\/wp\/v2\/pages"}],"about":[{"href":"https:\/\/bluemosque.gen.tr\/de\/wp-json\/wp\/v2\/types\/page"}],"author":[{"embeddable":true,"href":"https:\/\/bluemosque.gen.tr\/de\/wp-json\/wp\/v2\/users\/6"}],"replies":[{"embeddable":true,"href":"https:\/\/bluemosque.gen.tr\/de\/wp-json\/wp\/v2\/comments?post=3978"}],"version-history":[{"count":7,"href":"https:\/\/bluemosque.gen.tr\/de\/wp-json\/wp\/v2\/pages\/3978\/revisions"}],"predecessor-version":[{"id":4202,"href":"https:\/\/bluemosque.gen.tr\/de\/wp-json\/wp\/v2\/pages\/3978\/revisions\/4202"}],"wp:attachment":[{"href":"https:\/\/bluemosque.gen.tr\/de\/wp-json\/wp\/v2\/media?parent=3978"}],"curies":[{"name":"wp","href":"https:\/\/api.w.org\/{rel}","templated":true}]}}