{"id":4224,"date":"2025-02-17T08:00:15","date_gmt":"2025-02-17T08:00:15","guid":{"rendered":"https:\/\/bluemosque.gen.tr\/affiliate-disclosure\/"},"modified":"2025-08-15T13:45:22","modified_gmt":"2025-08-15T13:45:22","slug":"divulgacion-afiliados","status":"publish","type":"page","link":"https:\/\/bluemosque.gen.tr\/es\/divulgacion-afiliados\/","title":{"rendered":"Divulgaci\u00f3n de afiliados"},"content":{"rendered":"<p>__CONFIG_grupo_edici\u00f3n__{}__CONFIG_grupo_edici\u00f3n__<\/p>\n<h1 style=\"\"><span data-attr-id=\"the_title\" data-extra_key=\"the_title\" data-option-inline=\"1\" data-shortcode=\"thrv_dynamic_data_content\" data-shortcode-name=\"Post title\" style=\"\">Divulgaci\u00f3n de afiliados<\/span><\/h1>\n<p>__CONFIG_grupo_edici\u00f3n__{}__CONFIG_grupo_edici\u00f3n__<\/p>\n<p dir=\"ltr\">En Blue-Mosque.gen.tr, queremos ayudarte a planificar y disfrutar tus viajes con contenido \u00fatil y de calidad. Para mantener y mejorar el sitio, utilizamos enlaces de afiliados. Esto significa que, si reservas a trav\u00e9s de alguno de nuestros enlaces, podemos recibir una peque\u00f1a comisi\u00f3n\u2014sin coste extra para ti. Gracias a esto, podemos seguir ofreciendo contenido gratuito y actualizado.<\/p>\n<h2 dir=\"ltr\">\u00bfPor qu\u00e9 utilizamos enlaces de afiliados?<\/h2>\n<p dir=\"ltr\">Gestionar este sitio lleva tiempo y recursos. Las colaboraciones con afiliados nos ayudan a financiar el trabajo. Solo recomendamos tours, productos y servicios que creemos que realmente mejoran tu experiencia de viaje. Elegimos a nuestros socios con cuidado, pensando en lo que m\u00e1s valoran nuestros lectores.<\/p>\n<h2 dir=\"ltr\">Socios afiliados<\/h2>\n<p dir=\"ltr\">Algunos de nuestros socios afiliados de confianza incluyen:<\/p>\n<ul>\n<li dir=\"ltr\">GetYourGuide<\/li>\n<li dir=\"ltr\">Tiqets<\/li>\n<li dir=\"ltr\">Headout<\/li>\n<li dir=\"ltr\">Viator<\/li>\n<li dir=\"ltr\">Platinumlist<\/li>\n<li dir=\"ltr\">Civitatis<\/li>\n<li dir=\"ltr\">Holafly<\/li>\n<li dir=\"ltr\">Booking.com<\/li>\n<li dir=\"ltr\">Megapass<\/li>\n<li dir=\"ltr\">Musement<\/li>\n<\/ul>\n<p dir=\"ltr\">Tenga en cuenta que esta lista puede cambiar a medida que sumamos nuevas empresas que recomendamos con confianza<\/p>\n<h2 dir=\"ltr\">Compromiso con la honestidad<\/h2>\n<p dir=\"ltr\">Queremos que conf\u00ede en las recomendaciones que le ofrecemos. Si bien recibir una comisi\u00f3n contribuye a nuestro trabajo, nunca influye en el contenido, los temas ni los productos que recomendamos. Nuestro objetivo principal es brindar informaci\u00f3n \u00fatil, honesta y precisa para sus viajes. Cualquier producto o servicio que recomendamos es algo que usar\u00edamos o recomendar\u00edamos personalmente a nuestros amigos y familiares.<\/p>\n<h2 dir=\"ltr\">Tu apoyo importa<\/h2>\n<p dir=\"ltr\">Al usar nuestros enlaces, apoyas el contenido que ofrecemos en Blue-Mosque.gen.tr. \u00a1Gracias por tu confianza! Esto nos permite seguir compartiendo consejos, gu\u00edas y recomendaciones para tus viajes.<\/p>\n<p dir=\"ltr\">Para cualquier consulta sobre nuestros enlaces de afiliado o el contenido que ofrecemos,&nbsp;<a href=\"\/es\/?page_id=4262\" style=\"outline: none;\">estaremos encantados de atenderte.<\/a> .<\/p>\n","protected":false},"excerpt":{"rendered":"<p>__CONFIG_grupo_edici\u00f3n__{}__CONFIG_grupo_edici\u00f3n__ Divulgaci\u00f3n de afiliados __CONFIG_grupo_edici\u00f3n__{}__CONFIG_grupo_edici\u00f3n__ En Blue-Mosque.gen.tr, queremos ayudarte a planificar y disfrutar tus viajes con contenido \u00fatil y de calidad. Para mantener y mejorar el sitio, utilizamos enlaces de afiliados. Esto significa que, si reservas a trav\u00e9s de alguno de nuestros enlaces, podemos recibir una peque\u00f1a comisi\u00f3n\u2014sin coste extra para ti. Gracias a esto, [&hellip;]<\/p>\n","protected":false},"author":4,"featured_media":4225,"parent":0,"menu_order":0,"comment_status":"closed","ping_status":"closed","template":"","meta":{"footnotes":""},"class_list":["post-4224","page","type-page","status-publish","has-post-thumbnail","hentry","post-wrapper","thrv_wrapper"],"_links":{"self":[{"href":"https:\/\/bluemosque.gen.tr\/es\/wp-json\/wp\/v2\/pages\/4224","targetHints":{"allow":["GET"]}}],"collection":[{"href":"https:\/\/bluemosque.gen.tr\/es\/wp-json\/wp\/v2\/pages"}],"about":[{"href":"https:\/\/bluemosque.gen.tr\/es\/wp-json\/wp\/v2\/types\/page"}],"author":[{"embeddable":true,"href":"https:\/\/bluemosque.gen.tr\/es\/wp-json\/wp\/v2\/users\/4"}],"replies":[{"embeddable":true,"href":"https:\/\/bluemosque.gen.tr\/es\/wp-json\/wp\/v2\/comments?post=4224"}],"version-history":[{"count":8,"href":"https:\/\/bluemosque.gen.tr\/es\/wp-json\/wp\/v2\/pages\/4224\/revisions"}],"predecessor-version":[{"id":4736,"href":"https:\/\/bluemosque.gen.tr\/es\/wp-json\/wp\/v2\/pages\/4224\/revisions\/4736"}],"wp:featuredmedia":[{"embeddable":true,"href":"https:\/\/bluemosque.gen.tr\/es\/wp-json\/wp\/v2\/media\/4225"}],"wp:attachment":[{"href":"https:\/\/bluemosque.gen.tr\/es\/wp-json\/wp\/v2\/media?parent=4224"}],"curies":[{"name":"wp","href":"https:\/\/api.w.org\/{rel}","templated":true}]}}