{"id":4228,"date":"2025-02-19T15:29:23","date_gmt":"2025-02-19T15:29:23","guid":{"rendered":"https:\/\/bluemosque.gen.tr\/blue-mosque-dress-code\/"},"modified":"2025-08-17T11:52:33","modified_gmt":"2025-08-17T11:52:33","slug":"como-ir-vestido-a-la-mezquita-azul","status":"publish","type":"page","link":"https:\/\/bluemosque.gen.tr\/es\/como-ir-vestido-a-la-mezquita-azul\/","title":{"rendered":"C\u00f3digo de vestimenta para la Mezquita Azul: qu\u00e9 llevar durante la visita"},"content":{"rendered":"<p>__CONFIG_grupo_edici\u00f3n__{}__CONFIG_grupo_edici\u00f3n__<\/p>\n<h1 style=\"\"><span data-attr-id=\"the_title\" data-extra_key=\"the_title\" data-option-inline=\"1\" data-shortcode=\"thrv_dynamic_data_content\" data-shortcode-name=\"Post title\" style=\"\">C\u00f3digo de vestimenta para la Mezquita Azul: qu\u00e9 llevar durante la visita<\/span><\/h1>\n<p>__CONFIG_grupo_edici\u00f3n__{}__CONFIG_grupo_edici\u00f3n__<\/p>\n<p>La Mezquita Azul es <strong>un lugar de culto activo<\/strong>, y todos los visitantes deben respetar un c\u00f3digo de vestimenta modesta, acorde con las tradiciones isl\u00e1micas. Para disfrutar de una visita tranquila y respetuosa, se recomienda venir preparado con ropa adecuada.Esta gu\u00eda incluye <strong>todo lo que necesita saber sobre el c\u00f3digo de vestimenta de la Mezquita Azul.<\/strong> Explicamos qu\u00e9 est\u00e1 permitido, qu\u00e9 no, y <strong>d\u00f3nde conseguir la ropa apropiada si la necesita.<\/strong>\u2192 Si est\u00e1 planeando una visita, es fundamental conocer los horarios de oraci\u00f3n. Puede consultar la&nbsp;<a href=\"https:\/\/bluemosque.gen.tr\/es\/horarios-de-oracion-mezquita-azul\/\" style=\"outline: none;\"><strong>p\u00e1gina de horarios de oraci\u00f3n y cierres aqu\u00ed.<\/strong><\/a><\/p>\n<h2><strong>Mezquita Azul de Estambul: C\u00f3digo de vestimenta para los visitantes<\/strong><\/h2>\n<p><span><img decoding=\"async\" alt=\"\" data-id=\"3022\" width=\"413\" data-init-width=\"1000\" height=\"275\" data-init-height=\"667\" title=\"C\u00f3digo de vestimenta para mujeres\" loading=\"lazy\" src=\"https:\/\/bluemosque.gen.tr\/wp-content\/uploads\/2025\/02\/Dress-Code-for-Women.jpg\" data-width=\"413\" data-height=\"275\" style=\"aspect-ratio: auto 1000 \/ 667;\"><\/span><\/p>\n<h3><strong>C\u00f3digo de vestimenta para mujeres<\/strong><\/h3>\n<li><strong>Los hombros y las rodillas deben estar cubiertos<\/strong>&nbsp;: no se permiten blusas sin mangas, faldas cortas ni prendas transparentes.<\/li>\n<li><strong>Es obligatorio llevar pa\u00f1uelo en la cabeza<\/strong>&nbsp;: traiga el suyo o adquiera uno en la entrada (1 \u20ac).<\/li>\n<li><strong>Se recomienda ropa holgada<\/strong>&nbsp;tanto por comodidad como por respeto.<\/li>\n<p><span><img decoding=\"async\" alt=\"\" data-id=\"3024\" width=\"413\" data-init-width=\"1000\" height=\"275\" data-init-height=\"667\" title=\"C\u00f3digo de vestimenta para hombres\" loading=\"lazy\" src=\"https:\/\/bluemosque.gen.tr\/wp-content\/uploads\/2025\/02\/Dress-Code-for-Men.jpg\" data-width=\"413\" data-height=\"275\" style=\"aspect-ratio: auto 1000 \/ 667;\"><\/span><\/p>\n<h3><strong>C\u00f3digo de vestimenta para hombres<\/strong><\/h3>\n<li><strong>Las rodillas y los hombros deben estar cubiertos<\/strong>&nbsp;: no se permiten pantalones cortos por encima de la rodilla, camisetas sin mangas ni prendas escotadas.<\/li>\n<li><strong>Se recomiendan<\/strong>&nbsp;a los hombres vestir con pantalones largos o bermudas que cubran la rodilla.<\/li>\n<p><span><img decoding=\"async\" alt=\"\" data-id=\"3023\" width=\"413\" data-init-width=\"1000\" height=\"275\" data-init-height=\"667\" title=\"C\u00f3digo de vestimenta para ni\u00f1os\" loading=\"lazy\" src=\"https:\/\/bluemosque.gen.tr\/wp-content\/uploads\/2025\/02\/Dress-Code-for-Children.jpg\" data-width=\"413\" data-height=\"275\" style=\"aspect-ratio: auto 1000 \/ 667;\"><\/span><\/p>\n<h3><strong>C\u00f3digo de vestimenta para ni\u00f1os<\/strong><\/h3>\n<li>No existe un c\u00f3digo de vestimenta estricto, pero se recomienda que los ni\u00f1os mayores vistan de forma discreta.<\/li>\n<p><span style=\"\"><img decoding=\"async\" alt=\"\" data-id=\"3025\" width=\"413\" data-init-width=\"1000\" height=\"275\" data-init-height=\"667\" title=\"Todos los visitantes se quitan los zapatos.\" loading=\"lazy\" src=\"https:\/\/bluemosque.gen.tr\/wp-content\/uploads\/2025\/02\/All-Visitors-remove-shoes.jpg\" data-width=\"413\" data-height=\"275\" style=\"aspect-ratio: auto 1000 \/ 667;\" ml-d=\"0\" mt-d=\"0\" mt-t=\"0\" ml-t=\"0\" mt-m=\"-10.25\" ml-m=\"0\"><\/span><\/p>\n<h3><strong>Todos los visitantes<\/strong><\/h3>\n<li><strong>Es necesario quitarse los zapatos<\/strong> antes de entrar. Se recomienda llevar una bolsa para los zapatos.<\/li>\n<p style=\"text-align: center;\">C\u00f3digo de vestimenta de la Mezquita Azul<\/p>\n<h2 style=\"text-align: center;\"><strong>\u00bfQu\u00e9 no est\u00e1 permitido?<\/strong><\/h2>\n<ul>\n<li style=\"\"><!--! Font Awesome Free 6.7.1 by @fontawesome - https:\/\/fontawesome.com License - https:\/\/fontawesome.com\/license\/free (Icons: CC BY 4.0, Fonts: SIL OFL 1.1, Code: MIT License) Copyright 2024 Fonticons, Inc. --><span>Pantalones cortos que no cubran la rodilla (hombres y mujeres)<\/span><\/li>\n<li style=\"\"><!--! Font Awesome Free 6.7.1 by @fontawesome - https:\/\/fontawesome.com License - https:\/\/fontawesome.com\/license\/free (Icons: CC BY 4.0, Fonts: SIL OFL 1.1, Code: MIT License) Copyright 2024 Fonticons, Inc. --><span>Tops sin mangas, tops cortos y camisetas de tirantes.<\/span><\/li>\n<li style=\"\"><!--! Font Awesome Free 6.7.1 by @fontawesome - https:\/\/fontawesome.com License - https:\/\/fontawesome.com\/license\/free (Icons: CC BY 4.0, Fonts: SIL OFL 1.1, Code: MIT License) Copyright 2024 Fonticons, Inc. --><span>Ropa transparente<\/span><\/li>\n<li style=\"\"><!--! Font Awesome Free 6.7.1 by @fontawesome - https:\/\/fontawesome.com License - https:\/\/fontawesome.com\/license\/free (Icons: CC BY 4.0, Fonts: SIL OFL 1.1, Code: MIT License) Copyright 2024 Fonticons, Inc. --><span>No se permite el uso de zapatos dentro de la mezquita.<\/span><\/li>\n<\/ul>\n<p><em>\u2192<\/em>&nbsp;Para m\u00e1s informaci\u00f3n sobre las normas y recomendaciones para visitantes, consulte nuestra&nbsp;<a href=\"https:\/\/bluemosque.gen.tr\/es\/mezquita-azul-horario\/\" style=\"outline: none;\" data-lt-tmp-id=\"lt-417953\" spellcheck=\"false\"><strong>Gu\u00eda de informaci\u00f3n para visitantes.<\/strong><\/a><\/p>\n<h2 style=\"text-align: left;\"><strong>\u00bfD\u00f3nde conseguir la vestimenta adecuada para visitar la Mezquita Azul?<\/strong><\/h2>\n<p style=\"text-align: left;\">Para disfrutar de una visita sin contratiempos a la Mezquita Azul, se recomienda traer pa\u00f1uelo,<strong> c\u00e1rdigan y ropa adecuada<\/strong> seg\u00fan el c\u00f3digo de vestimenta. Si lo necesitas, <strong>puedes adquirir pa\u00f1uelos (1\u202f\u20ac) y cubrebocas (3\u202f\u20ac) en la entrada.<\/strong>Adem\u00e1s, muchas <strong>tiendas tur\u00edsticas cercanas<\/strong> ofrecen ropa de abrigo a precios asequibles. Para evitar gastos adicionales y posibles retrasos, lo mejor es <strong>venir preparado con la vestimenta adecuada.<\/strong><\/p>\n<h2 style=\"text-align: left;\"><strong>\u00bfQu\u00e9 hacer con los zapatos antes de entrar a la Mezquita Azul?&nbsp;<\/strong><\/h2>\n<p style=\"text-align: left;\">Antes de entrar en la Mezquita Azul, todos los visitantes deben <strong>quitarse los zapatos<\/strong> como muestra de respeto. Pueden <strong>dejarlos en los estantes habilitados<\/strong> en la entrada o <strong>llevar una bolsa peque\u00f1a para transportarlos c\u00f3modamente.<\/strong>Para mayor comodidad durante la visita, se recomienda<strong> traer una bolsa reutilizable<\/strong> para los zapatos.Una vez dentro, disfrute del impresionante interior y de sus atractivos arquitect\u00f3nicos.<\/p>\n<p>\u2192 Conozca m\u00e1s sobre el <a href=\"https:\/\/bluemosque.gen.tr\/es\/mezquita-azul-interior\/\" style=\"outline: none;\" data-lt-tmp-id=\"lt-730458\" spellcheck=\"false\"><strong>interior de la Mezquita Azul aqu\u00ed.<\/strong><\/a><\/p>\n<h2 style=\"text-align: center;\" id=\"t-1739877976160\">Entradas y visitas guiadas a la Mezquita Azul<\/h2>\n<p style=\"text-align: left;\"><a data-lt-tmp-id=\"lt-407221\" href=\"https:\/\/megapass.com\/tours-tickets\/blue-mosque-tour-with-official-guide-i2201?discountCode=ma-places\" rel=\"nofollow noopener\" spellcheck=\"false\" target=\"_blank\" style=\"outline: none;\">Mejor precio: 16,49 \u20ac<\/a><\/p>\n<p style=\"\"><a href=\"https:\/\/megapass.com\/tours-tickets\/blue-mosque-tour-with-official-guide-i2201?discountCode=ma-places\" target=\"_blank\" rel=\"nofollow noopener\" style=\"outline: none;\" data-lt-tmp-id=\"lt-717599\" spellcheck=\"false\">4.6\/5 (20+ rese\u00f1as)<\/a><\/p>\n<h2 data-qa-marker=\"product-name\"><a data-lt-tmp-id=\"lt-262496\" href=\"https:\/\/megapass.com\/tours-tickets\/blue-mosque-tour-with-official-guide-i2201?discountCode=ma-places\" rel=\"nofollow noopener\" spellcheck=\"false\" style=\"outline: none;\" target=\"_blank\">Tour de la Mezquita Azul con gu\u00eda oficial<\/a><\/h2>\n<h3 style=\"\"><strong>Visita guiada individual m\u00e1s vendida<\/strong><\/h3>\n<p dir=\"ltr\">Descubra la impresionante belleza de la Mezquita Azul con <strong>un gu\u00eda oficial experto.<\/strong> Sum\u00e9rjase en un cautivador <strong>viaje de 60 minutos <\/strong>a trav\u00e9s de esta obra maestra arquitect\u00f3nica.<\/p>\n<p dir=\"ltr\" style=\"\"><strong>Incluye<\/strong>&nbsp;<\/p>\n<ul>\n<li \"=\"\" style=\"\" tve-u-19518c46c27\"=\"\"><strong>60 minutos. Tour de la Mezquita Azul<\/strong><\/li>\n<li \"=\"\" style=\"\" tve-u-19518c46c28\"=\"\"><strong>Gu\u00eda tur\u00edstico <\/strong>de habla inglesa<\/li>\n<li \"=\"\" style=\"\" tve-u-19518c46c29\"=\"\">Estancia ilimitada en el interior despu\u00e9s<\/li>\n<\/ul>\n<p>__CONFIG_colors_palette__{\u00abactive_palette\u00bb:0,\u00bbconfig\u00bb:{\u00abcolors\u00bb:{\u00ab48994\u00bb:{\u00abname\u00bb:\u00bbMain Accent\u00bb,\u00bbparent\u00bb:-1}},\u00bbgradients\u00bb:[]},\u00bbpalettes\u00bb:[{\u00abname\u00bb:\u00bbDefault Palette\u00bb,\u00bbvalue\u00bb:{\u00abcolors\u00bb:{\u00ab48994\u00bb:{\u00abval\u00bb:\u00bbhsla(var(&#8211;tcb-main-master-h, 210), var(&#8211;tcb-main-master-s, 77%), var(&#8211;tcb-main-master-l, 54%), 1)\u00bb}},\u00bbgradients\u00bb:[]},\u00bboriginal\u00bb:{\u00abcolors\u00bb:{\u00ab48994\u00bb:{\u00abval\u00bb:\u00bbrgb(19, 114, 211)\u00bb,\u00bbhsl\u00bb:{\u00abh\u00bb:210,\u00bbs\u00bb:0.83,\u00bbl\u00bb:0.45}}},\u00bbgradients\u00bb:[]}}]}__CONFIG_colors_palette__ <a href=\"https:\/\/megapass.com\/tours-tickets\/blue-mosque-tour-with-official-guide-i2201?discountCode=ma-places\" style=\"\" target=\"_blank\" rel=\"nofollow noopener\"> <span><span>Comprobar disponibilidad<\/span><\/span> <\/a>       <\/p>\n<p style=\"text-align: left;\"><a data-lt-tmp-id=\"lt-666344\" href=\"https:\/\/www.headout.com\/r\/most-amazing-placesrecommends-wDuOQ\/\" rel=\"nofollow noopener\" spellcheck=\"false\" target=\"_blank\" style=\"outline: none;\">Mejor precio: 53,00 \u20ac<\/a><\/p>\n<p style=\"\"><a href=\"https:\/\/www.headout.com\/r\/most-amazing-placesrecommends-wDuOQ\/\" target=\"_blank\" rel=\"nofollow noopener\" style=\"outline: none;\" spellcheck=\"false\">4.3\/5 (m\u00e1s de 1200 rese\u00f1as)<\/a><\/p>\n<h2 data-qa-marker=\"product-name\"><a data-lt-tmp-id=\"lt-262496\" href=\"https:\/\/megapass.com\/tours-tickets\/blue-mosque-tour-with-official-guide-i2201?discountCode=ma-places\" rel=\"nofollow noopener\" spellcheck=\"false\" target=\"_blank\" style=\"outline: none;\"><\/a><a data-lt-tmp-id=\"lt-579726\" href=\"https:\/\/www.headout.com\/r\/most-amazing-placesrecommends-wDuOQ\/\" rel=\"nofollow noopener\" spellcheck=\"false\" style=\"outline: none;\" target=\"_blank\">Visita guiada a la Mezquita Azul y Santa Sof\u00eda con entradas<\/a><\/h2>\n<h3><strong>Combo m\u00e1s vendido con entrada de Hagia Sophia<\/strong><\/h3>\n<p dir=\"ltr\">\u00a1Experimenta las <strong>dos mezquitas m\u00e1s emblem\u00e1ticas de <\/strong>Estambul<strong>!<\/strong> Disfrute de una visita guiada de 1 hora por la impresionante <strong>Mezquita Azul<\/strong>, luego s\u00e1lte las colas y explore la majestuosa <strong>Santa Sof\u00eda <\/strong>a su propio ritmo.<\/p>\n<p dir=\"ltr\"><strong>Incluye<\/strong>&nbsp;<\/p>\n<ul>\n<li><strong>Entradas para la Santa Sof\u00eda<\/strong><\/li>\n<li><strong>Recorrido de 1 hora por Santa Sof\u00eda <\/strong>con gu\u00eda de habla inglesa<\/li>\n<li><strong>Recorrido de 1 hora por la Mezquita Azul <\/strong>con gu\u00eda de habla inglesa<\/li>\n<li><strong>Tour de la ciudad vieja<\/strong><\/li>\n<\/ul>\n<p>__CONFIG_colors_palette__{\u00abactive_palette\u00bb:0,\u00bbconfig\u00bb:{\u00abcolors\u00bb:{\u00ab48994\u00bb:{\u00abname\u00bb:\u00bbMain Accent\u00bb,\u00bbparent\u00bb:-1}},\u00bbgradients\u00bb:[]},\u00bbpalettes\u00bb:[{\u00abname\u00bb:\u00bbDefault Palette\u00bb,\u00bbvalue\u00bb:{\u00abcolors\u00bb:{\u00ab48994\u00bb:{\u00abval\u00bb:\u00bbhsla(var(&#8211;tcb-main-master-h, 210), var(&#8211;tcb-main-master-s, 77%), var(&#8211;tcb-main-master-l, 54%), 1)\u00bb}},\u00bbgradients\u00bb:[]},\u00bboriginal\u00bb:{\u00abcolors\u00bb:{\u00ab48994\u00bb:{\u00abval\u00bb:\u00bbrgb(19, 114, 211)\u00bb,\u00bbhsl\u00bb:{\u00abh\u00bb:210,\u00bbs\u00bb:0.83,\u00bbl\u00bb:0.45}}},\u00bbgradients\u00bb:[]}}]}__CONFIG_colors_palette__ <a href=\"https:\/\/www.headout.com\/r\/most-amazing-placesrecommends-wDuOQ\/\" style=\"\" target=\"_blank\" rel=\"nofollow noopener\"> <span><span>Comprobar disponibilidad<\/span><\/span> <\/a>       <\/p>\n<p style=\"text-align: left;\"><a data-lt-tmp-id=\"lt-504402\" href=\"https:\/\/www.headout.com\/r\/most-amazing-placesrecommends-wEwxH\/\" rel=\"nofollow noopener\" spellcheck=\"false\" target=\"_blank\" style=\"outline: none;\">Mejor precio: 99,00 \u20ac<\/a><\/p>\n<p style=\"\"><a href=\"https:\/\/www.headout.com\/r\/most-amazing-placesrecommends-wEwxH\/\" target=\"_blank\" rel=\"nofollow noopener\" style=\"outline: none;\" data-lt-tmp-id=\"lt-514848\" spellcheck=\"false\">4.3\/5 (m\u00e1s de 800 rese\u00f1as)<\/a><\/p>\n<h2 data-qa-marker=\"product-name\" style=\"\"><a href=\"https:\/\/www.headout.com\/r\/most-amazing-placesrecommends-g7k3S\/\" target=\"_blank\" style=\"outline: none;\" rel=\"nofollow noopener\" data-lt-tmp-id=\"lt-262496\" spellcheck=\"false\"><\/a><a data-lt-tmp-id=\"lt-526701\" href=\"https:\/\/www.headout.com\/r\/most-amazing-placesrecommends-wEwxH\/\" rel=\"nofollow noopener\" spellcheck=\"false\" style=\"outline: none;\" target=\"_blank\">Combo: Cisterna de la Bas\u00edlica + Mezquita Azul + Visita guiada de Santa Sof\u00eda con entradas para saltarse de la cola<\/a><\/h2>\n<h3 style=\"\"><strong>El combo m\u00e1s vendido de Estambul (incluyendo la gira de la Mezquita Azul)<\/strong><\/h3>\n<p>Descubra <strong>los monumentos m\u00e1s emblem\u00e1ticos de Estambul<\/strong>, la Cisterna de la Bas\u00edlica, la Mezquita Azul y Santa Sof\u00eda, con un gu\u00eda experto de habla inglesa.<\/p>\n<p dir=\"ltr\"><strong>Incluye<\/strong>&nbsp;<\/p>\n<ul>\n<li><strong>Cisterna de la Bas\u00edlica: <\/strong>visita guiada de 1 hora + boleto sin cola<\/li>\n<li><strong>Mezquita Azul: <\/strong>visita guiada de 1 hora<\/li>\n<li><strong>Hagia Sophia: <\/strong>billete de salto de cola + visita guiada de 1 hora + gu\u00eda de audio<\/li>\n<\/ul>\n<p>__CONFIG_colors_palette__{\u00abactive_palette\u00bb:0,\u00bbconfig\u00bb:{\u00abcolors\u00bb:{\u00ab48994\u00bb:{\u00abname\u00bb:\u00bbMain Accent\u00bb,\u00bbparent\u00bb:-1}},\u00bbgradients\u00bb:[]},\u00bbpalettes\u00bb:[{\u00abname\u00bb:\u00bbDefault Palette\u00bb,\u00bbvalue\u00bb:{\u00abcolors\u00bb:{\u00ab48994\u00bb:{\u00abval\u00bb:\u00bbhsla(var(&#8211;tcb-main-master-h, 210), var(&#8211;tcb-main-master-s, 77%), var(&#8211;tcb-main-master-l, 54%), 1)\u00bb}},\u00bbgradients\u00bb:[]},\u00bboriginal\u00bb:{\u00abcolors\u00bb:{\u00ab48994\u00bb:{\u00abval\u00bb:\u00bbrgb(19, 114, 211)\u00bb,\u00bbhsl\u00bb:{\u00abh\u00bb:210,\u00bbs\u00bb:0.83,\u00bbl\u00bb:0.45}}},\u00bbgradients\u00bb:[]}}]}__CONFIG_colors_palette__ <a href=\"https:\/\/www.headout.com\/r\/most-amazing-placesrecommends-wEwxH\/\" style=\"\" target=\"_blank\" rel=\"nofollow noopener\"> <span><span>Comprobar disponibilidad<\/span><\/span> <\/a>       <\/p>\n<p style=\"text-align: left;\"><a data-lt-tmp-id=\"lt-428845\" href=\"https:\/\/megapass.com\/tours-tickets\/blue-mosque-tour-and-basilica-cistern-ticket-i2243?discountCode=ma-places\" rel=\"nofollow noopener\" spellcheck=\"false\" target=\"_blank\" style=\"outline: none;\">Mejor precio: 43,00 \u20ac<\/a><\/p>\n<p style=\"\"><a href=\"https:\/\/megapass.com\/tours-tickets\/blue-mosque-tour-and-basilica-cistern-ticket-i2243?discountCode=ma-places\" target=\"_blank\" rel=\"nofollow noopener\" style=\"outline: none;\" data-lt-tmp-id=\"lt-298649\" spellcheck=\"false\">4.9\/5 (20+ rese\u00f1as)<\/a><\/p>\n<h2 data-qa-marker=\"product-name\" style=\"\"><a href=\"https:\/\/www.headout.com\/r\/most-amazing-placesrecommends-g7k3S\/\" target=\"_blank\" style=\"outline: none;\" rel=\"nofollow noopener\" data-lt-tmp-id=\"lt-262496\" spellcheck=\"false\"><\/a><a data-lt-tmp-id=\"lt-398957\" href=\"https:\/\/megapass.com\/tours-tickets\/blue-mosque-tour-and-basilica-cistern-ticket-i2243?discountCode=ma-places\" rel=\"nofollow noopener\" spellcheck=\"false\" style=\"outline: none;\" target=\"_blank\">Tour de la Mezquita Azul y entrada a la cisterna de la Bas\u00edlica<\/a><\/h2>\n<h3 style=\"\"><strong>Combo m\u00e1s vendido con la cisterna de la Bas\u00edlica<\/strong><\/h3>\n<p data-pm-slice=\"1 1 []\"><span style=\"font-size: 14px !important;\">Disfrute de una visita guiada de 60 minutos por la Mezquita Azul, luego s\u00e1ltese las colas y explore la m\u00edstica cisterna de la Bas\u00edlica con una audiogu\u00eda.<\/span><\/p>\n<p dir=\"ltr\"><strong>Incluye<\/strong>&nbsp;<\/p>\n<ul>\n<li><strong>Cisterna de la Bas\u00edlica: <\/strong>Boleto fuera de l\u00ednea + audiogu\u00eda digital<\/li>\n<li><strong>Mezquita Azul: <\/strong>visita guiada de 1 hora con gu\u00eda de habla inglesa<\/li>\n<\/ul>\n<p>__CONFIG_colors_palette__{\u00abactive_palette\u00bb:0,\u00bbconfig\u00bb:{\u00abcolors\u00bb:{\u00ab48994\u00bb:{\u00abname\u00bb:\u00bbMain Accent\u00bb,\u00bbparent\u00bb:-1}},\u00bbgradients\u00bb:[]},\u00bbpalettes\u00bb:[{\u00abname\u00bb:\u00bbDefault Palette\u00bb,\u00bbvalue\u00bb:{\u00abcolors\u00bb:{\u00ab48994\u00bb:{\u00abval\u00bb:\u00bbhsla(var(&#8211;tcb-main-master-h, 210), var(&#8211;tcb-main-master-s, 77%), var(&#8211;tcb-main-master-l, 54%), 1)\u00bb}},\u00bbgradients\u00bb:[]},\u00bboriginal\u00bb:{\u00abcolors\u00bb:{\u00ab48994\u00bb:{\u00abval\u00bb:\u00bbrgb(19, 114, 211)\u00bb,\u00bbhsl\u00bb:{\u00abh\u00bb:210,\u00bbs\u00bb:0.83,\u00bbl\u00bb:0.45}}},\u00bbgradients\u00bb:[]}}]}__CONFIG_colors_palette__ <a href=\"https:\/\/megapass.com\/tours-tickets\/blue-mosque-tour-and-basilica-cistern-ticket-i2243?discountCode=ma-places\" style=\"\" target=\"_blank\" rel=\"nofollow noopener\"> <span><span>Comprobar disponibilidad<\/span><\/span> <\/a>       <\/p>\n<p style=\"text-align: left;\"><a data-lt-tmp-id=\"lt-927647\" href=\"https:\/\/megapass.com\/turkey\/istanbul\/pass?discountCode=ma-places\" rel=\"nofollow noopener\" spellcheck=\"false\" target=\"_blank\" style=\"outline: none;\">Mejor precio: 144,00 \u20ac<\/a><\/p>\n<p style=\"\"><a href=\"https:\/\/megapass.com\/turkey\/istanbul\/pass?discountCode=ma-places\" target=\"_blank\" rel=\"nofollow noopener\" style=\"outline: none;\" data-lt-tmp-id=\"lt-595094\" spellcheck=\"false\">4.7\/5 (20+ rese\u00f1as)<\/a><\/p>\n<h2 data-qa-marker=\"product-name\" style=\"\"><a href=\"https:\/\/www.headout.com\/r\/most-amazing-placesrecommends-g7k3S\/\" target=\"_blank\" style=\"outline: none;\" rel=\"nofollow noopener\" data-lt-tmp-id=\"lt-262496\" spellcheck=\"false\"><\/a><a data-lt-tmp-id=\"lt-398957\" href=\"https:\/\/megapass.com\/turkey\/istanbul\/pass?discountCode=ma-places\" rel=\"nofollow noopener\" spellcheck=\"false\" style=\"outline: none;\" target=\"_blank\">Istanbul City Pass Classic por Megapass<\/a><\/h2>\n<h3 style=\"\"><strong>Pase de la ciudad de primer nivel <\/strong><strong>(incluido el recorrido por la Mezquita Azul)<\/strong><\/h3>\n<p>Con este pase, <strong>visite 2 atracciones principales<\/strong>, disfrute de la Mezquita Azul, navegue por el B\u00f3sforo y acceda al transporte p\u00fablico para <strong>hacer turismo sin complicaciones en Estambul.<\/strong>&nbsp;<\/p>\n<p dir=\"ltr\"><strong>Incluye<\/strong>&nbsp;<\/p>\n<ul>\n<li><strong>Tour de la Mezquita Azul<\/strong><\/li>\n<li><strong>1 Crucero por el B\u00f3sforo<\/strong><\/li>\n<li><strong>Tarjeta de transporte p\u00fablico de 5 viajes<\/strong><\/li>\n<li><strong>2 atracciones adicionales <\/strong>de su elecci\u00f3n<\/li>\n<li><strong>Audiogu\u00eda<\/strong><\/li>\n<\/ul>\n<p>__CONFIG_colors_palette__{\u00abactive_palette\u00bb:0,\u00bbconfig\u00bb:{\u00abcolors\u00bb:{\u00ab48994\u00bb:{\u00abname\u00bb:\u00bbMain Accent\u00bb,\u00bbparent\u00bb:-1}},\u00bbgradients\u00bb:[]},\u00bbpalettes\u00bb:[{\u00abname\u00bb:\u00bbDefault Palette\u00bb,\u00bbvalue\u00bb:{\u00abcolors\u00bb:{\u00ab48994\u00bb:{\u00abval\u00bb:\u00bbhsla(var(&#8211;tcb-main-master-h, 210), var(&#8211;tcb-main-master-s, 77%), var(&#8211;tcb-main-master-l, 54%), 1)\u00bb}},\u00bbgradients\u00bb:[]},\u00bboriginal\u00bb:{\u00abcolors\u00bb:{\u00ab48994\u00bb:{\u00abval\u00bb:\u00bbrgb(19, 114, 211)\u00bb,\u00bbhsl\u00bb:{\u00abh\u00bb:210,\u00bbs\u00bb:0.83,\u00bbl\u00bb:0.45}}},\u00bbgradients\u00bb:[]}}]}__CONFIG_colors_palette__ <a href=\"https:\/\/megapass.com\/turkey\/istanbul\/pass?discountCode=ma-places\" style=\"\" target=\"_blank\" rel=\"nofollow noopener\"> <span><span>Comprobar disponibilidad<\/span><\/span> <\/a>    <a href=\"https:\/\/bluemosque.gen.tr\/es\/horarios-de-oracion-mezquita-azul\/\" dynamic-postlink=\"tcb_post_the_permalink\" data-shortcode-id=\"4237\"><\/a><\/p>\n<p style=\"padding-bottom: 0px !important; margin-bottom: 0px !important;\"><strong>M\u00c1S INFORMACI\u00d3N<\/strong><\/p>\n<h2 style=\"\" id=\"t-1730464049116\"><span data-attr-css=\"\" data-attr-link=\"1\" data-attr-rel=\"0\" data-attr-static-link=\"{&quot;className&quot;:&quot;&quot;,&quot;href&quot;:&quot;https:\/\/bluemosque.gen.tr\/es\/horarios-de-oracion-mezquita-azul\/&quot;,&quot;title&quot;:&quot;Mezquita Azul de Estambul: horarios de oraci\u00f3n y cierres&quot;,&quot;class&quot;:&quot;&quot;}\" data-attr-target=\"0\" data-extra_key=\"\" data-option-inline=\"1\" data-shortcode=\"tcb_post_title\" data-shortcode-name=\"Post title\" style=\"\"><a href=\"https:\/\/bluemosque.gen.tr\/es\/horarios-de-oracion-mezquita-azul\/\" title=\"Mezquita Azul de Estambul: horarios de oraci\u00f3n y cierres\" data-css=\"\">Mezquita Azul de Estambul: horarios de oraci\u00f3n y cierres<\/a><\/span><\/h2>\n<p><a href=\"https:\/\/bluemosque.gen.tr\/es\/mezquita-azul-horario\/\" dynamic-postlink=\"tcb_post_the_permalink\" data-shortcode-id=\"4237\"><\/a><\/p>\n<p style=\"padding-bottom: 0px !important; margin-bottom: 0px !important;\"><strong>M\u00c1S INFORMACI\u00d3N<\/strong><\/p>\n<h2 style=\"\" id=\"t-1730464049116\"><span data-attr-css=\"\" data-attr-link=\"1\" data-attr-rel=\"0\" data-attr-static-link=\"{&quot;className&quot;:&quot;&quot;,&quot;href&quot;:&quot;https:\/\/bluemosque.gen.tr\/es\/horarios-de-oracion-mezquita-azul\/&quot;,&quot;title&quot;:&quot;Mezquita Azul de Estambul: horarios de oraci\u00f3n y cierres&quot;,&quot;class&quot;:&quot;&quot;}\" data-attr-target=\"0\" data-extra_key=\"\" data-option-inline=\"1\" data-shortcode=\"tcb_post_title\" data-shortcode-name=\"Post title\" style=\"\"><a href=\"https:\/\/bluemosque.gen.tr\/es\/mezquita-azul-horario\/\" title=\"Informaci\u00f3n para visitantes de la Mezquita Azul: horarios, mejor momento para la visita y consejos\" data-css=\"\">Informaci\u00f3n para visitantes de la Mezquita Azul: horarios, mejor momento para la visita y consejos<\/a><\/span><\/h2>\n<p><a href=\"javascript:void(0)\"><span><span>Load More<\/span><\/span><\/a><\/p>\n","protected":false},"excerpt":{"rendered":"<p>__CONFIG_grupo_edici\u00f3n__{}__CONFIG_grupo_edici\u00f3n__ C\u00f3digo de vestimenta para la Mezquita Azul: qu\u00e9 llevar durante la visita __CONFIG_grupo_edici\u00f3n__{}__CONFIG_grupo_edici\u00f3n__ La Mezquita Azul es un lugar de culto activo, y todos los visitantes deben respetar un c\u00f3digo de vestimenta modesta, acorde con las tradiciones isl\u00e1micas. Para disfrutar de una visita tranquila y respetuosa, se recomienda venir preparado con ropa adecuada.Esta gu\u00eda [&hellip;]<\/p>\n","protected":false},"author":6,"featured_media":4229,"parent":0,"menu_order":0,"comment_status":"closed","ping_status":"closed","template":"","meta":{"footnotes":""},"class_list":["post-4228","page","type-page","status-publish","has-post-thumbnail","hentry","post-wrapper","thrv_wrapper"],"_links":{"self":[{"href":"https:\/\/bluemosque.gen.tr\/es\/wp-json\/wp\/v2\/pages\/4228","targetHints":{"allow":["GET"]}}],"collection":[{"href":"https:\/\/bluemosque.gen.tr\/es\/wp-json\/wp\/v2\/pages"}],"about":[{"href":"https:\/\/bluemosque.gen.tr\/es\/wp-json\/wp\/v2\/types\/page"}],"author":[{"embeddable":true,"href":"https:\/\/bluemosque.gen.tr\/es\/wp-json\/wp\/v2\/users\/6"}],"replies":[{"embeddable":true,"href":"https:\/\/bluemosque.gen.tr\/es\/wp-json\/wp\/v2\/comments?post=4228"}],"version-history":[{"count":22,"href":"https:\/\/bluemosque.gen.tr\/es\/wp-json\/wp\/v2\/pages\/4228\/revisions"}],"predecessor-version":[{"id":4752,"href":"https:\/\/bluemosque.gen.tr\/es\/wp-json\/wp\/v2\/pages\/4228\/revisions\/4752"}],"wp:featuredmedia":[{"embeddable":true,"href":"https:\/\/bluemosque.gen.tr\/es\/wp-json\/wp\/v2\/media\/4229"}],"wp:attachment":[{"href":"https:\/\/bluemosque.gen.tr\/es\/wp-json\/wp\/v2\/media?parent=4228"}],"curies":[{"name":"wp","href":"https:\/\/api.w.org\/{rel}","templated":true}]}}