{"id":4232,"date":"2025-02-20T08:59:42","date_gmt":"2025-02-20T08:59:42","guid":{"rendered":"https:\/\/bluemosque.gen.tr\/blue-mosque-tickets\/"},"modified":"2025-08-18T19:29:08","modified_gmt":"2025-08-18T19:29:08","slug":"mezquita-azul-entrada","status":"publish","type":"page","link":"https:\/\/bluemosque.gen.tr\/es\/mezquita-azul-entrada\/","title":{"rendered":"Mezquita Azul de Estambul: precio de entrada, entradas y visitas guiadas"},"content":{"rendered":"<h1 style=\"\"><span data-attr-id=\"the_title\" data-extra_key=\"the_title\" data-option-inline=\"1\" data-shortcode=\"thrv_dynamic_data_content\" data-shortcode-name=\"Post title\" style=\"\">Mezquita Azul de Estambul: precio de entrada, entradas y visitas guiadas<\/span><\/h1>\n<p><strong>La Mezquita Azul, tambi\u00e9n conocida como Mezquita de Sultanahmet<\/strong>, es uno de los monumentos m\u00e1s emblem\u00e1ticos de Estambul y atrae a millones de visitantes cada a\u00f1o. <strong>La entrada es gratuita<\/strong>, aunque se<strong>&nbsp;<\/strong><strong>recomienda realizar una visita guiada<\/strong> para apreciar plenamente su historia, arquitectura y valor cultural.<\/p>\n<p>En esta p\u00e1gina encontrar\u00e1 toda la informaci\u00f3n necesaria sobre <strong>el acceso a la&nbsp;Mezquita Azul, tarifas y las mejores visitas guiadas,<\/strong> incluidas <strong>opciones combinadas<\/strong> que permiten explorar otras atracciones cercanas.<\/p>\n<p>\u2192 Para conocer las normas generales de visita y<strong>&nbsp;<\/strong>los horarios m\u00e1s recomendables<strong>,<\/strong> consulte la secci\u00f3n de <a href=\"https:\/\/bluemosque.gen.tr\/es\/mezquita-azul-horario\/\" style=\"outline: none;\"><strong>Informaci\u00f3n para visitantes de la Mezquita Azul.<\/strong><\/a><\/p>\n<h2 style=\"text-align: center;\"><strong>Las entradas m\u00e1s populares para la Mezquita Azul en Turqu\u00eda<\/strong><\/h2>\n<p style=\"text-align: left;\"><a data-lt-tmp-id=\"lt-407221\" href=\"https:\/\/megapass.com\/tours-tickets\/blue-mosque-tour-with-official-guide-i2201?discountCode=ma-places\" rel=\"nofollow noopener\" spellcheck=\"false\" target=\"_blank\" style=\"outline: none;\">Mejor precio: 16,49 \u20ac<\/a><\/p>\n<p style=\"\"><a href=\"https:\/\/megapass.com\/tours-tickets\/blue-mosque-tour-with-official-guide-i2201?discountCode=ma-places\" target=\"_blank\" rel=\"nofollow noopener\" style=\"outline: none;\" data-lt-tmp-id=\"lt-717599\" spellcheck=\"false\">4.6\/5 (20+ rese\u00f1as)<\/a><\/p>\n<h2 data-qa-marker=\"product-name\"><a data-lt-tmp-id=\"lt-262496\" href=\"https:\/\/megapass.com\/tours-tickets\/blue-mosque-tour-with-official-guide-i2201?discountCode=ma-places\" rel=\"nofollow noopener\" spellcheck=\"false\" style=\"outline: none;\" target=\"_blank\">Tour de la Mezquita Azul con gu\u00eda oficial<\/a><\/h2>\n<h3 style=\"\"><strong>Visita guiada individual m\u00e1s vendida<\/strong><\/h3>\n<p dir=\"ltr\">Descubra la impresionante belleza de la Mezquita Azul con <strong>un gu\u00eda oficial experto.<\/strong> Sum\u00e9rjase en un cautivador <strong>viaje de 60 minutos <\/strong>a trav\u00e9s de esta obra maestra arquitect\u00f3nica.<\/p>\n<p dir=\"ltr\" style=\"\"><strong>Incluye<\/strong>&nbsp;<\/p>\n<ul>\n<li \"=\"\" style=\"\" tve-u-19518c46c27\"=\"\"><strong>60 minutos. Tour de la Mezquita Azul<\/strong><\/li>\n<li \"=\"\" style=\"\" tve-u-19518c46c28\"=\"\"><strong>Gu\u00eda tur\u00edstico <\/strong>de habla inglesa<\/li>\n<li \"=\"\" style=\"\" tve-u-19518c46c29\"=\"\">Estancia ilimitada en el interior despu\u00e9s<\/li>\n<\/ul>\n<p>__CONFIG_colors_palette__{\u00abactive_palette\u00bb:0,\u00bbconfig\u00bb:{\u00abcolors\u00bb:{\u00ab48994\u00bb:{\u00abname\u00bb:\u00bbMain Accent\u00bb,\u00bbparent\u00bb:-1}},\u00bbgradients\u00bb:[]},\u00bbpalettes\u00bb:[{\u00abname\u00bb:\u00bbDefault Palette\u00bb,\u00bbvalue\u00bb:{\u00abcolors\u00bb:{\u00ab48994\u00bb:{\u00abval\u00bb:\u00bbhsla(var(&#8211;tcb-main-master-h, 210), var(&#8211;tcb-main-master-s, 77%), var(&#8211;tcb-main-master-l, 54%), 1)\u00bb}},\u00bbgradients\u00bb:[]},\u00bboriginal\u00bb:{\u00abcolors\u00bb:{\u00ab48994\u00bb:{\u00abval\u00bb:\u00bbrgb(19, 114, 211)\u00bb,\u00bbhsl\u00bb:{\u00abh\u00bb:210,\u00bbs\u00bb:0.83,\u00bbl\u00bb:0.45}}},\u00bbgradients\u00bb:[]}}]}__CONFIG_colors_palette__ <a href=\"https:\/\/megapass.com\/tours-tickets\/blue-mosque-tour-with-official-guide-i2201?discountCode=ma-places\" style=\"\" target=\"_blank\" rel=\"nofollow noopener\"> <span><span>Comprobar disponibilidad<\/span><\/span> <\/a>       <\/p>\n<p style=\"text-align: left;\"><a data-lt-tmp-id=\"lt-666344\" href=\"https:\/\/www.headout.com\/r\/most-amazing-placesrecommends-wDuOQ\/\" rel=\"nofollow noopener\" spellcheck=\"false\" target=\"_blank\" style=\"outline: none;\">Mejor precio: 53,00 \u20ac<\/a><\/p>\n<p style=\"\"><a href=\"https:\/\/www.headout.com\/r\/most-amazing-placesrecommends-wDuOQ\/\" target=\"_blank\" rel=\"nofollow noopener\" style=\"outline: none;\" spellcheck=\"false\">4.3\/5 (m\u00e1s de 1200 rese\u00f1as)<\/a><\/p>\n<h2 data-qa-marker=\"product-name\"><a data-lt-tmp-id=\"lt-262496\" href=\"https:\/\/megapass.com\/tours-tickets\/blue-mosque-tour-with-official-guide-i2201?discountCode=ma-places\" rel=\"nofollow noopener\" spellcheck=\"false\" target=\"_blank\" style=\"outline: none;\"><\/a><a data-lt-tmp-id=\"lt-579726\" href=\"https:\/\/www.headout.com\/r\/most-amazing-placesrecommends-wDuOQ\/\" rel=\"nofollow noopener\" spellcheck=\"false\" style=\"outline: none;\" target=\"_blank\">Visita guiada a la Mezquita Azul y Santa Sof\u00eda con entradas<\/a><\/h2>\n<h3><strong>Combo m\u00e1s vendido con entrada de Hagia Sophia<\/strong><\/h3>\n<p dir=\"ltr\">\u00a1Experimenta las <strong>dos mezquitas m\u00e1s emblem\u00e1ticas de <\/strong>Estambul<strong>!<\/strong> Disfrute de una visita guiada de 1 hora por la impresionante <strong>Mezquita Azul<\/strong>, luego s\u00e1lte las colas y explore la majestuosa <strong>Santa Sof\u00eda <\/strong>a su propio ritmo.<\/p>\n<p dir=\"ltr\"><strong>Incluye<\/strong>&nbsp;<\/p>\n<ul>\n<li><strong>Entradas para la Santa Sof\u00eda<\/strong><\/li>\n<li><strong>Recorrido de 1 hora por Santa Sof\u00eda <\/strong>con gu\u00eda de habla inglesa<\/li>\n<li><strong>Recorrido de 1 hora por la Mezquita Azul <\/strong>con gu\u00eda de habla inglesa<\/li>\n<li><strong>Tour de la ciudad vieja<\/strong><\/li>\n<\/ul>\n<p>__CONFIG_colors_palette__{\u00abactive_palette\u00bb:0,\u00bbconfig\u00bb:{\u00abcolors\u00bb:{\u00ab48994\u00bb:{\u00abname\u00bb:\u00bbMain Accent\u00bb,\u00bbparent\u00bb:-1}},\u00bbgradients\u00bb:[]},\u00bbpalettes\u00bb:[{\u00abname\u00bb:\u00bbDefault Palette\u00bb,\u00bbvalue\u00bb:{\u00abcolors\u00bb:{\u00ab48994\u00bb:{\u00abval\u00bb:\u00bbhsla(var(&#8211;tcb-main-master-h, 210), var(&#8211;tcb-main-master-s, 77%), var(&#8211;tcb-main-master-l, 54%), 1)\u00bb}},\u00bbgradients\u00bb:[]},\u00bboriginal\u00bb:{\u00abcolors\u00bb:{\u00ab48994\u00bb:{\u00abval\u00bb:\u00bbrgb(19, 114, 211)\u00bb,\u00bbhsl\u00bb:{\u00abh\u00bb:210,\u00bbs\u00bb:0.83,\u00bbl\u00bb:0.45}}},\u00bbgradients\u00bb:[]}}]}__CONFIG_colors_palette__ <a href=\"https:\/\/www.headout.com\/r\/most-amazing-placesrecommends-wDuOQ\/\" style=\"\" target=\"_blank\" rel=\"nofollow noopener\"> <span><span>Comprobar disponibilidad<\/span><\/span> <\/a>       <\/p>\n<p style=\"text-align: left;\"><a data-lt-tmp-id=\"lt-504402\" href=\"https:\/\/www.headout.com\/r\/most-amazing-placesrecommends-wEwxH\/\" rel=\"nofollow noopener\" spellcheck=\"false\" target=\"_blank\" style=\"outline: none;\">Mejor precio: 99,00 \u20ac<\/a><\/p>\n<p style=\"\"><a href=\"https:\/\/www.headout.com\/r\/most-amazing-placesrecommends-wEwxH\/\" target=\"_blank\" rel=\"nofollow noopener\" style=\"outline: none;\" data-lt-tmp-id=\"lt-514848\" spellcheck=\"false\">4.3\/5 (m\u00e1s de 800 rese\u00f1as)<\/a><\/p>\n<h2 data-qa-marker=\"product-name\" style=\"\"><a href=\"https:\/\/www.headout.com\/r\/most-amazing-placesrecommends-g7k3S\/\" target=\"_blank\" style=\"outline: none;\" rel=\"nofollow noopener\" data-lt-tmp-id=\"lt-262496\" spellcheck=\"false\"><\/a><a data-lt-tmp-id=\"lt-526701\" href=\"https:\/\/www.headout.com\/r\/most-amazing-placesrecommends-wEwxH\/\" rel=\"nofollow noopener\" spellcheck=\"false\" style=\"outline: none;\" target=\"_blank\">Combo: Cisterna de la Bas\u00edlica + Mezquita Azul + Visita guiada de Santa Sof\u00eda con entradas para saltarse de la cola<\/a><\/h2>\n<h3 style=\"\"><strong>El combo m\u00e1s vendido de Estambul (incluyendo la gira de la Mezquita Azul)<\/strong><\/h3>\n<p>Descubra <strong>los monumentos m\u00e1s emblem\u00e1ticos de Estambul<\/strong>, la Cisterna de la Bas\u00edlica, la Mezquita Azul y Santa Sof\u00eda, con un gu\u00eda experto de habla inglesa.<\/p>\n<p dir=\"ltr\"><strong>Incluye<\/strong>&nbsp;<\/p>\n<ul>\n<li><strong>Cisterna de la Bas\u00edlica: <\/strong>visita guiada de 1 hora + boleto sin cola<\/li>\n<li><strong>Mezquita Azul: <\/strong>visita guiada de 1 hora<\/li>\n<li><strong>Hagia Sophia: <\/strong>billete de salto de cola + visita guiada de 1 hora + gu\u00eda de audio<\/li>\n<\/ul>\n<p>__CONFIG_colors_palette__{\u00abactive_palette\u00bb:0,\u00bbconfig\u00bb:{\u00abcolors\u00bb:{\u00ab48994\u00bb:{\u00abname\u00bb:\u00bbMain Accent\u00bb,\u00bbparent\u00bb:-1}},\u00bbgradients\u00bb:[]},\u00bbpalettes\u00bb:[{\u00abname\u00bb:\u00bbDefault Palette\u00bb,\u00bbvalue\u00bb:{\u00abcolors\u00bb:{\u00ab48994\u00bb:{\u00abval\u00bb:\u00bbhsla(var(&#8211;tcb-main-master-h, 210), var(&#8211;tcb-main-master-s, 77%), var(&#8211;tcb-main-master-l, 54%), 1)\u00bb}},\u00bbgradients\u00bb:[]},\u00bboriginal\u00bb:{\u00abcolors\u00bb:{\u00ab48994\u00bb:{\u00abval\u00bb:\u00bbrgb(19, 114, 211)\u00bb,\u00bbhsl\u00bb:{\u00abh\u00bb:210,\u00bbs\u00bb:0.83,\u00bbl\u00bb:0.45}}},\u00bbgradients\u00bb:[]}}]}__CONFIG_colors_palette__ <a href=\"https:\/\/www.headout.com\/r\/most-amazing-placesrecommends-wEwxH\/\" style=\"\" target=\"_blank\" rel=\"nofollow noopener\"> <span><span>Comprobar disponibilidad<\/span><\/span> <\/a>       <\/p>\n<p style=\"text-align: left;\"><a data-lt-tmp-id=\"lt-428845\" href=\"https:\/\/megapass.com\/tours-tickets\/blue-mosque-tour-and-basilica-cistern-ticket-i2243?discountCode=ma-places\" rel=\"nofollow noopener\" spellcheck=\"false\" target=\"_blank\" style=\"outline: none;\">Mejor precio: 43,00 \u20ac<\/a><\/p>\n<p style=\"\"><a href=\"https:\/\/megapass.com\/tours-tickets\/blue-mosque-tour-and-basilica-cistern-ticket-i2243?discountCode=ma-places\" target=\"_blank\" rel=\"nofollow noopener\" style=\"outline: none;\" data-lt-tmp-id=\"lt-298649\" spellcheck=\"false\">4.9\/5 (20+ rese\u00f1as)<\/a><\/p>\n<h2 data-qa-marker=\"product-name\" style=\"\"><a href=\"https:\/\/www.headout.com\/r\/most-amazing-placesrecommends-g7k3S\/\" target=\"_blank\" style=\"outline: none;\" rel=\"nofollow noopener\" data-lt-tmp-id=\"lt-262496\" spellcheck=\"false\"><\/a><a data-lt-tmp-id=\"lt-398957\" href=\"https:\/\/megapass.com\/tours-tickets\/blue-mosque-tour-and-basilica-cistern-ticket-i2243?discountCode=ma-places\" rel=\"nofollow noopener\" spellcheck=\"false\" style=\"outline: none;\" target=\"_blank\">Tour de la Mezquita Azul y entrada a la cisterna de la Bas\u00edlica<\/a><\/h2>\n<h3 style=\"\"><strong>Combo m\u00e1s vendido con la cisterna de la Bas\u00edlica<\/strong><\/h3>\n<p data-pm-slice=\"1 1 []\"><span style=\"font-size: 14px !important;\">Disfrute de una visita guiada de 60 minutos por la Mezquita Azul, luego s\u00e1ltese las colas y explore la m\u00edstica cisterna de la Bas\u00edlica con una audiogu\u00eda.<\/span><\/p>\n<p dir=\"ltr\"><strong>Incluye<\/strong>&nbsp;<\/p>\n<ul>\n<li><strong>Cisterna de la Bas\u00edlica: <\/strong>Boleto fuera de l\u00ednea + audiogu\u00eda digital<\/li>\n<li><strong>Mezquita Azul: <\/strong>visita guiada de 1 hora con gu\u00eda de habla inglesa<\/li>\n<\/ul>\n<p>__CONFIG_colors_palette__{\u00abactive_palette\u00bb:0,\u00bbconfig\u00bb:{\u00abcolors\u00bb:{\u00ab48994\u00bb:{\u00abname\u00bb:\u00bbMain Accent\u00bb,\u00bbparent\u00bb:-1}},\u00bbgradients\u00bb:[]},\u00bbpalettes\u00bb:[{\u00abname\u00bb:\u00bbDefault Palette\u00bb,\u00bbvalue\u00bb:{\u00abcolors\u00bb:{\u00ab48994\u00bb:{\u00abval\u00bb:\u00bbhsla(var(&#8211;tcb-main-master-h, 210), var(&#8211;tcb-main-master-s, 77%), var(&#8211;tcb-main-master-l, 54%), 1)\u00bb}},\u00bbgradients\u00bb:[]},\u00bboriginal\u00bb:{\u00abcolors\u00bb:{\u00ab48994\u00bb:{\u00abval\u00bb:\u00bbrgb(19, 114, 211)\u00bb,\u00bbhsl\u00bb:{\u00abh\u00bb:210,\u00bbs\u00bb:0.83,\u00bbl\u00bb:0.45}}},\u00bbgradients\u00bb:[]}}]}__CONFIG_colors_palette__ <a href=\"https:\/\/megapass.com\/tours-tickets\/blue-mosque-tour-and-basilica-cistern-ticket-i2243?discountCode=ma-places\" style=\"\" target=\"_blank\" rel=\"nofollow noopener\"> <span><span>Comprobar disponibilidad<\/span><\/span> <\/a>       <\/p>\n<p style=\"text-align: left;\"><a data-lt-tmp-id=\"lt-927647\" href=\"https:\/\/megapass.com\/turkey\/istanbul\/pass?discountCode=ma-places\" rel=\"nofollow noopener\" spellcheck=\"false\" target=\"_blank\" style=\"outline: none;\">Mejor precio: 144,00 \u20ac<\/a><\/p>\n<p style=\"\"><a href=\"https:\/\/megapass.com\/turkey\/istanbul\/pass?discountCode=ma-places\" target=\"_blank\" rel=\"nofollow noopener\" style=\"outline: none;\" data-lt-tmp-id=\"lt-595094\" spellcheck=\"false\">4.7\/5 (20+ rese\u00f1as)<\/a><\/p>\n<h2 data-qa-marker=\"product-name\" style=\"\"><a href=\"https:\/\/www.headout.com\/r\/most-amazing-placesrecommends-g7k3S\/\" target=\"_blank\" style=\"outline: none;\" rel=\"nofollow noopener\" data-lt-tmp-id=\"lt-262496\" spellcheck=\"false\"><\/a><a data-lt-tmp-id=\"lt-398957\" href=\"https:\/\/megapass.com\/turkey\/istanbul\/pass?discountCode=ma-places\" rel=\"nofollow noopener\" spellcheck=\"false\" style=\"outline: none;\" target=\"_blank\">Istanbul City Pass Classic por Megapass<\/a><\/h2>\n<h3 style=\"\"><strong>Pase de la ciudad de primer nivel <\/strong><strong>(incluido el recorrido por la Mezquita Azul)<\/strong><\/h3>\n<p>Con este pase, <strong>visite 2 atracciones principales<\/strong>, disfrute de la Mezquita Azul, navegue por el B\u00f3sforo y acceda al transporte p\u00fablico para <strong>hacer turismo sin complicaciones en Estambul.<\/strong>&nbsp;<\/p>\n<p dir=\"ltr\"><strong>Incluye<\/strong>&nbsp;<\/p>\n<ul>\n<li><strong>Tour de la Mezquita Azul<\/strong><\/li>\n<li><strong>1 Crucero por el B\u00f3sforo<\/strong><\/li>\n<li><strong>Tarjeta de transporte p\u00fablico de 5 viajes<\/strong><\/li>\n<li><strong>2 atracciones adicionales <\/strong>de su elecci\u00f3n<\/li>\n<li><strong>Audiogu\u00eda<\/strong><\/li>\n<\/ul>\n<p>__CONFIG_colors_palette__{\u00abactive_palette\u00bb:0,\u00bbconfig\u00bb:{\u00abcolors\u00bb:{\u00ab48994\u00bb:{\u00abname\u00bb:\u00bbMain Accent\u00bb,\u00bbparent\u00bb:-1}},\u00bbgradients\u00bb:[]},\u00bbpalettes\u00bb:[{\u00abname\u00bb:\u00bbDefault Palette\u00bb,\u00bbvalue\u00bb:{\u00abcolors\u00bb:{\u00ab48994\u00bb:{\u00abval\u00bb:\u00bbhsla(var(&#8211;tcb-main-master-h, 210), var(&#8211;tcb-main-master-s, 77%), var(&#8211;tcb-main-master-l, 54%), 1)\u00bb}},\u00bbgradients\u00bb:[]},\u00bboriginal\u00bb:{\u00abcolors\u00bb:{\u00ab48994\u00bb:{\u00abval\u00bb:\u00bbrgb(19, 114, 211)\u00bb,\u00bbhsl\u00bb:{\u00abh\u00bb:210,\u00bbs\u00bb:0.83,\u00bbl\u00bb:0.45}}},\u00bbgradients\u00bb:[]}}]}__CONFIG_colors_palette__ <a href=\"https:\/\/megapass.com\/turkey\/istanbul\/pass?discountCode=ma-places\" style=\"\" target=\"_blank\" rel=\"nofollow noopener\"> <span><span>Comprobar disponibilidad<\/span><\/span> <\/a>    <span style=\"\"><img decoding=\"async\" alt=\"\" data-id=\"3236\" width=\"916\" data-init-width=\"1200\" height=\"481\" data-init-height=\"630\" title=\"Blue Mosque Istanbul_ Entry Fee, Tickets &amp; Tours\" src=\"https:\/\/bluemosque.gen.tr\/wp-content\/uploads\/2025\/02\/Blue-Mosque-Istanbul_-Entry-Fee-Tickets-Tours-1.jpg\" data-width=\"916\" data-height=\"481\" style=\"aspect-ratio: auto 1200 \/ 630;\" ml-d=\"0\" mt-d=\"-96.18700000000001\" center-v-d=\"false\" mt-t=\"-104\" mt-m=\"0\" ml-m=\"0\" center-h-m=\"false\" loading=\"lazy\"><span style=\"\"><\/span><\/span><\/p>\n<h2 style=\"text-align: center;\"><strong>Preguntas frecuentes \u2013 Mezquita Azul Estambul: Entradas y acceso<\/strong><\/h2>\n<h3><strong>\u00bfLa entrada a la Mezquita Azul es gratuita?<\/strong><\/h3>\n<p>S\u00ed, la entrada es gratuita porque sigue siendo un lugar de culto activo. Todos los visitantes deben pasar por un control de seguridad obligatorio, que puede tardar hasta 30 minutos en temporada baja y hasta 1 hora en temporada alta. Se aceptan donativos.<\/p>\n<h3><strong>\u00bfNecesito entrada para acceder a la Mezquita Azul?<\/strong><\/h3>\n<p>No, <strong>no se necesita entrada.<\/strong> Pero recomendamos hacer una visita guiada. <a href=\"https:\/\/bluemosque.gen.tr\/es\/mezquita-azul-entrada\/\" style=\"outline: none;\"><strong>Consulta aqu\u00ed los tours mejor valorados.<\/strong><\/a><\/p>\n<h3><strong>\u00bfPuedo entrar durante los horarios de oraci\u00f3n?<\/strong><\/h3>\n<p>No, la mezquita no est\u00e1 abierta a visitantes durante la oraci\u00f3n. Consulta nuestra p\u00e1gina de horarios para saber cu\u00e1ndo puedes entrar.<\/p>\n<h3><strong>\u00bfCu\u00e1l es el precio de entrada a la Mezquita Azul?<\/strong><\/h3>\n<p>La entrada es gratuita. Si quieres hacer una visita guiada, el precio var\u00eda seg\u00fan lo que incluya (Santa Sof\u00eda, Palacio Topkapi o Cisterna Bas\u00edlica).<\/p>\n<h3><strong>\u00bfVale la pena hacer una visita guiada?<\/strong><\/h3>\n<p>S\u00ed, una visita guiada mejora mucho la experiencia: aprender\u00e1s sobre la historia, la cultura y los detalles que no se explican en una visita por libre. Adem\u00e1s, te ayuda a evitar colas y horarios de oraci\u00f3n.&gt;&gt; Descubre aqu\u00ed nuestras <a href=\"https:\/\/bluemosque.gen.tr\/es\/mezquita-azul-entrada\/\" style=\"outline: none;\"><strong>visitas guiadas recomendadas.<\/strong><\/a><\/p>\n<p><a href=\"https:\/\/bluemosque.gen.tr\/es\/hoteles-cerca-de-la-mezquita-azul\/\" dynamic-postlink=\"tcb_post_the_permalink\" data-shortcode-id=\"4287\"><\/a><\/p>\n<p style=\"padding-bottom: 0px !important; margin-bottom: 0px !important;\"><strong>M\u00c1S INFORMACI\u00d3N<\/strong><\/p>\n<h2 style=\"\" id=\"t-1730464049116\"><span data-attr-css=\"\" data-attr-link=\"1\" data-attr-rel=\"0\" data-attr-static-link=\"{&quot;className&quot;:&quot;&quot;,&quot;href&quot;:&quot;https:\/\/bluemosque.gen.tr\/es\/hoteles-cerca-de-la-mezquita-azul\/&quot;,&quot;title&quot;:&quot;Hoteles recomendados cerca de la Mezquita Azul en Estambul&quot;,&quot;class&quot;:&quot;&quot;}\" data-attr-target=\"0\" data-extra_key=\"\" data-option-inline=\"1\" data-shortcode=\"tcb_post_title\" data-shortcode-name=\"Post title\" style=\"\"><a href=\"https:\/\/bluemosque.gen.tr\/es\/hoteles-cerca-de-la-mezquita-azul\/\" title=\"Hoteles recomendados cerca de la Mezquita Azul en Estambul\" data-css=\"\">Hoteles recomendados cerca de la Mezquita Azul en Estambul<\/a><\/span><\/h2>\n<p><a href=\"https:\/\/bluemosque.gen.tr\/es\/plaza-sultanahmet\/\" dynamic-postlink=\"tcb_post_the_permalink\" data-shortcode-id=\"4287\"><\/a><\/p>\n<p style=\"padding-bottom: 0px !important; margin-bottom: 0px !important;\"><strong>M\u00c1S INFORMACI\u00d3N<\/strong><\/p>\n<h2 style=\"\" id=\"t-1730464049116\"><span data-attr-css=\"\" data-attr-link=\"1\" data-attr-rel=\"0\" data-attr-static-link=\"{&quot;className&quot;:&quot;&quot;,&quot;href&quot;:&quot;https:\/\/bluemosque.gen.tr\/es\/hoteles-cerca-de-la-mezquita-azul\/&quot;,&quot;title&quot;:&quot;Hoteles recomendados cerca de la Mezquita Azul en Estambul&quot;,&quot;class&quot;:&quot;&quot;}\" data-attr-target=\"0\" data-extra_key=\"\" data-option-inline=\"1\" data-shortcode=\"tcb_post_title\" data-shortcode-name=\"Post title\" style=\"\"><a href=\"https:\/\/bluemosque.gen.tr\/es\/plaza-sultanahmet\/\" title=\"Plaza de Sultanahmet y alrededores: el coraz\u00f3n hist\u00f3rico de Estambul\" data-css=\"\">Plaza de Sultanahmet y alrededores: el coraz\u00f3n hist\u00f3rico de Estambul<\/a><\/span><\/h2>\n<p><a href=\"javascript:void(0)\"><span><span>Load More<\/span><\/span><\/a><\/p>\n","protected":false},"excerpt":{"rendered":"<p>Mezquita Azul de Estambul: precio de entrada, entradas y visitas guiadas La Mezquita Azul, tambi\u00e9n conocida como Mezquita de Sultanahmet, es uno de los monumentos m\u00e1s emblem\u00e1ticos de Estambul y atrae a millones de visitantes cada a\u00f1o. La entrada es gratuita, aunque se&nbsp;recomienda realizar una visita guiada para apreciar plenamente su historia, arquitectura y valor [&hellip;]<\/p>\n","protected":false},"author":6,"featured_media":4233,"parent":0,"menu_order":0,"comment_status":"closed","ping_status":"closed","template":"","meta":{"footnotes":""},"class_list":["post-4232","page","type-page","status-publish","has-post-thumbnail","hentry","post-wrapper","thrv_wrapper"],"_links":{"self":[{"href":"https:\/\/bluemosque.gen.tr\/es\/wp-json\/wp\/v2\/pages\/4232","targetHints":{"allow":["GET"]}}],"collection":[{"href":"https:\/\/bluemosque.gen.tr\/es\/wp-json\/wp\/v2\/pages"}],"about":[{"href":"https:\/\/bluemosque.gen.tr\/es\/wp-json\/wp\/v2\/types\/page"}],"author":[{"embeddable":true,"href":"https:\/\/bluemosque.gen.tr\/es\/wp-json\/wp\/v2\/users\/6"}],"replies":[{"embeddable":true,"href":"https:\/\/bluemosque.gen.tr\/es\/wp-json\/wp\/v2\/comments?post=4232"}],"version-history":[{"count":11,"href":"https:\/\/bluemosque.gen.tr\/es\/wp-json\/wp\/v2\/pages\/4232\/revisions"}],"predecessor-version":[{"id":4979,"href":"https:\/\/bluemosque.gen.tr\/es\/wp-json\/wp\/v2\/pages\/4232\/revisions\/4979"}],"wp:featuredmedia":[{"embeddable":true,"href":"https:\/\/bluemosque.gen.tr\/es\/wp-json\/wp\/v2\/media\/4233"}],"wp:attachment":[{"href":"https:\/\/bluemosque.gen.tr\/es\/wp-json\/wp\/v2\/media?parent=4232"}],"curies":[{"name":"wp","href":"https:\/\/api.w.org\/{rel}","templated":true}]}}