{"id":4262,"date":"2025-02-14T14:29:49","date_gmt":"2025-02-14T14:29:49","guid":{"rendered":"https:\/\/bluemosque.gen.tr\/contact\/"},"modified":"2025-08-15T13:45:21","modified_gmt":"2025-08-15T13:45:21","slug":"contacto","status":"publish","type":"page","link":"https:\/\/bluemosque.gen.tr\/es\/contacto\/","title":{"rendered":"Contacto"},"content":{"rendered":"<p>__CONFIG_grupo_edici\u00f3n__{}__CONFIG_grupo_edici\u00f3n__<\/p>\n<h1 style=\"\"><span data-attr-id=\"the_title\" data-extra_key=\"the_title\" data-option-inline=\"1\" data-shortcode=\"thrv_dynamic_data_content\" data-shortcode-name=\"Post title\" style=\"\">Contacto<\/span><\/h1>\n<p>__CONFIG_grupo_edici\u00f3n__{}__CONFIG_grupo_edici\u00f3n__<\/p>\n<h2 style=\"\">\u00bfNecesitas ayuda?<\/h2>\n<h4 style=\"\">Estamos aqu\u00ed para ti.<\/h4>\n<p><span><img decoding=\"async\" alt=\"\" data-id=\"2764\" width=\"500\" data-init-width=\"1000\" height=\"300\" data-init-height=\"600\" title=\"Vista a\u00e9rea de Estambul, Turqu\u00eda, con drones\" loading=\"lazy\" src=\"https:\/\/bluemosque.gen.tr\/wp-content\/uploads\/2025\/02\/Blue-Mosque-Gallery-1.jpg\" data-width=\"500\" data-height=\"300\" style=\"aspect-ratio: auto 1000 \/ 600;\"><\/span><\/p>\n","protected":false},"excerpt":{"rendered":"<p>__CONFIG_grupo_edici\u00f3n__{}__CONFIG_grupo_edici\u00f3n__ Contacto __CONFIG_grupo_edici\u00f3n__{}__CONFIG_grupo_edici\u00f3n__ \u00bfNecesitas ayuda? Estamos aqu\u00ed para ti.<\/p>\n","protected":false},"author":4,"featured_media":4225,"parent":0,"menu_order":0,"comment_status":"closed","ping_status":"closed","template":"","meta":{"footnotes":""},"class_list":["post-4262","page","type-page","status-publish","has-post-thumbnail","hentry","post-wrapper","thrv_wrapper"],"_links":{"self":[{"href":"https:\/\/bluemosque.gen.tr\/es\/wp-json\/wp\/v2\/pages\/4262","targetHints":{"allow":["GET"]}}],"collection":[{"href":"https:\/\/bluemosque.gen.tr\/es\/wp-json\/wp\/v2\/pages"}],"about":[{"href":"https:\/\/bluemosque.gen.tr\/es\/wp-json\/wp\/v2\/types\/page"}],"author":[{"embeddable":true,"href":"https:\/\/bluemosque.gen.tr\/es\/wp-json\/wp\/v2\/users\/4"}],"replies":[{"embeddable":true,"href":"https:\/\/bluemosque.gen.tr\/es\/wp-json\/wp\/v2\/comments?post=4262"}],"version-history":[{"count":4,"href":"https:\/\/bluemosque.gen.tr\/es\/wp-json\/wp\/v2\/pages\/4262\/revisions"}],"predecessor-version":[{"id":4702,"href":"https:\/\/bluemosque.gen.tr\/es\/wp-json\/wp\/v2\/pages\/4262\/revisions\/4702"}],"wp:featuredmedia":[{"embeddable":true,"href":"https:\/\/bluemosque.gen.tr\/es\/wp-json\/wp\/v2\/media\/4225"}],"wp:attachment":[{"href":"https:\/\/bluemosque.gen.tr\/es\/wp-json\/wp\/v2\/media?parent=4262"}],"curies":[{"name":"wp","href":"https:\/\/api.w.org\/{rel}","templated":true}]}}