{"id":4266,"date":"2025-02-20T11:56:46","date_gmt":"2025-02-20T11:56:46","guid":{"rendered":"https:\/\/bluemosque.gen.tr\/faq\/"},"modified":"2025-08-17T11:58:07","modified_gmt":"2025-08-17T11:58:07","slug":"preguntas-frecuentas-mezquita-azul","status":"publish","type":"page","link":"https:\/\/bluemosque.gen.tr\/es\/preguntas-frecuentas-mezquita-azul\/","title":{"rendered":"Preguntas frecuentes sobre la Mezquita Azul en Turqu\u00eda"},"content":{"rendered":"<p>__CONFIG_grupo_edici\u00f3n__{}__CONFIG_grupo_edici\u00f3n__<\/p>\n<h1 style=\"\"><span data-attr-id=\"the_title\" data-extra_key=\"the_title\" data-option-inline=\"1\" data-shortcode=\"thrv_dynamic_data_content\" data-shortcode-name=\"Post title\" style=\"\">Preguntas frecuentes sobre la Mezquita Azul en Turqu\u00eda<\/span><\/h1>\n<p>__CONFIG_grupo_edici\u00f3n__{}__CONFIG_grupo_edici\u00f3n__<\/p>\n<p>\u00bfTienes preguntas sobre la visita a la Mezquita Azul de Estambul? Esta p\u00e1gina <strong>responde a las preguntas m\u00e1s frecuentes<\/strong> para que puedas planificar tu visita f\u00e1cilmente.<\/p>\n<p>Aqu\u00ed encontrar\u00e1 <strong>informaci\u00f3n detallada sobre la entrada y las entradas, la ubicaci\u00f3n y el transporte, la historia, los horarios de oraci\u00f3n, el c\u00f3digo de vestimenta y las pautas para visitantes<\/strong> , todo categorizado para una referencia r\u00e1pida.<\/p>\n<p>\u2192 Para obtener m\u00e1s consejos pr\u00e1cticos, visite nuestra p\u00e1gina: <a href=\"https:\/\/bluemosque.gen.tr\/es\/mezquita-azul-horario\/\" style=\"outline: none;\" target=\"_blank\" rel=\"nofollow\"><strong>Informaci\u00f3n para visitantes&nbsp;<\/strong><\/a><strong>&nbsp;<\/strong><a href=\"https:\/\/bluemosque.gen.tr\/es\/mezquita-azul-horario\/\" style=\"outline: none;\"><strong><\/strong><\/a><\/p>\n<p style=\"\"><strong><a href=\"#tve-jump-1952353404e\" jump-animation=\"smooth\" style=\"outline: none;\" data-tcb_hover_state_parent=\"\"><strong>Entrada<\/strong><\/a>&nbsp;<\/strong><\/p>\n<p style=\"\"><strong><a href=\"#tve-jump-19523538134\" style=\"outline: none;\" data-tcb_hover_state_parent=\"\"><strong>Ubicaci\u00f3n<\/strong><\/a>&nbsp;<\/strong><\/p>\n<p style=\"\"><strong><a href=\"#tve-jump-19523548fbc\" jump-animation=\"smooth\" style=\"outline: none;\" data-tcb_hover_state_parent=\"\"><strong>Historia<\/strong><\/a>&nbsp;<\/strong><\/p>\n<p style=\"\"><strong><a data-tcb_hover_state_parent=\"\" href=\"#tve-jump-195237424d3\" jump-animation=\"smooth\" style=\"outline: none;\"><strong>Horario de apertura<\/strong><\/a>&nbsp;<\/strong><\/p>\n<p style=\"\"><strong><a data-tcb_hover_state_parent=\"\" href=\"#tve-jump-19523745ce3\" jump-animation=\"smooth\" style=\"outline: none;\"><strong><strong>C\u00f3digo de vestimenta<\/strong><\/strong><\/a>&nbsp;<\/strong><\/p>\n<p style=\"text-align: center;\"><strong><span style=\"text-transform: uppercase !important; --tcb-applied-color: var$(--tcb-skin-color-0) !important; color: var(--tcb-skin-color-0) !important;\">Preguntas frecuentes<\/span><\/strong><\/p>\n<h2 style=\"text-align: center;\"><strong>Entrada, entradas y visitas guiadas<\/strong><\/h2>\n<h3><strong>\u00bfLa entrada a la Mezquita Azul es gratuita?<\/strong><\/h3>\n<p>S\u00ed, la entrada es gratuita, ya que sigue siendo un lugar de culto activo. Sin embargo, los visitantes deben pasar un control de seguridad obligatorio, que puede durar hasta 30 minutos en temporada baja y hasta 1 hora en temporada alta. Se agradecen las donaciones.<\/p>\n<h3><strong>\u00bfNecesito una entrada para la Mezquita Azul?<\/strong><\/h3>\n<p>No, no necesita entrada, ya que la entrada es gratuita. Sin embargo, se recomiendan <strong>las visitas guiadas<\/strong> para disfrutar de una mejor experiencia, evitando las horas punta y aprendiendo sobre la historia. <a href=\"https:\/\/bluemosque.gen.tr\/es\/mezquita-azul-entrada\/\" style=\"outline: none;\"><strong>Consulte las visitas guiadas mejor valoradas.<\/strong><\/a><\/p>\n<h3><strong>\u00bfMerece la pena una visita guiada a la Mezquita Azul?<\/strong><\/h3>\n<p>S\u00ed, una <strong>visita guiada proporciona informaci\u00f3n experta<\/strong> , le ayuda a programar su visita para evitar los cierres por oraci\u00f3n y garantiza una comprensi\u00f3n m\u00e1s profunda de la arquitectura y la historia de la mezquita.<\/p>\n<p style=\"text-align: center;\"><strong><span style=\"--tcb-applied-color: var$(--tcb-skin-color-0) !important; color: var(--tcb-skin-color-0) !important; text-transform: uppercase !important;\">Preguntas frecuentes<\/span><\/strong><\/p>\n<h2 style=\"text-align: center;\" id=\"tve-jump-19523538134\"><strong>Ubicaci\u00f3n y c\u00f3mo llegar<\/strong><\/h2>\n<h3><strong>\u00bfD\u00f3nde est\u00e1 situada la Mezquita Azul?<\/strong><\/h3>\n<p>La mezquita se encuentra en <strong>la plaza de Sultanahmet<\/strong> , en el coraz\u00f3n de la pen\u00ednsula hist\u00f3rica de Estambul, rodeada por <strong>Santa Sof\u00eda, el Palacio de Topkapi y la Cisterna Bas\u00edlica<\/strong> . Para m\u00e1s informaci\u00f3n, visite nuestra p\u00e1gina: <a href=\"https:\/\/bluemosque.gen.tr\/es\/donde-esta-la-mezquita-azul\/\" style=\"outline: none;\"><strong>C\u00f3mo llegar a la Mezquita Azul: Ubicaci\u00f3n y mapa.<\/strong><\/a><\/p>\n<h3><strong>\u00bfCu\u00e1l es la mejor manera de llegar a la Mezquita Azul?<\/strong><\/h3>\n<p>El <strong>tranv\u00eda T1 hasta la estaci\u00f3n de Sultanahmet<\/strong> es la opci\u00f3n m\u00e1s c\u00f3moda. La mezquita tambi\u00e9n est\u00e1 a poca distancia a pie de <strong>Emin\u00f6n\u00fc, Sirkeci y otros distritos clave del casco antiguo<\/strong> .&nbsp;<\/p>\n<h3><strong>\u00bfC\u00f3mo llegar desde el aeropuerto de Estambul a Sultanahmet?<\/strong><\/h3>\n<ul>\n<li><a href=\"https:\/\/www.hava.ist\/\" style=\"outline: none;\" target=\"_blank\" rel=\"nofollow noopener\"><strong>Autob\u00fas del aeropuerto Havaist<\/strong><\/a><strong> (HVL-1): No hay servicio de transporte directo.<\/strong> Tome el autob\u00fas HVL-1 hasta Aksaray y luego haga transbordo a la l\u00ednea de tranv\u00eda T1 en la estaci\u00f3n de Yusufpa\u015fa hacia Sultanahmet (aproximadamente 1 h 15 min).<\/li>\n<li><strong>Taxi, Uber o traslado privado: la opci\u00f3n m\u00e1s conveniente<\/strong> , que tarda entre 40 y 100 minutos seg\u00fan el tr\u00e1fico <strong>. <\/strong><a href=\"https:\/\/megapass.com\/tours-tickets\/private-transfer-new-istanbul-airport-round-trip-transfer-i2015?discountCode=ma-places\" style=\"outline: none;\" rel=\"nofollow noopener\" target=\"_blank\">\u2192 Reserve aqu\u00ed un traslado de ida y vuelta al aeropuerto.<\/a><\/li>\n<li><strong>Transporte p\u00fablico<\/strong> : <strong>No se recomienda<\/strong> debido a los m\u00faltiples transbordos. Tome <strong>el metro M11 hasta Ka\u011f\u0131thane<\/strong> , luego <strong>el autob\u00fas 62 hasta Kabata\u015f<\/strong> y haga transbordo al <strong>tranv\u00eda T1 hasta Sultanahmet<\/strong> (aproximadamente 1 h 40 min).<\/li>\n<\/ul>\n<p>Leer m\u00e1s: <a href=\"https:\/\/bluemosque.gen.tr\/es\/plaza-sultanahmet\/\" style=\"outline: none;\"><strong>Sultanahmet y alrededores<\/strong><\/a><strong>&nbsp;<\/strong><a href=\"https:\/\/bluemosque.gen.tr\/es\/plaza-sultanahmet\/\" style=\"outline: none;\"><strong><\/strong><\/a><\/p>\n<h3><strong>\u00bfC\u00f3mo llego desde la Plaza Taksim a la Mezquita Azul?<\/strong><\/h3>\n<p>Tome el <strong>funicular F1 hasta Kabata\u015f<\/strong> y luego haga transbordo al <strong>tranv\u00eda T1 hasta Sultanahmet<\/strong> (unos 25 minutos). Tambi\u00e9n hay taxis\/Uber disponibles, que tardan <strong>entre 15 y 25 minutos<\/strong> , dependiendo del tr\u00e1fico.<\/p>\n<p style=\"text-align: center;\"><strong><span style=\"text-transform: uppercase !important; --tcb-applied-color: var$(--tcb-skin-color-0) !important; color: var(--tcb-skin-color-0) !important;\">Preguntas frecuentes<\/span><\/strong><\/p>\n<h2 style=\"text-align: center;\" id=\"tve-jump-19523548fbc\"><strong>Historia y arquitectura de la Mezquita Azul<\/strong><\/h2>\n<h3><strong>\u00bfQui\u00e9n construy\u00f3 la Mezquita Azul?<\/strong><\/h3>\n<p>Encargada por <strong>el sult\u00e1n Ahmed I<\/strong> , fue construida entre <strong>1609 y 1616<\/strong> por <strong>Sedefk\u00e2r Mehmed A\u011fa<\/strong> , alumno del famoso arquitecto otomano <strong>Mimar Sinan<\/strong> . Leer m\u00e1s: <a href=\"https:\/\/bluemosque.gen.tr\/es\/historia-de-la-mezquita-azul\/\" style=\"outline: none;\"><strong>Historia de la Mezquita Azul<\/strong><\/a><\/p>\n<h3><strong>\u00bfPor qu\u00e9 se llama Mezquita Azul?<\/strong><\/h3>\n<p>El interior est\u00e1 decorado con <strong>m\u00e1s de 20.000 azulejos azules de Iznik<\/strong> , que le confieren su distintivo <strong>brillo azul<\/strong> . Aunque su nombre oficial es <strong>Sultanahmet Camii<\/strong> , com\u00fanmente se la conoce como la Mezquita Azul.<\/p>\n<h3><strong>\u00bfPor qu\u00e9 la Mezquita Azul tiene seis minaretes?<\/strong><\/h3>\n<p>El sult\u00e1n Ahmed I <strong>quer\u00eda que rivalizara con la Gran Mezquita de La Meca<\/strong> , que tambi\u00e9n contaba con seis minaretes. Para resolver la controversia, posteriormente se construy\u00f3 un minarete adicional en La Meca.<\/p>\n<h3><strong>\u00bfQu\u00e9 hay dentro de la Mezquita Azul?<\/strong><\/h3>\n<p>El interior de la mezquita <strong>est\u00e1 adornado con una caligraf\u00eda intrincada, azulejos de Iznik, una gran sala de oraci\u00f3n, vidrieras y grandes candelabros, originalmente decorados con huevos de avestruz<\/strong> . El <strong>mihrab (nicho de oraci\u00f3n) y el minbar (p\u00falpito)<\/strong> est\u00e1n finamente tallados en m\u00e1rmol. <a href=\"https:\/\/bluemosque.gen.tr\/es\/mezquita-azul-interior\/\" style=\"outline: none;\"><strong>M\u00e1s informaci\u00f3n sobre el interior.<\/strong><\/a><\/p>\n<p style=\"text-align: center;\"><strong><span style=\"text-transform: uppercase !important; --tcb-applied-color: var$(--tcb-skin-color-0) !important; color: var(--tcb-skin-color-0) !important;\">Preguntas frecuentes<\/span><\/strong><\/p>\n<h2 style=\"text-align: center;\" id=\"tve-jump-195237424d3\"><strong>Horarios de apertura y horarios de oraci\u00f3n<\/strong><\/h2>\n<h3><strong>\u00bfCu\u00e1l es el horario de apertura de la Mezquita Azul?<\/strong><\/h3>\n<p><strong>Verano (abril-septiembre):<\/strong> 8:30 a. m. a 7:00 p. m.<\/p>\n<p><strong>Invierno (octubre-marzo):<\/strong> 8:30 a. m. a 5:00 p. m.<\/p>\n<h3><strong>\u00bfPuedo entrar a la Mezquita Azul durante las horas de oraci\u00f3n?<\/strong><\/h3>\n<p>No, <strong>la mezquita est\u00e1 cerrada al p\u00fablico durante las oraciones<\/strong> . Cada sesi\u00f3n dura aproximadamente <strong>90 minutos<\/strong> . M\u00e1s informaci\u00f3n: <a href=\"https:\/\/bluemosque.gen.tr\/es\/horarios-de-oracion-mezquita-azul\/\" style=\"outline: none;\"><strong>Horarios de oraci\u00f3n de la Mezquita Azul.<\/strong><\/a><strong>&nbsp;<\/strong><a href=\"https:\/\/bluemosque.gen.tr\/es\/horarios-de-oracion-mezquita-azul\/\" style=\"outline: none;\"><strong><\/strong><\/a><strong><\/strong><\/p>\n<h3><strong>\u00bfLa Mezquita Azul est\u00e1 abierta los domingos?<\/strong><\/h3>\n<p>S\u00ed, est\u00e1 abierto todos los d\u00edas, pero <strong>se aplican cierres por oraci\u00f3n<\/strong> .<\/p>\n<h3><strong>\u00bfCuanto tiempo dura una visita?<\/strong><\/h3>\n<p>La mayor\u00eda de las visitas duran <strong>entre 30 y 45 minutos<\/strong> , pero las colas de seguridad pueden alargarse <strong>entre 30 y 60 minutos<\/strong> en horas punta. Una <strong>visita guiada<\/strong> garantiza una visita m\u00e1s fluida. <a href=\"https:\/\/bluemosque.gen.tr\/es\/mezquita-azul-entrada\/\" style=\"outline: currentcolor;\"><strong>Consulte las visitas guiadas disponibles.<\/strong><\/a><\/p>\n<p style=\"text-align: center;\"><strong><span style=\"text-transform: uppercase !important; --tcb-applied-color: var$(--tcb-skin-color-0) !important; color: var(--tcb-skin-color-0) !important;\">Preguntas frecuentes<\/span><\/strong><\/p>\n<h2 style=\"text-align: center;\" id=\"tve-jump-19523745ce3\"><strong>C\u00f3digo de vestimenta y reglas para visitantes<\/strong><\/h2>\n<h3><strong>\u00bfQu\u00e9 debo vestir para ir a la Mezquita Azul?<\/strong><\/h3>\n<p>Los visitantes deben vestir modestamente: \u2705 <strong>Hombres y mujeres:<\/strong> Los hombros y las rodillas deben estar cubiertos. \u2705 <strong>Mujeres:<\/strong> Deben usar un <strong>pa\u00f1uelo en la cabeza<\/strong> (disponible para comprar en la entrada). \u2705 <strong>Los zapatos deben quitarse<\/strong> antes de entrar.<\/p>\n<p><a href=\"https:\/\/bluemosque.gen.tr\/es\/como-ir-vestido-a-la-mezquita-azul\/\" style=\"outline: currentcolor;\"><strong>Detalles completos del c\u00f3digo de vestimenta aqu\u00ed.<\/strong><\/a><\/p>\n<h3><strong>\u00bfPuedo llevar una mochila dentro de la Mezquita Azul?<\/strong><\/h3>\n<p>Se permiten mochilas peque\u00f1as, pero <strong>no<\/strong> bolsos ni maletas grandes . Es obligatorio revisar el equipaje.<\/p>\n<h3><strong>\u00bfPuedo tomar fotograf\u00edas dentro de la Mezquita Azul?<\/strong><\/h3>\n<p>S\u00ed, se permite tomar fotograf\u00edas, pero <strong>no con flash<\/strong> ni <strong>a los fieles<\/strong> .<\/p>\n<p><a href=\"https:\/\/bluemosque.gen.tr\/es\/mezquita-azul-horario\/\" dynamic-postlink=\"tcb_post_the_permalink\" data-shortcode-id=\"2978\"><\/a><\/p>\n<p style=\"padding-bottom: 0px !important; margin-bottom: 0px !important;\"><strong>M\u00c1S INFORMACI\u00d3N<\/strong><\/p>\n<h2 style=\"\" id=\"t-1730464049116\"><span data-attr-css=\"\" data-attr-link=\"1\" data-attr-rel=\"0\" data-attr-static-link=\"{&quot;className&quot;:&quot;&quot;,&quot;href&quot;:&quot;https:\/\/bluemosque.gen.tr\/es\/mezquita-azul-horario\/&quot;,&quot;title&quot;:&quot;Informaci\u00f3n para visitantes de la Mezquita Azul: horarios, mejor momento para la visita y consejos&quot;,&quot;class&quot;:&quot;&quot;}\" data-attr-target=\"0\" data-extra_key=\"\" data-option-inline=\"1\" data-shortcode=\"tcb_post_title\" data-shortcode-name=\"Post title\" style=\"\"><a href=\"https:\/\/bluemosque.gen.tr\/es\/mezquita-azul-horario\/\" title=\"Informaci\u00f3n para visitantes de la Mezquita Azul: horarios, mejor momento para la visita y consejos\" data-css=\"\">Informaci\u00f3n para visitantes de la Mezquita Azul: horarios, mejor momento para la visita y consejos<\/a><\/span><\/h2>\n<p><a href=\"https:\/\/bluemosque.gen.tr\/es\/mezquita-azul-interior\/\" dynamic-postlink=\"tcb_post_the_permalink\" data-shortcode-id=\"2978\"><\/a><\/p>\n<p style=\"padding-bottom: 0px !important; margin-bottom: 0px !important;\"><strong>M\u00c1S INFORMACI\u00d3N<\/strong><\/p>\n<h2 style=\"\" id=\"t-1730464049116\"><span data-attr-css=\"\" data-attr-link=\"1\" data-attr-rel=\"0\" data-attr-static-link=\"{&quot;className&quot;:&quot;&quot;,&quot;href&quot;:&quot;https:\/\/bluemosque.gen.tr\/es\/mezquita-azul-horario\/&quot;,&quot;title&quot;:&quot;Informaci\u00f3n para visitantes de la Mezquita Azul: horarios, mejor momento para la visita y consejos&quot;,&quot;class&quot;:&quot;&quot;}\" data-attr-target=\"0\" data-extra_key=\"\" data-option-inline=\"1\" data-shortcode=\"tcb_post_title\" data-shortcode-name=\"Post title\" style=\"\"><a href=\"https:\/\/bluemosque.gen.tr\/es\/mezquita-azul-interior\/\" title=\"Dentro de la Mezquita Azul: un recorrido por su impresionante interior\" data-css=\"\">Dentro de la Mezquita Azul: un recorrido por su impresionante interior<\/a><\/span><\/h2>\n<p><a href=\"javascript:void(0)\"><span><span>Cargar m\u00e1s<\/span><\/span><\/a><\/p>\n","protected":false},"excerpt":{"rendered":"<p>__CONFIG_grupo_edici\u00f3n__{}__CONFIG_grupo_edici\u00f3n__ Preguntas frecuentes sobre la Mezquita Azul en Turqu\u00eda __CONFIG_grupo_edici\u00f3n__{}__CONFIG_grupo_edici\u00f3n__ \u00bfTienes preguntas sobre la visita a la Mezquita Azul de Estambul? Esta p\u00e1gina responde a las preguntas m\u00e1s frecuentes para que puedas planificar tu visita f\u00e1cilmente. Aqu\u00ed encontrar\u00e1 informaci\u00f3n detallada sobre la entrada y las entradas, la ubicaci\u00f3n y el transporte, la historia, los horarios [&hellip;]<\/p>\n","protected":false},"author":6,"featured_media":4267,"parent":0,"menu_order":0,"comment_status":"closed","ping_status":"closed","template":"","meta":{"footnotes":""},"class_list":["post-4266","page","type-page","status-publish","has-post-thumbnail","hentry","post-wrapper","thrv_wrapper"],"_links":{"self":[{"href":"https:\/\/bluemosque.gen.tr\/es\/wp-json\/wp\/v2\/pages\/4266","targetHints":{"allow":["GET"]}}],"collection":[{"href":"https:\/\/bluemosque.gen.tr\/es\/wp-json\/wp\/v2\/pages"}],"about":[{"href":"https:\/\/bluemosque.gen.tr\/es\/wp-json\/wp\/v2\/types\/page"}],"author":[{"embeddable":true,"href":"https:\/\/bluemosque.gen.tr\/es\/wp-json\/wp\/v2\/users\/6"}],"replies":[{"embeddable":true,"href":"https:\/\/bluemosque.gen.tr\/es\/wp-json\/wp\/v2\/comments?post=4266"}],"version-history":[{"count":7,"href":"https:\/\/bluemosque.gen.tr\/es\/wp-json\/wp\/v2\/pages\/4266\/revisions"}],"predecessor-version":[{"id":4755,"href":"https:\/\/bluemosque.gen.tr\/es\/wp-json\/wp\/v2\/pages\/4266\/revisions\/4755"}],"wp:featuredmedia":[{"embeddable":true,"href":"https:\/\/bluemosque.gen.tr\/es\/wp-json\/wp\/v2\/media\/4267"}],"wp:attachment":[{"href":"https:\/\/bluemosque.gen.tr\/es\/wp-json\/wp\/v2\/media?parent=4266"}],"curies":[{"name":"wp","href":"https:\/\/api.w.org\/{rel}","templated":true}]}}