{"id":4167,"date":"2025-02-20T11:56:46","date_gmt":"2025-02-20T11:56:46","guid":{"rendered":"https:\/\/bluemosque.gen.tr\/faq\/"},"modified":"2025-07-10T20:56:09","modified_gmt":"2025-07-10T20:56:09","slug":"questions-sur-la-mosquee-bleue-a-istanbul","status":"publish","type":"page","link":"https:\/\/bluemosque.gen.tr\/fr\/questions-sur-la-mosquee-bleue-a-istanbul\/","title":{"rendered":"Foire aux questions sur la Mosqu\u00e9e bleue \u00e0 Istanbul en Turquie"},"content":{"rendered":"<h1 style=\"\"><span data-attr-id=\"the_title\" data-extra_key=\"the_title\" data-option-inline=\"1\" data-shortcode=\"thrv_dynamic_data_content\" data-shortcode-name=\"Post title\" style=\"\">Foire aux questions sur la Mosqu\u00e9e bleue \u00e0 Istanbul en Turquie<\/span><\/h1>\n<p>Vous avez des questions sur la visite de la Mosqu\u00e9e Bleue \u00e0 Istanbul&nbsp;? Cette page <strong>r\u00e9pond aux questions les plus fr\u00e9quentes et<\/strong> vous aide \u00e0 planifier votre visite en toute simplicit\u00e9.<\/p>\n<p>Vous trouverez ici <strong>des informations d\u00e9taill\u00e9es sur l&rsquo;entr\u00e9e et les billets, l&#8217;emplacement et le transport, l&rsquo;histoire, les heures de pri\u00e8re, le code vestimentaire et les directives pour les visiteurs<\/strong> , le tout class\u00e9 pour une r\u00e9f\u00e9rence rapide.<\/p>\n<p>\u2192 Pour plus de conseils pratiques, visitez notre page : <a href=\"https:\/\/bluemosque.gen.tr\/fr\/horaires-douverture-de-la-mosquee-bleue\/\" style=\"outline: none;\"><strong>Informations visiteurs&nbsp;<\/strong><\/a><strong>&nbsp;<\/strong><a href=\"https:\/\/bluemosque.gen.tr\/fr\/horaires-douverture-de-la-mosquee-bleue\/\" style=\"outline: none;\"><strong><\/strong><\/a><\/p>\n<p style=\"\"><strong><a href=\"#tve-jump-1952353404e\" jump-animation=\"smooth\" style=\"outline: none;\" data-tcb_hover_state_parent=\"\"><strong>Entr\u00e9e<\/strong><\/a>&nbsp;<\/strong><\/p>\n<p style=\"\"><strong><a href=\"#tve-jump-19523538134\" style=\"outline: none;\" data-tcb_hover_state_parent=\"\"><strong>Emplacement<\/strong><\/a>&nbsp;<\/strong><\/p>\n<p style=\"\"><strong><a href=\"#tve-jump-19523548fbc\" jump-animation=\"smooth\" style=\"outline: none;\" data-tcb_hover_state_parent=\"\"><strong>Histoire<\/strong><\/a>&nbsp;<\/strong><\/p>\n<p style=\"\"><strong><a data-tcb_hover_state_parent=\"\" href=\"#tve-jump-195237424d3\" jump-animation=\"smooth\" style=\"outline: none;\"><strong>Horaires d&rsquo;ouverture<\/strong><\/a>&nbsp;<\/strong><\/p>\n<p style=\"\"><strong><a data-tcb_hover_state_parent=\"\" href=\"#tve-jump-19523745ce3\" jump-animation=\"smooth\" style=\"outline: none;\"><strong><strong>Code vestimentaire<\/strong><\/strong><\/a>&nbsp;<\/strong><\/p>\n<p style=\"text-align: center;\"><strong><span style=\"text-transform: uppercase !important; --tcb-applied-color: var$(--tcb-skin-color-0) !important; color: var(--tcb-skin-color-0) !important;\">Questions fr\u00e9quemment pos\u00e9es<\/span><\/strong><\/p>\n<h2 style=\"text-align: center;\"><strong>Entr\u00e9e, billets et visites guid\u00e9es<\/strong><\/h2>\n<h3><strong>L&rsquo;entr\u00e9e \u00e0 la Mosqu\u00e9e Bleue est-elle gratuite ?<\/strong><\/h3>\n<p>Oui, l&rsquo;entr\u00e9e est gratuite, car le lieu de culte reste actif. Cependant, les visiteurs doivent passer un contr\u00f4le de s\u00e9curit\u00e9 obligatoire, qui peut durer jusqu&rsquo;\u00e0 30 minutes en basse saison et jusqu&rsquo;\u00e0 une heure en haute saison. Les dons sont les bienvenus.<\/p>\n<h3><strong>Ai-je besoin d\u2019un billet pour la Mosqu\u00e9e Bleue ?<\/strong><\/h3>\n<p>Non, vous n&rsquo;avez pas besoin de billet, l&rsquo;entr\u00e9e est gratuite. Cependant, <strong>les visites guid\u00e9es<\/strong> sont fortement recommand\u00e9es pour une meilleure exp\u00e9rience, vous permettant d&rsquo;\u00e9viter les heures de pointe et de b\u00e9n\u00e9ficier d&rsquo;un aper\u00e7u historique. <a href=\"https:\/\/bluemosque.gen.tr\/fr\/mosquee-bleue-distanbul-prix-dentree-et-visites-guidees\/\" style=\"outline: none;\"><strong>D\u00e9couvrez les visites guid\u00e9es les mieux not\u00e9es.<\/strong><\/a><\/p>\n<h3><strong>Une visite guid\u00e9e de la Mosqu\u00e9e Bleue en vaut-elle la peine ?<\/strong><\/h3>\n<p>Oui, une <strong>visite guid\u00e9e fournit des informations d&rsquo;experts<\/strong> , vous aide \u00e0 planifier votre visite pour \u00e9viter les fermetures de pri\u00e8re et garantit une compr\u00e9hension plus approfondie de l&rsquo;architecture et de l&rsquo;histoire de la mosqu\u00e9e.<\/p>\n<p style=\"text-align: center;\"><strong><span style=\"--tcb-applied-color: var$(--tcb-skin-color-0) !important; color: var(--tcb-skin-color-0) !important; text-transform: uppercase !important;\">Questions fr\u00e9quemment pos\u00e9es<\/span><\/strong><\/p>\n<h2 style=\"text-align: center;\" id=\"tve-jump-19523538134\"><strong>Localisation et acc\u00e8s<\/strong><\/h2>\n<h3><strong>O\u00f9 se trouve la Mosqu\u00e9e Bleue ?<\/strong><\/h3>\n<p>La mosqu\u00e9e se trouve sur <strong>la place Sultanahmet<\/strong> , au c\u0153ur de la p\u00e9ninsule historique d&rsquo;Istanbul, entour\u00e9e de <strong>Sainte-Sophie, du palais de Topkapi et de la Citerne Basilique<\/strong> . Pour plus d&rsquo;informations, consultez notre page&nbsp;: <a href=\"https:\/\/bluemosque.gen.tr\/fr\/comment-se-rendre-a-la-mosquee-bleue-adresse\/\" style=\"outline: none;\"><strong>Comment se rendre \u00e0 la Mosqu\u00e9e Bleue&nbsp;: Localisation et plan<\/strong><\/a><\/p>\n<h3><strong>Quel est le meilleur moyen de se rendre \u00e0 la Mosqu\u00e9e Bleue ?<\/strong><\/h3>\n<p>Le <strong>tramway T1 jusqu&rsquo;\u00e0 la gare de Sultanahmet<\/strong> est le moyen le plus pratique. La mosqu\u00e9e est \u00e9galement \u00e0 quelques pas d&rsquo; <strong>Emin\u00f6n\u00fc, de Sirkeci et d&rsquo;autres quartiers cl\u00e9s de la vieille ville<\/strong> .&nbsp;<\/p>\n<h3><strong>Comment se rendre de l&rsquo;a\u00e9roport d&rsquo;Istanbul \u00e0 Sultanahmet ?<\/strong><\/h3>\n<ul>\n<li><a href=\"https:\/\/www.hava.ist\/\" style=\"outline: none;\" rel=\"nofollow noopener\" target=\"_blank\"><strong>Bus de l&rsquo;a\u00e9roport d&rsquo;Havaist<\/strong><\/a><strong> (HVL-1) : Pas de navette directe.<\/strong> Prendre le bus HVL-1 jusqu&rsquo;\u00e0 Aksaray, puis changer pour la ligne de tramway T1 \u00e0 la station Yusufpa\u015fa pour Sultanahmet (environ 1 h 15).<\/li>\n<li><strong>Taxi, Uber ou transfert priv\u00e9 : l&rsquo;option la plus pratique<\/strong> , prenant environ 40 \u00e0 100 minutes selon le trafic <strong>. <\/strong><a href=\"https:\/\/megapass.com\/tours-tickets\/private-transfer-new-istanbul-airport-round-trip-transfer-i2015?discountCode=ma-places\" style=\"outline: none;\" rel=\"nofollow noopener\" target=\"_blank\">\u2192 R\u00e9servez un transfert a\u00e9roport aller-retour ici.<\/a><\/li>\n<li><strong>Transports en commun<\/strong> : <strong>Non recommand\u00e9<\/strong> en raison des multiples correspondances. Prenez <strong>le m\u00e9tro M11 jusqu&rsquo;\u00e0 Ka\u011f\u0131thane<\/strong> , puis <strong>le bus 62 jusqu&rsquo;\u00e0 Kabata\u015f<\/strong> , et prenez le <strong>tramway T1 jusqu&rsquo;\u00e0 Sultanahmet<\/strong> (~1h40).<\/li>\n<\/ul>\n<p>En savoir plus : <a href=\"https:\/\/bluemosque.gen.tr\/fr\/sultanahmet\/\" style=\"outline: none;\"><strong>Sultanahmet et ses environs<\/strong><\/a><strong>&nbsp;<\/strong><a href=\"https:\/\/bluemosque.gen.tr\/fr\/sultanahmet\/\" style=\"outline: none;\"><strong><\/strong><\/a><\/p>\n<h3><strong>Comment puis-je me rendre de la place Taksim \u00e0 la Mosqu\u00e9e Bleue ?<\/strong><\/h3>\n<p>Prenez le <strong>funiculaire F1 jusqu&rsquo;\u00e0 Kabata\u015f<\/strong> , puis le <strong>tramway T1 jusqu&rsquo;\u00e0 Sultanahmet<\/strong> (environ 25 minutes). Des taxis\/Uber sont \u00e9galement disponibles, le trajet dure <strong>entre 15 et 25 minutes<\/strong> selon la circulation.<\/p>\n<p style=\"text-align: center;\"><strong><span style=\"text-transform: uppercase !important; --tcb-applied-color: var$(--tcb-skin-color-0) !important; color: var(--tcb-skin-color-0) !important;\">Questions fr\u00e9quemment pos\u00e9es<\/span><\/strong><\/p>\n<h2 style=\"text-align: center;\" id=\"tve-jump-19523548fbc\"><strong>Histoire et architecture de la Mosqu\u00e9e Bleue<\/strong><\/h2>\n<h3><strong>Qui a construit la Mosqu\u00e9e Bleue ?<\/strong><\/h3>\n<p>Command\u00e9e par <strong>le sultan Ahmed Ier<\/strong> , elle fut construite entre <strong>1609 et 1616<\/strong> par <strong>Sedefk\u00e2r Mehmed A\u011fa<\/strong> , \u00e9l\u00e8ve du c\u00e9l\u00e8bre architecte ottoman <strong>Mimar Sinan<\/strong> . Lire la suite&nbsp;: <a href=\"https:\/\/bluemosque.gen.tr\/fr\/histoire-de-la-mosquee-bleue\/\" style=\"outline: none;\"><strong>Histoire de la Mosqu\u00e9e bleue<\/strong><\/a><\/p>\n<h3><strong>Pourquoi l&rsquo;appelle-t-on la Mosqu\u00e9e Bleue ?<\/strong><\/h3>\n<p>L&rsquo;int\u00e9rieur est d\u00e9cor\u00e9 de <strong>plus de 20&nbsp;000 carreaux bleus d&rsquo;Iznik<\/strong> , qui conf\u00e8rent \u00e0 la mosqu\u00e9e son <strong>\u00e9clat bleut\u00e9<\/strong> caract\u00e9ristique . Bien que son nom officiel soit <strong>Sultanahmet Camii<\/strong> , elle est commun\u00e9ment appel\u00e9e la Mosqu\u00e9e Bleue.<\/p>\n<h3><strong>Pourquoi la Mosqu\u00e9e Bleue poss\u00e8de-t-elle six minarets ?<\/strong><\/h3>\n<p>Le sultan Ahmed Ier <strong>souhaitait qu&rsquo;elle rivalise avec la Grande Mosqu\u00e9e de La Mecque<\/strong> , qui comptait \u00e9galement six minarets. Pour mettre fin \u00e0 la controverse, un minaret suppl\u00e9mentaire fut construit plus tard \u00e0 La Mecque.<\/p>\n<h3><strong>Qu&rsquo;y a-t-il \u00e0 l&rsquo;int\u00e9rieur de la Mosqu\u00e9e Bleue ?<\/strong><\/h3>\n<p>L&rsquo;int\u00e9rieur de la mosqu\u00e9e <strong>est orn\u00e9 de calligraphies complexes, de carreaux d&rsquo;Iznik, d&rsquo;une grande salle de pri\u00e8re, de vitraux et de grands lustres orn\u00e9s \u00e0 l&rsquo;origine d&rsquo;\u0153ufs d&rsquo;autruche<\/strong> . Le <strong>mihrab (niche de pri\u00e8re) et le minbar (chaire)<\/strong> sont finement sculpt\u00e9s en marbre. <a href=\"https:\/\/bluemosque.gen.tr\/fr\/mosquee-bleue-interieur\/\" style=\"outline: none;\"><strong>En savoir plus sur l&rsquo;int\u00e9rieur.<\/strong><\/a><\/p>\n<p style=\"text-align: center;\"><strong><span style=\"text-transform: uppercase !important; --tcb-applied-color: var$(--tcb-skin-color-0) !important; color: var(--tcb-skin-color-0) !important;\">Questions fr\u00e9quemment pos\u00e9es<\/span><\/strong><\/p>\n<h2 style=\"text-align: center;\" id=\"tve-jump-195237424d3\"><strong>Horaires d&rsquo;ouverture et heures de pri\u00e8re<\/strong><\/h2>\n<h3><strong>Quelles sont les heures d&rsquo;ouverture de la Mosqu\u00e9e Bleue ?<\/strong><\/h3>\n<p><strong>\u00c9t\u00e9 (avril-septembre) :<\/strong> 8h30 \u2013 19h00<\/p>\n<p><strong>Hiver (octobre-mars) :<\/strong> 8h30 \u2013 17h00<\/p>\n<h3><strong>Puis-je entrer dans la Mosqu\u00e9e Bleue pendant les heures de pri\u00e8re ?<\/strong><\/h3>\n<p>Non, <strong>la mosqu\u00e9e est ferm\u00e9e aux visiteurs pendant les pri\u00e8res<\/strong> . Chaque s\u00e9ance dure environ <strong>90 minutes<\/strong> . Plus d&rsquo;informations&nbsp;: <a href=\"https:\/\/bluemosque.gen.tr\/fr\/mosquee-bleue-horaires-de-priere-et-fermetures\/\" style=\"outline: none;\"><strong>Horaires de pri\u00e8re \u00e0 la Mosqu\u00e9e Bleue<\/strong><\/a><strong>&nbsp;<\/strong><a href=\"https:\/\/bluemosque.gen.tr\/fr\/mosquee-bleue-horaires-de-priere-et-fermetures\/\" style=\"outline: none;\"><strong><\/strong><\/a><strong><\/strong><\/p>\n<h3><strong>La Mosqu\u00e9e Bleue est-elle ouverte le dimanche ?<\/strong><\/h3>\n<p>Oui, il est ouvert tous les jours, mais <strong>des fermetures pour pri\u00e8res s&rsquo;appliquent<\/strong> .<\/p>\n<h3><strong>Combien de temps dure une visite ?<\/strong><\/h3>\n<p>La plupart des visites durent <strong>entre 30 et 45 minutes<\/strong> , mais les files d&rsquo;attente aux contr\u00f4les de s\u00e9curit\u00e9 peuvent rallonger la visite <strong>de 30 \u00e0 60 minutes<\/strong> aux heures de pointe. Une <strong>visite guid\u00e9e<\/strong> vous permettra de profiter d&rsquo;une visite plus agr\u00e9able. <a href=\"https:\/\/bluemosque.gen.tr\/fr\/mosquee-bleue-distanbul-prix-dentree-et-visites-guidees\/\" style=\"outline: currentcolor;\"><strong>Consultez les visites guid\u00e9es disponibles.<\/strong><\/a><\/p>\n<p style=\"text-align: center;\"><strong><span style=\"text-transform: uppercase !important; --tcb-applied-color: var$(--tcb-skin-color-0) !important; color: var(--tcb-skin-color-0) !important;\">Questions fr\u00e9quemment pos\u00e9es<\/span><\/strong><\/p>\n<h2 style=\"text-align: center;\" id=\"tve-jump-19523745ce3\"><strong>Code vestimentaire et r\u00e8gles pour les visiteurs<\/strong><\/h2>\n<h3><strong>Que dois-je porter \u00e0 la Mosqu\u00e9e Bleue ?<\/strong><\/h3>\n<p>Les visiteurs doivent s&rsquo;habiller modestement : \u2705 <strong>Hommes et femmes :<\/strong> Les \u00e9paules et les genoux doivent \u00eatre couverts. \u2705 <strong>Femmes :<\/strong> Doivent porter un <strong>foulard<\/strong> (disponible \u00e0 l&rsquo;achat \u00e0 l&rsquo;entr\u00e9e). \u2705 <strong>Les chaussures doivent \u00eatre retir\u00e9es<\/strong> avant d&rsquo;entrer.<\/p>\n<p><a href=\"https:\/\/bluemosque.gen.tr\/fr\/code-vestimentaire-de-la-mosquee-bleue-comment-shabiller-lors-dune-visite\/\" style=\"outline: currentcolor;\"><strong>D\u00e9tails complets du code vestimentaire ici.<\/strong><\/a><\/p>\n<h3><strong>Puis-je apporter un sac \u00e0 dos \u00e0 l&rsquo;int\u00e9rieur de la Mosqu\u00e9e Bleue ?<\/strong><\/h3>\n<p>Les petits sacs \u00e0 dos sont autoris\u00e9s, mais les grands sacs et valises <strong>sont interdits<\/strong> . Le contr\u00f4le des sacs est obligatoire.<\/p>\n<h3><strong>Puis-je prendre des photos \u00e0 l&rsquo;int\u00e9rieur de la Mosqu\u00e9e Bleue ?<\/strong><\/h3>\n<p>Oui, la photographie est autoris\u00e9e, mais <strong>pas de photographie au flash<\/strong> ni <strong>de photos de fid\u00e8les<\/strong> .<\/p>\n<p><a href=\"https:\/\/bluemosque.gen.tr\/fr\/horaires-douverture-de-la-mosquee-bleue\/\" dynamic-postlink=\"tcb_post_the_permalink\" data-shortcode-id=\"2978\"><\/a><\/p>\n<p style=\"padding-bottom: 0px !important; margin-bottom: 0px !important;\"><strong>APPRENDRE ENCORE PLUS<\/strong><\/p>\n<h2 style=\"\" id=\"t-1730464049116\"><span data-attr-css=\"\" data-attr-link=\"1\" data-attr-rel=\"0\" data-attr-static-link=\"{&quot;className&quot;:&quot;&quot;,&quot;href&quot;:&quot;https:\/\/bluemosque.gen.tr\/fr\/horaires-douverture-de-la-mosquee-bleue\/&quot;,&quot;title&quot;:&quot;Horaires d\u2019ouverture de la Mosqu\u00e9e Bleue d\u2019Istanbul | Informations&quot;}\" data-attr-target=\"0\" data-extra_key=\"\" data-option-inline=\"1\" data-shortcode=\"tcb_post_title\" data-shortcode-name=\"Post title\" style=\"\"><a href=\"https:\/\/bluemosque.gen.tr\/fr\/horaires-douverture-de-la-mosquee-bleue\/\" title=\"Horaires d\u2019ouverture de la Mosqu\u00e9e Bleue d\u2019Istanbul | Informations\" data-css=\"\">Horaires d\u2019ouverture de la Mosqu\u00e9e Bleue d\u2019Istanbul | Informations<\/a><\/span><\/h2>\n<p><a href=\"https:\/\/bluemosque.gen.tr\/fr\/mosquee-bleue-interieur\/\" dynamic-postlink=\"tcb_post_the_permalink\" data-shortcode-id=\"2978\"><\/a><\/p>\n<p style=\"padding-bottom: 0px !important; margin-bottom: 0px !important;\"><strong>APPRENDRE ENCORE PLUS<\/strong><\/p>\n<h2 style=\"\" id=\"t-1730464049116\"><span data-attr-css=\"\" data-attr-link=\"1\" data-attr-rel=\"0\" data-attr-static-link=\"{&quot;className&quot;:&quot;&quot;,&quot;href&quot;:&quot;https:\/\/bluemosque.gen.tr\/fr\/horaires-douverture-de-la-mosquee-bleue\/&quot;,&quot;title&quot;:&quot;Horaires d\u2019ouverture de la Mosqu\u00e9e Bleue d\u2019Istanbul | Informations&quot;}\" data-attr-target=\"0\" data-extra_key=\"\" data-option-inline=\"1\" data-shortcode=\"tcb_post_title\" data-shortcode-name=\"Post title\" style=\"\"><a href=\"https:\/\/bluemosque.gen.tr\/fr\/mosquee-bleue-interieur\/\" title=\"L\u2019int\u00e9rieur de la Mosqu\u00e9e bleue : Un coup d\u2019\u0153il sur son int\u00e9rieur \u00e9poustouflant\" data-css=\"\">L\u2019int\u00e9rieur de la Mosqu\u00e9e bleue : Un coup d\u2019\u0153il sur son int\u00e9rieur \u00e9poustouflant<\/a><\/span><\/h2>\n<p><a href=\"javascript:void(0)\"><span><span>Load More<\/span><\/span><\/a><\/p>\n","protected":false},"excerpt":{"rendered":"<p>Foire aux questions sur la Mosqu\u00e9e bleue \u00e0 Istanbul en Turquie Vous avez des questions sur la visite de la Mosqu\u00e9e Bleue \u00e0 Istanbul&nbsp;? Cette page r\u00e9pond aux questions les plus fr\u00e9quentes et vous aide \u00e0 planifier votre visite en toute simplicit\u00e9. Vous trouverez ici des informations d\u00e9taill\u00e9es sur l&rsquo;entr\u00e9e et les billets, l&#8217;emplacement et [&hellip;]<\/p>\n","protected":false},"author":6,"featured_media":4168,"parent":0,"menu_order":0,"comment_status":"closed","ping_status":"closed","template":"","meta":{"footnotes":""},"class_list":["post-4167","page","type-page","status-publish","has-post-thumbnail","hentry","post-wrapper","thrv_wrapper"],"_links":{"self":[{"href":"https:\/\/bluemosque.gen.tr\/fr\/wp-json\/wp\/v2\/pages\/4167","targetHints":{"allow":["GET"]}}],"collection":[{"href":"https:\/\/bluemosque.gen.tr\/fr\/wp-json\/wp\/v2\/pages"}],"about":[{"href":"https:\/\/bluemosque.gen.tr\/fr\/wp-json\/wp\/v2\/types\/page"}],"author":[{"embeddable":true,"href":"https:\/\/bluemosque.gen.tr\/fr\/wp-json\/wp\/v2\/users\/6"}],"replies":[{"embeddable":true,"href":"https:\/\/bluemosque.gen.tr\/fr\/wp-json\/wp\/v2\/comments?post=4167"}],"version-history":[{"count":12,"href":"https:\/\/bluemosque.gen.tr\/fr\/wp-json\/wp\/v2\/pages\/4167\/revisions"}],"predecessor-version":[{"id":4598,"href":"https:\/\/bluemosque.gen.tr\/fr\/wp-json\/wp\/v2\/pages\/4167\/revisions\/4598"}],"wp:featuredmedia":[{"embeddable":true,"href":"https:\/\/bluemosque.gen.tr\/fr\/wp-json\/wp\/v2\/media\/4168"}],"wp:attachment":[{"href":"https:\/\/bluemosque.gen.tr\/fr\/wp-json\/wp\/v2\/media?parent=4167"}],"curies":[{"name":"wp","href":"https:\/\/api.w.org\/{rel}","templated":true}]}}