{"id":4210,"date":"2025-04-15T14:12:27","date_gmt":"2025-04-15T14:12:27","guid":{"rendered":"https:\/\/bluemosque.gen.tr\/blue-mosque-istanbul-guided-tour\/"},"modified":"2026-05-14T06:51:26","modified_gmt":"2026-05-14T06:51:26","slug":"visite-guidee-de-la-mosquee-bleue-a-istanbul","status":"publish","type":"page","link":"https:\/\/bluemosque.gen.tr\/fr\/visite-guidee-de-la-mosquee-bleue-a-istanbul\/","title":{"rendered":"Visite guid\u00e9e de la Mosqu\u00e9e Bleue \u00e0 Istanbul"},"content":{"rendered":"<p><span><img decoding=\"async\" alt=\"\" data-id=\"3926\" width=\"1514\" height=\"855\" title=\"Visite guid\u00e9e de la Mosqu\u00e9e bleue d'Istanbul1\" src=\"https:\/\/bluemosque.gen.tr\/wp-content\/uploads\/2025\/04\/Istanbul-Blue-Mosque-Guided-Tour1-1024x578.png\" data-src=\"https:\/\/bluemosque.gen.tr\/wp-content\/uploads\/2025\/04\/Istanbul-Blue-Mosque-Guided-Tour1-300x169.png\" loading=\"lazy\" data-sizes=\"{&quot;thumbnail&quot;:{&quot;url&quot;:&quot;https:\/\/bluemosque.gen.tr\/wp-content\/uploads\/2025\/04\/Istanbul-Blue-Mosque-Guided-Tour1-150x150.png&quot;,&quot;height&quot;:150,&quot;width&quot;:150,&quot;orientation&quot;:&quot;landscape&quot;},&quot;medium&quot;:{&quot;url&quot;:&quot;https:\/\/bluemosque.gen.tr\/wp-content\/uploads\/2025\/04\/Istanbul-Blue-Mosque-Guided-Tour1-300x169.png&quot;,&quot;height&quot;:169,&quot;width&quot;:300,&quot;orientation&quot;:&quot;landscape&quot;},&quot;large&quot;:{&quot;url&quot;:&quot;https:\/\/bluemosque.gen.tr\/wp-content\/uploads\/2025\/04\/Istanbul-Blue-Mosque-Guided-Tour1-1024x578.png&quot;,&quot;height&quot;:578,&quot;width&quot;:1024,&quot;orientation&quot;:&quot;landscape&quot;},&quot;full&quot;:{&quot;url&quot;:&quot;https:\/\/bluemosque.gen.tr\/wp-content\/uploads\/2025\/04\/Istanbul-Blue-Mosque-Guided-Tour1.png&quot;,&quot;height&quot;:855,&quot;width&quot;:1514,&quot;orientation&quot;:&quot;landscape&quot;}}\"><\/span><span><img decoding=\"async\" alt=\"\" data-id=\"3928\" width=\"1508\" height=\"855\" title=\"Visite guid\u00e9e de la mosqu\u00e9e bleue d'Istanbul2\" src=\"https:\/\/bluemosque.gen.tr\/wp-content\/uploads\/2025\/04\/Istanbul-Blue-Mosque-Guided-Tour2-1024x581.png\" data-src=\"https:\/\/bluemosque.gen.tr\/wp-content\/uploads\/2025\/04\/Istanbul-Blue-Mosque-Guided-Tour2-300x170.png\" loading=\"lazy\" data-sizes=\"{&quot;thumbnail&quot;:{&quot;url&quot;:&quot;https:\/\/bluemosque.gen.tr\/wp-content\/uploads\/2025\/04\/Istanbul-Blue-Mosque-Guided-Tour2-150x150.png&quot;,&quot;height&quot;:150,&quot;width&quot;:150,&quot;orientation&quot;:&quot;landscape&quot;},&quot;medium&quot;:{&quot;url&quot;:&quot;https:\/\/bluemosque.gen.tr\/wp-content\/uploads\/2025\/04\/Istanbul-Blue-Mosque-Guided-Tour2-300x170.png&quot;,&quot;height&quot;:170,&quot;width&quot;:300,&quot;orientation&quot;:&quot;landscape&quot;},&quot;large&quot;:{&quot;url&quot;:&quot;https:\/\/bluemosque.gen.tr\/wp-content\/uploads\/2025\/04\/Istanbul-Blue-Mosque-Guided-Tour2-1024x581.png&quot;,&quot;height&quot;:581,&quot;width&quot;:1024,&quot;orientation&quot;:&quot;landscape&quot;},&quot;full&quot;:{&quot;url&quot;:&quot;https:\/\/bluemosque.gen.tr\/wp-content\/uploads\/2025\/04\/Istanbul-Blue-Mosque-Guided-Tour2.png&quot;,&quot;height&quot;:855,&quot;width&quot;:1508,&quot;orientation&quot;:&quot;landscape&quot;}}\"><\/span><span><img decoding=\"async\" alt=\"\" data-id=\"3930\" width=\"1508\" height=\"851\" title=\"Visite guid\u00e9e de la mosqu\u00e9e bleue d'Istanbul3\" src=\"https:\/\/bluemosque.gen.tr\/wp-content\/uploads\/2025\/04\/Istanbul-Blue-Mosque-Guided-Tour3-1024x578.png\" data-src=\"https:\/\/bluemosque.gen.tr\/wp-content\/uploads\/2025\/04\/Istanbul-Blue-Mosque-Guided-Tour3-300x169.png\" loading=\"lazy\" data-sizes=\"{&quot;thumbnail&quot;:{&quot;url&quot;:&quot;https:\/\/bluemosque.gen.tr\/wp-content\/uploads\/2025\/04\/Istanbul-Blue-Mosque-Guided-Tour3-150x150.png&quot;,&quot;height&quot;:150,&quot;width&quot;:150,&quot;orientation&quot;:&quot;landscape&quot;},&quot;medium&quot;:{&quot;url&quot;:&quot;https:\/\/bluemosque.gen.tr\/wp-content\/uploads\/2025\/04\/Istanbul-Blue-Mosque-Guided-Tour3-300x169.png&quot;,&quot;height&quot;:169,&quot;width&quot;:300,&quot;orientation&quot;:&quot;landscape&quot;},&quot;large&quot;:{&quot;url&quot;:&quot;https:\/\/bluemosque.gen.tr\/wp-content\/uploads\/2025\/04\/Istanbul-Blue-Mosque-Guided-Tour3-1024x578.png&quot;,&quot;height&quot;:578,&quot;width&quot;:1024,&quot;orientation&quot;:&quot;landscape&quot;},&quot;full&quot;:{&quot;url&quot;:&quot;https:\/\/bluemosque.gen.tr\/wp-content\/uploads\/2025\/04\/Istanbul-Blue-Mosque-Guided-Tour3.png&quot;,&quot;height&quot;:851,&quot;width&quot;:1508,&quot;orientation&quot;:&quot;landscape&quot;}}\"><\/span><span><img decoding=\"async\" alt=\"\" data-id=\"3932\" width=\"1514\" height=\"857\" title=\"Visite guid\u00e9e de la mosqu\u00e9e bleue d'Istanbul4\" src=\"https:\/\/bluemosque.gen.tr\/wp-content\/uploads\/2025\/04\/Istanbul-Blue-Mosque-Guided-Tour4-1024x580.png\" data-src=\"https:\/\/bluemosque.gen.tr\/wp-content\/uploads\/2025\/04\/Istanbul-Blue-Mosque-Guided-Tour4-300x170.png\" loading=\"lazy\" data-sizes=\"{&quot;thumbnail&quot;:{&quot;url&quot;:&quot;https:\/\/bluemosque.gen.tr\/wp-content\/uploads\/2025\/04\/Istanbul-Blue-Mosque-Guided-Tour4-150x150.png&quot;,&quot;height&quot;:150,&quot;width&quot;:150,&quot;orientation&quot;:&quot;landscape&quot;},&quot;medium&quot;:{&quot;url&quot;:&quot;https:\/\/bluemosque.gen.tr\/wp-content\/uploads\/2025\/04\/Istanbul-Blue-Mosque-Guided-Tour4-300x170.png&quot;,&quot;height&quot;:170,&quot;width&quot;:300,&quot;orientation&quot;:&quot;landscape&quot;},&quot;large&quot;:{&quot;url&quot;:&quot;https:\/\/bluemosque.gen.tr\/wp-content\/uploads\/2025\/04\/Istanbul-Blue-Mosque-Guided-Tour4-1024x580.png&quot;,&quot;height&quot;:580,&quot;width&quot;:1024,&quot;orientation&quot;:&quot;landscape&quot;},&quot;full&quot;:{&quot;url&quot;:&quot;https:\/\/bluemosque.gen.tr\/wp-content\/uploads\/2025\/04\/Istanbul-Blue-Mosque-Guided-Tour4.png&quot;,&quot;height&quot;:857,&quot;width&quot;:1514,&quot;orientation&quot;:&quot;landscape&quot;}}\"><\/span><span><img decoding=\"async\" alt=\"\" data-id=\"3934\" width=\"1511\" height=\"853\" title=\"Visite guid\u00e9e de la mosqu\u00e9e bleue d'Istanbul5\" src=\"https:\/\/bluemosque.gen.tr\/wp-content\/uploads\/2025\/04\/Istanbul-Blue-Mosque-Guided-Tour5-1024x578.png\" data-src=\"https:\/\/bluemosque.gen.tr\/wp-content\/uploads\/2025\/04\/Istanbul-Blue-Mosque-Guided-Tour5-300x169.png\" loading=\"lazy\" data-sizes=\"{&quot;thumbnail&quot;:{&quot;url&quot;:&quot;https:\/\/bluemosque.gen.tr\/wp-content\/uploads\/2025\/04\/Istanbul-Blue-Mosque-Guided-Tour5-150x150.png&quot;,&quot;height&quot;:150,&quot;width&quot;:150,&quot;orientation&quot;:&quot;landscape&quot;},&quot;medium&quot;:{&quot;url&quot;:&quot;https:\/\/bluemosque.gen.tr\/wp-content\/uploads\/2025\/04\/Istanbul-Blue-Mosque-Guided-Tour5-300x169.png&quot;,&quot;height&quot;:169,&quot;width&quot;:300,&quot;orientation&quot;:&quot;landscape&quot;},&quot;large&quot;:{&quot;url&quot;:&quot;https:\/\/bluemosque.gen.tr\/wp-content\/uploads\/2025\/04\/Istanbul-Blue-Mosque-Guided-Tour5-1024x578.png&quot;,&quot;height&quot;:578,&quot;width&quot;:1024,&quot;orientation&quot;:&quot;landscape&quot;},&quot;full&quot;:{&quot;url&quot;:&quot;https:\/\/bluemosque.gen.tr\/wp-content\/uploads\/2025\/04\/Istanbul-Blue-Mosque-Guided-Tour5.png&quot;,&quot;height&quot;:853,&quot;width&quot;:1511,&quot;orientation&quot;:&quot;landscape&quot;}}\"><\/span><\/p>\n<h1 dir=\"ltr\">Istanbul: Visite guid\u00e9e de la Mosqu\u00e9e Bleue<\/h1>\n<p style=\"\"><\/p>\n<h2><a href=\"https:\/\/www.headout.com\/fr\/billets-mosquee-bleue\/visite-guidee-de-la-mosquee-bleue-e-22487\/?affiliate_code=KXkQ69&amp;currencyCode=EUR&amp;languageCode=fr&amp;utm_campaign=bluemosquegentrfrbestsellersp&amp;utm_content=link&amp;utm_medium=affiliate&amp;utm_source=most_amazing_places\" target=\"_blank\" rel=\"nofollow noopener\" style=\"outline: none;\">Make a reservation<\/a><\/h2>\n<h1><a href=\"https:\/\/www.headout.com\/r\/most-amazing-placesrecommends-RdeaM\/\" target=\"_blank\" rel=\"nofollow noopener\" style=\"outline: none;\" spellcheck=\"false\"><span style=\"font-weight: normal;\">\u00c0 partir de&nbsp;<\/span><strong>16,49 \u20ac<\/strong><\/a><\/h1>\n<p dir=\"ltr\"><strong>Explorez l\u2019embl\u00e9matique Mosqu\u00e9e Bleue et plongez dans des si\u00e8cles d\u2019histoire lors d\u2019une visite guid\u00e9e \u00e0 pied dans la vieille ville d\u2019Istanbul.<\/strong> Choisissez parmi des options suppl\u00e9mentaires, comme Sainte-Sophie, Citerne Basilique ou une croisi\u00e8re pittoresque sur le Bosphore, pour <strong>enrichir votre exp\u00e9rience<\/strong> et d\u00e9couvrir les sites les plus fascinants de la ville.<\/p>\n<ul>\n<li style=\"\"><span>Billet tri\u00e9 sur le volet<\/span><\/li>\n<li style=\"\"><span>Billet mobile<\/span><\/li>\n<li style=\"\"><span>Guide audio<\/span><\/li>\n<li style=\"\"><span>Annulation gratuite<\/span><\/li>\n<\/ul>\n<h2>Ce qui est inclus<\/h2>\n<ul>\n<li><span>Entr\u00e9e et visite guid\u00e9e d&rsquo;une heure de la Mosqu\u00e9e Bleue<\/span><\/li>\n<li><span>Guide anglophone agr\u00e9\u00e9<\/span><\/li>\n<li><span>Visite \u00e0 pied de la vieille ville d&rsquo;Istanbul<\/span><\/li>\n<li><span>Carte de la vieille ville d&rsquo;Istanbul<\/span><\/li>\n<li><span>Croisi\u00e8re de 90 minutes sur le Bosphore (si s\u00e9lectionn\u00e9e)<\/span><\/li>\n<li><span>Audioguide en 9 langues et plus pour la croisi\u00e8re (si s\u00e9lectionn\u00e9)<\/span><\/li>\n<li><span>Carte de croisi\u00e8re (si s\u00e9lectionn\u00e9e)<\/span><\/li>\n<li><span>Entr\u00e9e et visite guid\u00e9e de 45 minutes de Sainte-Sophie (si s\u00e9lectionn\u00e9e)<\/span><\/li>\n<li><span>Entr\u00e9e et visite guid\u00e9e de 30 minutes de la citerne de la basilique (si s\u00e9lectionn\u00e9e)<\/span><\/li>\n<\/ul>\n<h2>Ce qui n&rsquo;est pas inclus<\/h2>\n<ul>\n<li style=\"\"><span>Prise en charge et retour \u00e0 l&rsquo;h\u00f4tel<\/span><\/li>\n<li style=\"\"><span>Nourriture et boissons<\/span><\/li>\n<li style=\"\"><span>Pourboires et d\u00e9penses personnelles<\/span><\/li>\n<\/ul>\n<h2>Informations importantes<\/h2>\n<ul>\n<li style=\"\"><span>Veuillez vous habiller modestement ; les femmes devraient apporter un foulard.<\/span><\/li>\n<li style=\"\"><span>Des \u00e9charpes et des couvre-corps sont disponibles \u00e0 l&rsquo;achat \u00e0 l&rsquo;entr\u00e9e.<\/span><\/li>\n<li style=\"\"><span>Les chaussures doivent \u00eatre enlev\u00e9es avant d&rsquo;entrer dans la mosqu\u00e9e.<\/span><\/li>\n<li style=\"\"><span>La zone de pri\u00e8re de Sainte-Sophie n&rsquo;est accessible qu&rsquo;aux citoyens turcs.<\/span><\/li>\n<li><span>La citerne de la basilique est accessible aux fauteuils roulants ; Sainte-Sophie ne l&rsquo;est pas.<\/span><\/li>\n<li><span>Attendez-vous \u00e0 de longues files d&rsquo;attente pendant les heures de pointe ; visitez apr\u00e8s 16 heures pour une entr\u00e9e plus facile.<\/span><\/li>\n<li><span>N&rsquo;oubliez pas d&rsquo;apporter vos \u00e9couteurs pour l&rsquo;exp\u00e9rience du guide audio (si s\u00e9lectionn\u00e9).<\/span><\/li>\n<\/ul>\n<h2>Description :<\/h2>\n<p dir=\"ltr\">Entrez dans le c\u0153ur spirituel d&rsquo;Istanbul avec une <strong>visite guid\u00e9e de la Mosqu\u00e9e Bleue<\/strong>, o\u00f9 les vers sacr\u00e9s et les si\u00e8cles d&rsquo;artisanat se rencontrent.<strong> Promenez-vous dans la vieille ville, riche en monuments anciens, et am\u00e9liorez votre exp\u00e9rience avec des visites facultatives <\/strong>\u00e0 Sainte-Sophie, \u00e0 la citerne de la basilique ou \u00e0 une croisi\u00e8re sur le Bosphore offrant une vue imprenable sur les toits de la ville.<\/p>\n<h2>Itin\u00e9raire :<\/h2>\n<p dir=\"ltr\"><strong>Point de d\u00e9part : <\/strong>Cankurtaran, No:5 Kabasakal Caddesi, Istanbul<\/p>\n<ol>\n<li ltr\"\"=\"\"><strong>Mosqu\u00e9e bleue &#8211; 60 min : <\/strong>Admirez les six minarets imposants, le vaste d\u00f4me et les 20 000 carreaux bleus \u0130znik qui ornent l&rsquo;int\u00e9rieur.<\/li>\n<li ltr\"\"=\"\"><strong>Vieille ville d&rsquo;Istanbul &#8211; Walkthrough : <\/strong>Explorez les rues historiques remplies de mosqu\u00e9es, de hammams, de bazars et de charme de l&rsquo;\u00e8re ottomane.<\/li>\n<li ltr\"\"=\"\"><strong>Sainte-Sophie &#8211; 45 min (facultatif) : <\/strong>D\u00e9couvrez les mosa\u00efques byzantines, les domes massifs, la calligraphie islamique et les secrets anciens.<\/li>\n<li ltr\"\"=\"\"><strong>Citerne de la basilique &#8211; 30 min (facultatif) : <\/strong>Promenez-vous dans un monde souterrain \u00e9trange de colonnes de marbre et de t\u00eates mythiques de M\u00e9duse.<strong><\/strong><\/li>\n<\/ol>\n<ul>\n","protected":false},"excerpt":{"rendered":"<p>Istanbul: Visite guid\u00e9e de la Mosqu\u00e9e Bleue Make a reservation \u00c0 partir de&nbsp;16,49 \u20ac Explorez l\u2019embl\u00e9matique Mosqu\u00e9e Bleue et plongez dans des si\u00e8cles d\u2019histoire lors d\u2019une visite guid\u00e9e \u00e0 pied dans la vieille ville d\u2019Istanbul. Choisissez parmi des options suppl\u00e9mentaires, comme Sainte-Sophie, Citerne Basilique ou une croisi\u00e8re pittoresque sur le Bosphore, pour enrichir votre exp\u00e9rience [&hellip;]<\/p>\n","protected":false},"author":4,"featured_media":4211,"parent":0,"menu_order":0,"comment_status":"closed","ping_status":"closed","template":"","meta":{"footnotes":"","tve_updated_post":"","tve_custom_css":"","tve_user_custom_css":"","tve_globals":{},"tcb2_ready":1,"tcb_editor_enabled":1,"tve_landing_page":"bd86f3fc67210fed5b2794ad4a56d3a9","_tve_header":"4104","_tve_footer":"4105"},"class_list":["post-4210","page","type-page","status-publish","has-post-thumbnail","hentry","post-wrapper","thrv_wrapper"],"_links":{"self":[{"href":"https:\/\/bluemosque.gen.tr\/fr\/wp-json\/wp\/v2\/pages\/4210","targetHints":{"allow":["GET"]}}],"collection":[{"href":"https:\/\/bluemosque.gen.tr\/fr\/wp-json\/wp\/v2\/pages"}],"about":[{"href":"https:\/\/bluemosque.gen.tr\/fr\/wp-json\/wp\/v2\/types\/page"}],"author":[{"embeddable":true,"href":"https:\/\/bluemosque.gen.tr\/fr\/wp-json\/wp\/v2\/users\/4"}],"replies":[{"embeddable":true,"href":"https:\/\/bluemosque.gen.tr\/fr\/wp-json\/wp\/v2\/comments?post=4210"}],"version-history":[{"count":6,"href":"https:\/\/bluemosque.gen.tr\/fr\/wp-json\/wp\/v2\/pages\/4210\/revisions"}],"predecessor-version":[{"id":5739,"href":"https:\/\/bluemosque.gen.tr\/fr\/wp-json\/wp\/v2\/pages\/4210\/revisions\/5739"}],"wp:featuredmedia":[{"embeddable":true,"href":"https:\/\/bluemosque.gen.tr\/fr\/wp-json\/wp\/v2\/media\/4211"}],"wp:attachment":[{"href":"https:\/\/bluemosque.gen.tr\/fr\/wp-json\/wp\/v2\/media?parent=4210"}],"curies":[{"name":"wp","href":"https:\/\/api.w.org\/{rel}","templated":true}]}}