{"id":4781,"date":"2025-02-20T08:59:42","date_gmt":"2025-02-20T08:59:42","guid":{"rendered":"https:\/\/bluemosque.gen.tr\/blue-mosque-tickets\/"},"modified":"2025-08-19T12:03:09","modified_gmt":"2025-08-19T12:03:09","slug":"moschea-blu-istanbul-biglietti","status":"publish","type":"page","link":"https:\/\/bluemosque.gen.tr\/it\/moschea-blu-istanbul-biglietti\/","title":{"rendered":"Moschea Blu di Istanbul: biglietti d&#8217;ingresso, biglietti e tour"},"content":{"rendered":"<h1 style=\"\"><span data-attr-id=\"the_title\" data-extra_key=\"the_title\" data-option-inline=\"1\" data-shortcode=\"thrv_dynamic_data_content\" data-shortcode-name=\"Post title\" style=\"\">Moschea Blu di Istanbul: biglietti d&#8217;ingresso, biglietti e tour<\/span><\/h1>\n<p>La <strong>Moschea Blu, o Moschea di Sultanahmet,<\/strong> \u00e8 uno dei monumenti pi\u00f9 famosi di Istanbul e attrae milioni di visitatori ogni anno. <strong>L&#8217;ingresso alla moschea \u00e8 gratuito<\/strong>, ma \u00e8 vivamente consigliata una&nbsp;<strong>visita guidata<\/strong> per apprezzarne appieno la storia, l&#8217;architettura e il significato culturale.<\/p>\n<p>In questa pagina troverai tutto ci\u00f2 che devi sapere su Moschea Blu Istanbul biglietti<strong>, sui prezzi d&#8217;ingresso e sulle migliori visite guidate<\/strong> , compresi <strong>i biglietti combinati<\/strong> che ti consentono di esplorare pi\u00f9 attrazioni nelle vicinanze.<\/p>\n<p>\u2192 Per le regole generali per i visitatori e i periodi migliori per la visita, consultare le <a href=\"https:\/\/bluemosque.gen.tr\/it\/moschea-blu-orari\/\" style=\"outline: none;\"><strong>informazioni per i visitatori della Moschea Blu.<\/strong><\/a><\/p>\n<h2 style=\"text-align: center;\"><strong>Moschea Blu Istanbul biglietti e tour<\/strong><\/h2>\n<p style=\"text-align: left;\"><a data-lt-tmp-id=\"lt-407221\" href=\"https:\/\/megapass.com\/tours-tickets\/blue-mosque-tour-with-official-guide-i2201?discountCode=ma-places\" rel=\"nofollow noopener\" spellcheck=\"false\" target=\"_blank\" style=\"outline: none;\">Miglior prezzo: 16,49 \u20ac<\/a><\/p>\n<p style=\"\"><a href=\"https:\/\/megapass.com\/tours-tickets\/blue-mosque-tour-with-official-guide-i2201?discountCode=ma-places\" target=\"_blank\" rel=\"nofollow noopener\" style=\"outline: none;\" data-lt-tmp-id=\"lt-694635\" spellcheck=\"false\">4,6\/5 (20+ recensioni)<\/a><\/p>\n<h2 data-qa-marker=\"product-name\"><a data-lt-tmp-id=\"lt-262496\" href=\"https:\/\/megapass.com\/tours-tickets\/blue-mosque-tour-with-official-guide-i2201?discountCode=ma-places\" rel=\"nofollow noopener\" spellcheck=\"false\" style=\"outline: none;\" target=\"_blank\">Tour della Moschea Blu con guida ufficiale<\/a><\/h2>\n<h3 style=\"\"><strong>Tour guidato singolo pi\u00f9 venduto<\/strong><\/h3>\n<p dir=\"ltr\">Scopri la bellezza mozzafiato della Moschea Blu con <strong>una guida esperta ufficiale.<\/strong> Immergiti in un affascinante <strong>viaggio di 60 minuti<\/strong> attraverso questo capolavoro architettonico.&nbsp;<\/p>\n<p dir=\"ltr\" style=\"\"><strong>Include<\/strong>&nbsp;<\/p>\n<ul>\n<li \"=\"\" style=\"\" tve-u-19518c46c27\"=\"\"><strong>Tour della Moschea Blu di 60 minuti<\/strong><\/li>\n<li \"=\"\" style=\"\" tve-u-19518c46c28\"=\"\"><strong>Guida turistica<\/strong> di lingua inglese<strong><\/strong><\/li>\n<li \"=\"\" style=\"\" tve-u-19518c46c29\"=\"\">Soggiorno illimitato all&#8217;interno in seguito<\/li>\n<\/ul>\n<p>__CONFIG_colors_palette__{&#8220;active_palette&#8221;:0,&#8221;config&#8221;:{&#8220;colors&#8221;:{&#8220;48994&#8221;:{&#8220;name&#8221;:&#8221;Main Accent&#8221;,&#8221;parent&#8221;:-1}},&#8221;gradients&#8221;:[]},&#8221;palettes&#8221;:[{&#8220;name&#8221;:&#8221;Default Palette&#8221;,&#8221;value&#8221;:{&#8220;colors&#8221;:{&#8220;48994&#8221;:{&#8220;val&#8221;:&#8221;hsla(var(&#8211;tcb-main-master-h, 210), var(&#8211;tcb-main-master-s, 77%), var(&#8211;tcb-main-master-l, 54%), 1)&#8221;}},&#8221;gradients&#8221;:[]},&#8221;original&#8221;:{&#8220;colors&#8221;:{&#8220;48994&#8221;:{&#8220;val&#8221;:&#8221;rgb(19, 114, 211)&#8221;,&#8221;hsl&#8221;:{&#8220;h&#8221;:210,&#8221;s&#8221;:0.83,&#8221;l&#8221;:0.45}}},&#8221;gradients&#8221;:[]}}]}__CONFIG_colors_palette__ <a href=\"https:\/\/megapass.com\/tours-tickets\/blue-mosque-tour-with-official-guide-i2201?discountCode=ma-places\" style=\"\" target=\"_blank\" rel=\"nofollow noopener\"> <span><span>Verifica la disponibilit\u00e0<\/span><\/span> <\/a>       <\/p>\n<p style=\"text-align: left;\"><a data-lt-tmp-id=\"lt-428845\" href=\"https:\/\/www.headout.com\/r\/most-amazing-placesrecommends-IixKa\/\" rel=\"nofollow noopener\" spellcheck=\"false\" target=\"_blank\" style=\"outline: none;\">Miglior prezzo: 53,00 \u20ac<\/a><\/p>\n<p style=\"\"><a href=\"https:\/\/www.headout.com\/r\/most-amazing-placesrecommends-IixKa\/\" target=\"_blank\" rel=\"nofollow noopener\" style=\"outline: none;\" spellcheck=\"false\">4,3\/5 (1100+ recensioni)<\/a><\/p>\n<h2 data-qa-marker=\"product-name\"><a data-lt-tmp-id=\"lt-262496\" href=\"https:\/\/megapass.com\/tours-tickets\/blue-mosque-tour-with-official-guide-i2201?discountCode=ma-places\" rel=\"nofollow noopener\" spellcheck=\"false\" target=\"_blank\" style=\"outline: none;\"><\/a><a data-lt-tmp-id=\"lt-398957\" href=\"https:\/\/www.headout.com\/r\/most-amazing-placesrecommends-IixKa\/\" rel=\"nofollow noopener\" spellcheck=\"false\" style=\"outline: none;\" target=\"_blank\">Visita guidata della Moschea Blu e di Santa Sofia con biglietti<\/a><\/h2>\n<h3><strong>Combo pi\u00f9 venduto con biglietto per la Basilica di Santa Sofia<\/strong><\/h3>\n<p dir=\"ltr\"><strong>Scopri le due moschee pi\u00f9 iconiche<\/strong> di Istanbul! Goditi un tour guidato di 1 ora della splendida <strong>Moschea Blu<\/strong>, poi salta la fila ed esplora la maestosa&nbsp;<strong>Basilica di Santa Sofia<\/strong> al tuo ritmo.<\/p>\n<p dir=\"ltr\"><strong>Include<\/strong>&nbsp;<\/p>\n<ul>\n<li><strong>Biglietti d&#8217;ingresso per la Basilica di Santa Sofia<\/strong><\/li>\n<li><strong>Tour di 1 ora di Santa Sofia<\/strong> con guida in lingua inglese<\/li>\n<li><strong>Tour di 1 ora della Moschea Blu<\/strong> con guida in lingua inglese<\/li>\n<li><strong>Tour della citt\u00e0 vecchia<\/strong><\/li>\n<\/ul>\n<p>__CONFIG_colors_palette__{&#8220;active_palette&#8221;:0,&#8221;config&#8221;:{&#8220;colors&#8221;:{&#8220;48994&#8221;:{&#8220;name&#8221;:&#8221;Main Accent&#8221;,&#8221;parent&#8221;:-1}},&#8221;gradients&#8221;:[]},&#8221;palettes&#8221;:[{&#8220;name&#8221;:&#8221;Default Palette&#8221;,&#8221;value&#8221;:{&#8220;colors&#8221;:{&#8220;48994&#8221;:{&#8220;val&#8221;:&#8221;hsla(var(&#8211;tcb-main-master-h, 210), var(&#8211;tcb-main-master-s, 77%), var(&#8211;tcb-main-master-l, 54%), 1)&#8221;}},&#8221;gradients&#8221;:[]},&#8221;original&#8221;:{&#8220;colors&#8221;:{&#8220;48994&#8221;:{&#8220;val&#8221;:&#8221;rgb(19, 114, 211)&#8221;,&#8221;hsl&#8221;:{&#8220;h&#8221;:210,&#8221;s&#8221;:0.83,&#8221;l&#8221;:0.45}}},&#8221;gradients&#8221;:[]}}]}__CONFIG_colors_palette__ <a href=\"https:\/\/www.headout.com\/r\/most-amazing-placesrecommends-IixKa\/\" style=\"\" target=\"_blank\" rel=\"nofollow noopener\"> <span><span>Verifica la disponibilit\u00e0<\/span><\/span> <\/a>       <\/p>\n<p style=\"text-align: left;\"><a data-lt-tmp-id=\"lt-428845\" href=\"https:\/\/www.headout.com\/r\/most-amazing-placesrecommends-Ij9Ma\/\" rel=\"nofollow noopener\" spellcheck=\"false\" target=\"_blank\" style=\"outline: none;\">Miglior prezzo: 99,00 \u20ac<\/a><\/p>\n<p style=\"\"><a href=\"https:\/\/www.headout.com\/r\/most-amazing-placesrecommends-Ij9Ma\/\" target=\"_blank\" rel=\"nofollow noopener\" style=\"outline: none;\" data-lt-tmp-id=\"lt-431422\" spellcheck=\"false\">4,3\/5 (800+ recensioni)<\/a><\/p>\n<h2 data-qa-marker=\"product-name\" style=\"\"><a href=\"https:\/\/www.headout.com\/r\/most-amazing-placesrecommends-g7k3S\/\" target=\"_blank\" style=\"outline: none;\" rel=\"nofollow noopener\" data-lt-tmp-id=\"lt-262496\" spellcheck=\"false\"><\/a><a data-lt-tmp-id=\"lt-398957\" href=\"https:\/\/www.headout.com\/r\/most-amazing-placesrecommends-Ij9Ma\/\" rel=\"nofollow noopener\" spellcheck=\"false\" style=\"outline: none;\" target=\"_blank\">Combo: Basilica Cisterna + Moschea Blu + Visita guidata di Santa Sofia con biglietti salta fila<\/a><\/h2>\n<h3 style=\"\"><strong>Il pacchetto Istanbul pi\u00f9 venduto (incluso il tour della Moschea Blu)<\/strong><\/h3>\n<p>Scopri <strong>i monumenti pi\u00f9 iconici di Istanbul<\/strong>, la Basilica Cisterna, la Moschea Blu e la Basilica di Santa Sofia, con una guida esperta di lingua inglese.<\/p>\n<p dir=\"ltr\"><strong>Include<\/strong>&nbsp;<\/p>\n<ul>\n<li><strong>Basilica Cisterna:<\/strong> visita guidata di 1 ora + biglietto salta fila<\/li>\n<li><strong>Moschea Blu:<\/strong> visita guidata di 1 ora<\/li>\n<li><strong>Santa Sofia:<\/strong> biglietto salta fila + visita guidata di 1 ora + audioguida<\/li>\n<\/ul>\n<p>__CONFIG_colors_palette__{&#8220;active_palette&#8221;:0,&#8221;config&#8221;:{&#8220;colors&#8221;:{&#8220;48994&#8221;:{&#8220;name&#8221;:&#8221;Main Accent&#8221;,&#8221;parent&#8221;:-1}},&#8221;gradients&#8221;:[]},&#8221;palettes&#8221;:[{&#8220;name&#8221;:&#8221;Default Palette&#8221;,&#8221;value&#8221;:{&#8220;colors&#8221;:{&#8220;48994&#8221;:{&#8220;val&#8221;:&#8221;hsla(var(&#8211;tcb-main-master-h, 210), var(&#8211;tcb-main-master-s, 77%), var(&#8211;tcb-main-master-l, 54%), 1)&#8221;}},&#8221;gradients&#8221;:[]},&#8221;original&#8221;:{&#8220;colors&#8221;:{&#8220;48994&#8221;:{&#8220;val&#8221;:&#8221;rgb(19, 114, 211)&#8221;,&#8221;hsl&#8221;:{&#8220;h&#8221;:210,&#8221;s&#8221;:0.83,&#8221;l&#8221;:0.45}}},&#8221;gradients&#8221;:[]}}]}__CONFIG_colors_palette__ <a href=\"https:\/\/www.headout.com\/r\/most-amazing-placesrecommends-Ij9Ma\/\" style=\"\" target=\"_blank\" rel=\"nofollow noopener\"> <span><span>Verifica la disponibilit\u00e0<\/span><\/span> <\/a>       <\/p>\n<p style=\"text-align: left;\"><a data-lt-tmp-id=\"lt-428845\" href=\"https:\/\/megapass.com\/tours-tickets\/blue-mosque-tour-and-basilica-cistern-ticket-i2243?discountCode=ma-places\" rel=\"nofollow noopener\" spellcheck=\"false\" target=\"_blank\" style=\"outline: none;\">Miglior prezzo: 43,00 \u20ac<\/a><\/p>\n<p style=\"\"><a href=\"https:\/\/megapass.com\/tours-tickets\/blue-mosque-tour-and-basilica-cistern-ticket-i2243?discountCode=ma-places\" target=\"_blank\" rel=\"nofollow noopener\" style=\"outline: none;\" data-lt-tmp-id=\"lt-774872\" spellcheck=\"false\">4,8\/5 (30+ recensioni)<\/a><\/p>\n<h2 data-qa-marker=\"product-name\" style=\"\"><a href=\"https:\/\/www.headout.com\/r\/most-amazing-placesrecommends-g7k3S\/\" target=\"_blank\" style=\"outline: none;\" rel=\"nofollow noopener\" data-lt-tmp-id=\"lt-262496\" spellcheck=\"false\"><\/a><a data-lt-tmp-id=\"lt-398957\" href=\"https:\/\/megapass.com\/tours-tickets\/blue-mosque-tour-and-basilica-cistern-ticket-i2243?discountCode=ma-places\" rel=\"nofollow noopener\" spellcheck=\"false\" style=\"outline: none;\" target=\"_blank\">Tour della Moschea Blu e biglietto per la Basilica Cisterna<\/a><\/h2>\n<h3 style=\"\"><strong>Combo pi\u00f9 venduto con la Cisterna Basilica<\/strong><\/h3>\n<p data-pm-slice=\"1 1 []\"><span style=\"font-size: 14px !important;\">Goditi un tour guidato di 60 minuti della Moschea Blu, poi salta la fila ed esplora la mistica Basilica Cisterna con un&#8217;audioguida.<\/span><\/p>\n<p dir=\"ltr\"><strong>Include<\/strong>&nbsp;<\/p>\n<ul>\n<li><strong>Basilica Cisterna:<\/strong> &nbsp;biglietto salta fila + audioguida digitale<\/li>\n<li><strong>Moschea Blu:<\/strong> visita guidata di 1 ora con guida in lingua inglese<\/li>\n<\/ul>\n<p>__CONFIG_colors_palette__{&#8220;active_palette&#8221;:0,&#8221;config&#8221;:{&#8220;colors&#8221;:{&#8220;48994&#8221;:{&#8220;name&#8221;:&#8221;Main Accent&#8221;,&#8221;parent&#8221;:-1}},&#8221;gradients&#8221;:[]},&#8221;palettes&#8221;:[{&#8220;name&#8221;:&#8221;Default Palette&#8221;,&#8221;value&#8221;:{&#8220;colors&#8221;:{&#8220;48994&#8221;:{&#8220;val&#8221;:&#8221;hsla(var(&#8211;tcb-main-master-h, 210), var(&#8211;tcb-main-master-s, 77%), var(&#8211;tcb-main-master-l, 54%), 1)&#8221;}},&#8221;gradients&#8221;:[]},&#8221;original&#8221;:{&#8220;colors&#8221;:{&#8220;48994&#8221;:{&#8220;val&#8221;:&#8221;rgb(19, 114, 211)&#8221;,&#8221;hsl&#8221;:{&#8220;h&#8221;:210,&#8221;s&#8221;:0.83,&#8221;l&#8221;:0.45}}},&#8221;gradients&#8221;:[]}}]}__CONFIG_colors_palette__ <a href=\"https:\/\/megapass.com\/tours-tickets\/blue-mosque-tour-and-basilica-cistern-ticket-i2243?discountCode=ma-places\" style=\"\" target=\"_blank\" rel=\"nofollow noopener\"> <span><span>Verifica la disponibilit\u00e0<\/span><\/span> <\/a>       <\/p>\n<p style=\"text-align: left;\"><a data-lt-tmp-id=\"lt-927647\" href=\"https:\/\/megapass.com\/turkey\/istanbul\/pass?discountCode=ma-places\" rel=\"nofollow noopener\" spellcheck=\"false\" target=\"_blank\" style=\"outline: none;\">Miglior prezzo: 144,00 \u20ac<\/a><\/p>\n<p style=\"\"><a href=\"https:\/\/megapass.com\/turkey\/istanbul\/pass?discountCode=ma-places\" target=\"_blank\" rel=\"nofollow noopener\" style=\"outline: none;\" data-lt-tmp-id=\"lt-102248\" spellcheck=\"false\">4,9\/5 (1000+ recensioni)<\/a><\/p>\n<h2 data-qa-marker=\"product-name\" style=\"\"><a href=\"https:\/\/www.headout.com\/r\/most-amazing-placesrecommends-g7k3S\/\" target=\"_blank\" style=\"outline: none;\" rel=\"nofollow noopener\" data-lt-tmp-id=\"lt-262496\" spellcheck=\"false\"><\/a><a data-lt-tmp-id=\"lt-398957\" href=\"https:\/\/megapass.com\/turkey\/istanbul\/pass?discountCode=ma-places\" rel=\"nofollow noopener\" spellcheck=\"false\" style=\"outline: none;\" target=\"_blank\">Istanbul City Pass Classic di Megapass<\/a><\/h2>\n<h3 style=\"\"><strong>City Pass di prima qualit\u00e0&nbsp;<\/strong><strong>(incluso il tour della Moschea Blu)<\/strong><\/h3>\n<p>Con questo pass <strong>potrai visitare 2 attrazioni principali<\/strong>, ammirare la Moschea Blu, fare una crociera sul Bosforo e accedere ai trasporti pubblici per&nbsp;<strong>visitare Istanbul senza problemi.<\/strong>&nbsp;<\/p>\n<p dir=\"ltr\"><strong>Include<\/strong>&nbsp;<\/p>\n<ul>\n<li><strong>Tour della Moschea Blu<\/strong><\/li>\n<li><strong>1 Crociera sul Bosforo<\/strong><\/li>\n<li><strong>Tessera per i trasporti pubblici da 5 corse<\/strong><\/li>\n<li><strong>2 attrazioni aggiuntive<\/strong> a tua scelta<\/li>\n<li><strong>Guida audio<\/strong><\/li>\n<\/ul>\n<p>__CONFIG_colors_palette__{&#8220;active_palette&#8221;:0,&#8221;config&#8221;:{&#8220;colors&#8221;:{&#8220;48994&#8221;:{&#8220;name&#8221;:&#8221;Main Accent&#8221;,&#8221;parent&#8221;:-1}},&#8221;gradients&#8221;:[]},&#8221;palettes&#8221;:[{&#8220;name&#8221;:&#8221;Default Palette&#8221;,&#8221;value&#8221;:{&#8220;colors&#8221;:{&#8220;48994&#8221;:{&#8220;val&#8221;:&#8221;hsla(var(&#8211;tcb-main-master-h, 210), var(&#8211;tcb-main-master-s, 77%), var(&#8211;tcb-main-master-l, 54%), 1)&#8221;}},&#8221;gradients&#8221;:[]},&#8221;original&#8221;:{&#8220;colors&#8221;:{&#8220;48994&#8221;:{&#8220;val&#8221;:&#8221;rgb(19, 114, 211)&#8221;,&#8221;hsl&#8221;:{&#8220;h&#8221;:210,&#8221;s&#8221;:0.83,&#8221;l&#8221;:0.45}}},&#8221;gradients&#8221;:[]}}]}__CONFIG_colors_palette__ <a href=\"https:\/\/megapass.com\/turkey\/istanbul\/pass?discountCode=ma-places\" style=\"\" target=\"_blank\" rel=\"nofollow noopener\"> <span><span>Verifica la disponibilit\u00e0<\/span><\/span> <\/a>    <span style=\"\"><img decoding=\"async\" alt=\"\" data-id=\"3236\" width=\"916\" data-init-width=\"1200\" height=\"481\" data-init-height=\"630\" title=\"Moschea Blu di Istanbul_ Ingresso, biglietti e tour\" src=\"https:\/\/bluemosque.gen.tr\/wp-content\/uploads\/2025\/02\/Blue-Mosque-Istanbul_-Entry-Fee-Tickets-Tours-1.jpg\" data-width=\"916\" data-height=\"481\" style=\"aspect-ratio: auto 1200 \/ 630;\" ml-d=\"0\" mt-d=\"-96.18700000000001\" center-v-d=\"false\" mt-t=\"-104\" mt-m=\"0\" ml-m=\"0\" center-h-m=\"false\" loading=\"lazy\"><span style=\"\"><\/span><\/span><\/p>\n<h2 style=\"text-align: center;\"><strong>FAQ \u2013 Moschea Blu Istanbul Biglietti e Ingresso<\/strong><\/h2>\n<h3><strong>L&#8217;ingresso alla Moschea Blu \u00e8 gratuito?<\/strong><\/h3>\n<p>S\u00ec, l&#8217;ingresso alla Moschea Blu \u00e8 gratuito poich\u00e9 rimane un luogo di culto attivo. Tuttavia, tutti i visitatori devono sottoporsi a un controllo di sicurezza obbligatorio, che pu\u00f2 durare fino a 30 minuti in bassa stagione e fino a 1 ora in alta stagione. Le donazioni sono benvenute.<\/p>\n<h3><strong>Ho bisogno di un biglietto per entrare nella Moschea Blu?<\/strong><\/h3>\n<p>No, <strong>l&#8217;ingresso \u00e8 gratuito<\/strong> , ma le visite guidate sono vivamente consigliate. Scopri i <a href=\"#tve-jump-198c2364389\" style=\"outline: none;\" jump-animation=\"smooth\"><strong>biglietti pi\u00f9 gettonati qui.<\/strong><\/a><\/p>\n<h3><strong>Posso entrare durante gli orari di preghiera?<\/strong><\/h3>\n<p>No, la Moschea Blu non \u00e8 aperta ai visitatori durante gli orari di preghiera. Per gli orari esatti, consultare la nostra pagina dedicata agli orari di preghiera.<\/p>\n<h3><strong>Qual \u00e8 il prezzo del biglietto per la Moschea Blu di Istanbul?<\/strong><\/h3>\n<p>L&#8217;ingresso \u00e8 gratuito, ma se si desidera una visita guidata, i prezzi variano in base a ci\u00f2 che include, come la Basilica di Santa Sofia, il Palazzo Topkapi o la Cisterna Basilica.&nbsp;<\/p>\n<h3><strong>Vale la pena fare una visita guidata alla Moschea Blu?<\/strong><\/h3>\n<p>S\u00ec, le visite guidate arricchiscono la vostra visita offrendo approfondimenti storici, contesto culturale e spiegazioni di esperti che non troverete in una visita autoguidata. Vi aiutano anche a pianificare la vostra visita per evitare chiusure per le preghiere e lunghe code per i controlli di sicurezza. &gt;&gt; Esplorate i nostri <a href=\"https:\/\/bluemosque.gen.tr\/it\/moschea-blu-istanbul-biglietti\/\" style=\"outline: none;\"><strong>tour guidati consigliati<\/strong><\/a> per le opzioni migliori.<\/p>\n<p><a href=\"https:\/\/bluemosque.gen.tr\/it\/hotel-vicino-moschea-blu\/\" dynamic-postlink=\"tcb_post_the_permalink\" data-shortcode-id=\"4837\"><\/a><\/p>\n<p style=\"padding-bottom: 0px !important; margin-bottom: 0px !important;\"><strong>Per saperne di pi\u00f9<\/strong><\/p>\n<h2 style=\"\" id=\"t-1730464049116\"><span data-attr-css=\"\" data-attr-link=\"1\" data-attr-rel=\"0\" data-attr-static-link=\"{&quot;className&quot;:&quot;&quot;,&quot;href&quot;:&quot;https:\/\/bluemosque.gen.tr\/it\/hotel-vicino-moschea-blu\/&quot;,&quot;title&quot;:&quot;Hotel consigliati vicino alla Moschea Blu di Istanbul&quot;,&quot;class&quot;:&quot;&quot;}\" data-attr-target=\"0\" data-extra_key=\"\" data-option-inline=\"1\" data-shortcode=\"tcb_post_title\" data-shortcode-name=\"Post title\" style=\"\"><a href=\"https:\/\/bluemosque.gen.tr\/it\/hotel-vicino-moschea-blu\/\" title=\"Hotel consigliati vicino alla Moschea Blu di Istanbul\" data-css=\"\">Hotel consigliati vicino alla Moschea Blu di Istanbul<\/a><\/span><\/h2>\n<p><a href=\"https:\/\/bluemosque.gen.tr\/it\/piazza-sultanahmet\/\" dynamic-postlink=\"tcb_post_the_permalink\" data-shortcode-id=\"4837\"><\/a><\/p>\n<p style=\"padding-bottom: 0px !important; margin-bottom: 0px !important;\"><strong>Per saperne di pi\u00f9<\/strong><\/p>\n<h2 style=\"\" id=\"t-1730464049116\"><span data-attr-css=\"\" data-attr-link=\"1\" data-attr-rel=\"0\" data-attr-static-link=\"{&quot;className&quot;:&quot;&quot;,&quot;href&quot;:&quot;https:\/\/bluemosque.gen.tr\/it\/hotel-vicino-moschea-blu\/&quot;,&quot;title&quot;:&quot;Hotel consigliati vicino alla Moschea Blu di Istanbul&quot;,&quot;class&quot;:&quot;&quot;}\" data-attr-target=\"0\" data-extra_key=\"\" data-option-inline=\"1\" data-shortcode=\"tcb_post_title\" data-shortcode-name=\"Post title\" style=\"\"><a href=\"https:\/\/bluemosque.gen.tr\/it\/piazza-sultanahmet\/\" title=\"Piazza Sultanahmet e dintorni: il cuore storico di Istanbul\" data-css=\"\">Piazza Sultanahmet e dintorni: il cuore storico di Istanbul<\/a><\/span><\/h2>\n<p><a href=\"javascript:void(0)\"><span><span>Load More<\/span><\/span><\/a><\/p>\n","protected":false},"excerpt":{"rendered":"<p>Moschea Blu di Istanbul: biglietti d&#8217;ingresso, biglietti e tour La Moschea Blu, o Moschea di Sultanahmet, \u00e8 uno dei monumenti pi\u00f9 famosi di Istanbul e attrae milioni di visitatori ogni anno. L&#8217;ingresso alla moschea \u00e8 gratuito, ma \u00e8 vivamente consigliata una&nbsp;visita guidata per apprezzarne appieno la storia, l&#8217;architettura e il significato culturale. In questa pagina [&hellip;]<\/p>\n","protected":false},"author":6,"featured_media":4782,"parent":0,"menu_order":0,"comment_status":"closed","ping_status":"closed","template":"","meta":{"footnotes":""},"class_list":["post-4781","page","type-page","status-publish","has-post-thumbnail","hentry","post-wrapper","thrv_wrapper"],"_links":{"self":[{"href":"https:\/\/bluemosque.gen.tr\/it\/wp-json\/wp\/v2\/pages\/4781","targetHints":{"allow":["GET"]}}],"collection":[{"href":"https:\/\/bluemosque.gen.tr\/it\/wp-json\/wp\/v2\/pages"}],"about":[{"href":"https:\/\/bluemosque.gen.tr\/it\/wp-json\/wp\/v2\/types\/page"}],"author":[{"embeddable":true,"href":"https:\/\/bluemosque.gen.tr\/it\/wp-json\/wp\/v2\/users\/6"}],"replies":[{"embeddable":true,"href":"https:\/\/bluemosque.gen.tr\/it\/wp-json\/wp\/v2\/comments?post=4781"}],"version-history":[{"count":11,"href":"https:\/\/bluemosque.gen.tr\/it\/wp-json\/wp\/v2\/pages\/4781\/revisions"}],"predecessor-version":[{"id":5072,"href":"https:\/\/bluemosque.gen.tr\/it\/wp-json\/wp\/v2\/pages\/4781\/revisions\/5072"}],"wp:featuredmedia":[{"embeddable":true,"href":"https:\/\/bluemosque.gen.tr\/it\/wp-json\/wp\/v2\/media\/4782"}],"wp:attachment":[{"href":"https:\/\/bluemosque.gen.tr\/it\/wp-json\/wp\/v2\/media?parent=4781"}],"curies":[{"name":"wp","href":"https:\/\/api.w.org\/{rel}","templated":true}]}}