{"id":4816,"date":"2025-02-20T11:56:46","date_gmt":"2025-02-20T11:56:46","guid":{"rendered":"https:\/\/bluemosque.gen.tr\/faq\/"},"modified":"2025-08-19T11:58:05","modified_gmt":"2025-08-19T11:58:05","slug":"moschea-blu-domande-frequenti","status":"publish","type":"page","link":"https:\/\/bluemosque.gen.tr\/it\/moschea-blu-domande-frequenti\/","title":{"rendered":"Domande frequenti sulla Moschea Blu in Turchia"},"content":{"rendered":"<h1 style=\"\"><span data-attr-id=\"the_title\" data-extra_key=\"the_title\" data-option-inline=\"1\" data-shortcode=\"thrv_dynamic_data_content\" data-shortcode-name=\"Post title\" style=\"\">Domande frequenti sulla Moschea Blu in Turchia<\/span><\/h1>\n<p>Hai domande sulla visita alla Moschea Blu di Istanbul? Questa pagina fornisce <strong>le risposte alle domande pi\u00f9 frequenti,<\/strong> aiutandoti a pianificare la tua visita con facilit\u00e0.<\/p>\n<p>Qui troverete <strong>informazioni dettagliate su ingresso e biglietti, posizione e trasporti, storia, orari di preghiera, codice di abbigliamento e linee guida per i visitatori<\/strong>, il tutto suddiviso in categorie per una rapida consultazione.<\/p>\n<p>\u2192 Per ulteriori consigli pratici, visita la nostra pagina: <a href=\"https:\/\/bluemosque.gen.tr\/it\/moschea-blu-orari\/\" style=\"outline: none;\"><strong>Informazioni per i visitatori&nbsp;<\/strong><\/a><strong>&nbsp;<\/strong><a href=\"https:\/\/bluemosque.gen.tr\/it\/moschea-blu-orari\/\" style=\"outline: none;\"><strong><\/strong><\/a><\/p>\n<p style=\"\"><strong><a href=\"#tve-jump-1952353404e\" jump-animation=\"smooth\" style=\"outline: none;\" data-tcb_hover_state_parent=\"\"><strong>Iscrizione<\/strong><\/a>&nbsp;<\/strong><\/p>\n<p style=\"\"><strong><a href=\"#tve-jump-19523538134\" style=\"outline: none;\" data-tcb_hover_state_parent=\"\"><strong>Posizione<\/strong><\/a>&nbsp;<\/strong><\/p>\n<p style=\"\"><strong><a href=\"#tve-jump-19523548fbc\" jump-animation=\"smooth\" style=\"outline: none;\" data-tcb_hover_state_parent=\"\"><strong>Storia<\/strong><\/a>&nbsp;<\/strong><\/p>\n<p style=\"\"><strong><a data-tcb_hover_state_parent=\"\" href=\"#tve-jump-195237424d3\" jump-animation=\"smooth\" style=\"outline: none;\"><strong>Orari di apertura<\/strong><\/a>&nbsp;<\/strong><\/p>\n<p style=\"\"><strong><a data-tcb_hover_state_parent=\"\" href=\"#tve-jump-19523745ce3\" jump-animation=\"smooth\" style=\"outline: none;\"><strong><strong>Codice di abbigliamento<\/strong><\/strong><\/a>&nbsp;<\/strong><\/p>\n<p style=\"text-align: center;\"><strong><span style=\"text-transform: uppercase !important; --tcb-applied-color: var$(--tcb-skin-color-0) !important; color: var(--tcb-skin-color-0) !important;\">Domande frequenti<\/span><\/strong><\/p>\n<h2 style=\"text-align: center;\"><strong>Ingresso, biglietti e visite guidate<\/strong><\/h2>\n<h3><strong>L&#8217;ingresso alla Moschea Blu \u00e8 gratuito?<\/strong><\/h3>\n<p>S\u00ec, l&#8217;ingresso \u00e8 gratuito poich\u00e9 il luogo di culto \u00e8 ancora attivo. Tuttavia, i visitatori devono superare un controllo di sicurezza obbligatorio, che pu\u00f2 durare fino a 30 minuti in bassa stagione e fino a 1 ora in alta stagione. Le donazioni sono benvenute.<\/p>\n<h3><strong>Ho bisogno di un biglietto per la Moschea Blu?<\/strong><\/h3>\n<p>No, non \u00e8 necessario un biglietto, l&#8217;ingresso \u00e8 gratuito. Tuttavia, per un&#8217;esperienza migliore, si consigliano <strong>visite guidate, che vi consentiranno di evitare le ore di punta e di acquisire informazioni storiche.&nbsp;<\/strong><a href=\"https:\/\/bluemosque.gen.tr\/it\/moschea-blu-istanbul-biglietti\/\" style=\"outline: none;\"><strong>Scoprite le visite guidate pi\u00f9 apprezzate.<\/strong><\/a><\/p>\n<h3><strong>Vale la pena fare una visita guidata alla Moschea Blu?<\/strong><\/h3>\n<p>S\u00ec, una <strong>visita guidata fornisce approfondimenti da parte di esperti<\/strong>, ti aiuta a pianificare la tua visita per evitare le chiusure per le preghiere e garantisce una comprensione pi\u00f9 approfondita dell&#8217;architettura e della storia della moschea.<\/p>\n<p style=\"text-align: center;\"><strong><span style=\"--tcb-applied-color: var$(--tcb-skin-color-0) !important; color: var(--tcb-skin-color-0) !important; text-transform: uppercase !important;\">Domande frequenti<\/span><\/strong><\/p>\n<h2 style=\"text-align: center;\" id=\"tve-jump-19523538134\"><strong>Posizione e come arrivare<\/strong><\/h2>\n<h3><strong>Dove si trova la Moschea Blu?<\/strong><\/h3>\n<p>La moschea si trova in <strong>Piazza Sultanahmet<\/strong>, nel cuore della penisola storica di Istanbul, circondata da&nbsp;<strong>Santa Sofia, Palazzo Topkapi e la Cisterna Basilica<\/strong>. Per maggiori dettagli, visita la nostra pagina:&nbsp;<a href=\"https:\/\/bluemosque.gen.tr\/it\/moschea-blu-istanbul-posizione\/\" style=\"outline: none;\"><strong>Come raggiungere la Moschea Blu: Posizione e Mappa<\/strong><\/a><\/p>\n<h3><strong>Qual \u00e8 il modo migliore per raggiungere la Moschea Blu?<\/strong><\/h3>\n<p>Il <strong>tram T1 per la stazione di Sultanahmet<\/strong> \u00e8 il mezzo pi\u00f9 comodo. La moschea \u00e8 anche raggiungibile a piedi da <strong>Emin\u00f6n\u00fc, Sirkeci e altri quartieri chiave della Citt\u00e0 Vecchia<\/strong>.&nbsp;<\/p>\n<h3><strong>Come arrivare dall&#8217;aeroporto di Istanbul a Sultanahmet?<\/strong><\/h3>\n<ul>\n<li><a href=\"https:\/\/www.hava.ist\/\" style=\"outline: none;\" rel=\"nofollow noopener\" target=\"_blank\"><strong>Autobus per l&#8217;aeroporto Havaist<\/strong><\/a><strong> (HVL-1): non c&#8217;\u00e8 una navetta diretta.<\/strong> Prendi l&#8217;autobus HVL-1 per Aksaray, quindi cambia e prendi la linea tramviaria T1 alla stazione di Yusufpa\u015fa per Sultanahmet (~1 ora e 15 minuti).<\/li>\n<li><strong>Taxi, Uber o trasferimento privato: l&#8217;opzione pi\u00f9 comoda<\/strong> , che impiega circa 40-100 minuti a seconda del traffico <strong>. <\/strong><a href=\"https:\/\/megapass.com\/tours-tickets\/private-transfer-new-istanbul-airport-round-trip-transfer-i2015?discountCode=ma-places\" style=\"outline: none;\" rel=\"nofollow noopener\" target=\"_blank\">\u2192 Prenota qui un trasferimento di andata e ritorno dall&#8217;aeroporto.<\/a><\/li>\n<li><strong>Trasporto pubblico<\/strong>:&nbsp;<strong>Sconsigliato<\/strong> a causa dei numerosi cambi. Prendere <strong>la metropolitana M11 fino a Ka\u011f\u0131thane<\/strong>, poi&nbsp;<strong>l&#8217;autobus 62 fino a Kabata\u015f<\/strong> e cambiare per <strong>il tram T1 fino a Sultanahmet<\/strong> (circa 1 ora e 40 minuti).<\/li>\n<\/ul>\n<p>Per saperne di pi\u00f9: <a href=\"https:\/\/bluemosque.gen.tr\/it\/piazza-sultanahmet\/\" style=\"outline: none;\"><strong>Sultanahmet e dintorni<\/strong><\/a><strong>&nbsp;<\/strong><a href=\"https:\/\/bluemosque.gen.tr\/it\/piazza-sultanahmet\/\" style=\"outline: none;\"><strong><\/strong><\/a><\/p>\n<h3><strong>Come posso arrivare da Piazza Taksim alla Moschea Blu?<\/strong><\/h3>\n<p>Prendi la <strong>funicolare F1 fino a Kabata\u015f<\/strong>, quindi prendi il&nbsp;<strong>tram T1 per Sultanahmet<\/strong> (circa 25 minuti). Sono disponibili anche taxi\/Uber, il cui tragitto dura <strong>15-25 minuti,<\/strong> a seconda del traffico.<\/p>\n<p style=\"text-align: center;\"><strong><span style=\"text-transform: uppercase !important; --tcb-applied-color: var$(--tcb-skin-color-0) !important; color: var(--tcb-skin-color-0) !important;\">Domande frequenti<\/span><\/strong><\/p>\n<h2 style=\"text-align: center;\" id=\"tve-jump-19523548fbc\"><strong>Storia e architettura della Moschea Blu<\/strong><\/h2>\n<h3><strong>Chi ha costruito la Moschea Blu?<\/strong><\/h3>\n<p>Commissionata dal <strong>sultano Ahmed I<\/strong> , fu costruita tra <strong>il 1609 e il 1616<\/strong> da <strong>Sedefk\u00e2r Mehmed A\u011fa<\/strong> , uno studente del famoso architetto ottomano <strong>Mimar Sinan<\/strong>. Per saperne di pi\u00f9:&nbsp;<a href=\"https:\/\/bluemosque.gen.tr\/it\/moschea-blu-storia\/\" style=\"outline: none;\"><strong>Storia della Moschea Blu<\/strong><\/a><\/p>\n<h3><strong>Perch\u00e9 si chiama Moschea Blu?<\/strong><\/h3>\n<p>L&#8217;interno \u00e8 decorato con <strong>oltre 20.000 piastrelle blu di Iznik<\/strong> , che conferiscono alla moschea il suo caratteristico <strong>bagliore blu<\/strong>. Sebbene il suo nome ufficiale sia&nbsp;<strong>Sultanahmet Camii<\/strong>, \u00e8 comunemente chiamata Moschea Blu.<\/p>\n<h3><strong>Perch\u00e9 la Moschea Blu ha sei minareti?<\/strong><\/h3>\n<p>Il sultano Ahmed I <strong>voleva che rivaleggiasse con la Grande Moschea della Mecca<\/strong>, che aveva anch&#8217;essa sei minareti. Per risolvere la controversia, in seguito fu costruito un ulteriore minareto alla Mecca.<\/p>\n<h3><strong>Cosa c&#8217;\u00e8 all&#8217;interno della Moschea Blu?<\/strong><\/h3>\n<p>L&#8217;interno della moschea <strong>\u00e8 decorato con intricate calligrafie, piastrelle di Iznik, una grande sala di preghiera, vetrate colorate e grandi lampadari originariamente dotati di uova di struzzo<\/strong> . Il <strong>mihrab (nicchia di preghiera) e il minbar (pulpito)<\/strong> sono finemente lavorati in marmo. <a href=\"https:\/\/bluemosque.gen.tr\/it\/moschea-blu-interno\/\" style=\"outline: none;\"><strong>Scopri di pi\u00f9 sugli interni.<\/strong><\/a><\/p>\n<p style=\"text-align: center;\"><strong><span style=\"text-transform: uppercase !important; --tcb-applied-color: var$(--tcb-skin-color-0) !important; color: var(--tcb-skin-color-0) !important;\">Domande frequenti<\/span><\/strong><\/p>\n<h2 style=\"text-align: center;\" id=\"tve-jump-195237424d3\"><strong>Orari di apertura e orari di preghiera<\/strong><\/h2>\n<h3><strong>Quali sono gli orari di apertura della Moschea Blu?<\/strong><\/h3>\n<p><strong>Estate (aprile-settembre):<\/strong> 8:30 &#8211; 19:00<\/p>\n<p><strong>Inverno (ottobre-marzo):<\/strong> 8:30 &#8211; 17:00<\/p>\n<h3><strong>Posso entrare nella Moschea Blu durante gli orari di preghiera?<\/strong><\/h3>\n<p>No, <strong>la moschea \u00e8 chiusa al pubblico durante le preghiere<\/strong> . Ogni sessione dura circa <strong>90 minuti<\/strong> . Per maggiori informazioni: <a href=\"https:\/\/bluemosque.gen.tr\/it\/moschea-blu-orari-preghiera\/\" style=\"outline: none;\"><strong>Orari di preghiera della Moschea Blu.<\/strong><\/a><strong>&nbsp;<\/strong><a href=\"https:\/\/bluemosque.gen.tr\/it\/moschea-blu-orari-preghiera\/\" style=\"outline: none;\"><strong><\/strong><\/a><strong><\/strong><\/p>\n<h3><strong>La Moschea Blu \u00e8 aperta la domenica?<\/strong><\/h3>\n<p>S\u00ec, \u00e8 aperto tutti i giorni, ma <strong>sono previste chiusure per motivi di preghiera<\/strong>.<\/p>\n<h3><strong>Quanto dura una visita?<\/strong><\/h3>\n<p>La maggior parte delle visite dura <strong>30-45 minuti<\/strong>, ma le code per i controlli di sicurezza possono allungarsi di&nbsp;<strong>30-60 minuti<\/strong> nelle ore di punta. Una <strong>visita guidata<\/strong> garantisce una visita pi\u00f9 agevole. <a href=\"https:\/\/bluemosque.gen.tr\/it\/moschea-blu-istanbul-biglietti\/\" style=\"outline: none;\"><strong>Consulta le visite guidate disponibili.<\/strong><\/a><\/p>\n<p style=\"text-align: center;\"><strong><span style=\"text-transform: uppercase !important; --tcb-applied-color: var$(--tcb-skin-color-0) !important; color: var(--tcb-skin-color-0) !important;\">Domande frequenti<\/span><\/strong><\/p>\n<h2 style=\"text-align: center;\" id=\"tve-jump-19523745ce3\"><strong>Codice di abbigliamento e regole per i visitatori<\/strong><\/h2>\n<h3><strong>Cosa dovrei indossare alla Moschea Blu?<\/strong><\/h3>\n<p>I visitatori devono vestirsi in modo sobrio: \u2705 <strong>Uomini e donne:<\/strong> spalle e ginocchia devono essere coperte. \u2705 <strong>Donne:<\/strong> devono indossare un <strong>velo<\/strong> (disponibile per l&#8217;acquisto all&#8217;ingresso). \u2705 <strong>Le scarpe devono essere tolte<\/strong> prima di entrare.<\/p>\n<p><a href=\"https:\/\/bluemosque.gen.tr\/it\/codice-di-abbigliamento-moschea-blu\/\" style=\"outline: none;\"><strong>Per maggiori dettagli sul dress code clicca qui.<\/strong><\/a><\/p>\n<h3><strong>Posso portare uno zaino all&#8217;interno della Moschea Blu?<\/strong><\/h3>\n<p>Sono ammessi zaini di piccole dimensioni, ma <strong>non<\/strong>&nbsp;borse o valigie di grandi dimensioni. Il controllo dei bagagli \u00e8 obbligatorio.<\/p>\n<h3><strong>Posso scattare foto all&#8217;interno della Moschea Blu?<\/strong><\/h3>\n<p>S\u00ec, \u00e8 consentito fotografare, ma <strong>non usare il flash<\/strong> e <strong>non fotografare i fedeli<\/strong>.<\/p>\n<p><a href=\"https:\/\/bluemosque.gen.tr\/it\/moschea-blu-orari\/\" dynamic-postlink=\"tcb_post_the_permalink\" data-shortcode-id=\"4800\"><\/a><\/p>\n<p style=\"padding-bottom: 0px !important; margin-bottom: 0px !important;\"><strong>Per saperne di pi\u00f9<\/strong><\/p>\n<h2 style=\"\" id=\"t-1730464049116\"><span data-attr-css=\"\" data-attr-link=\"1\" data-attr-rel=\"0\" data-attr-static-link=\"{&quot;className&quot;:&quot;&quot;,&quot;href&quot;:&quot;https:\/\/bluemosque.gen.tr\/it\/moschea-blu-orari\/&quot;,&quot;title&quot;:&quot;Moschea Blu: Orari di Apertura e Informazioni Visitatori&quot;,&quot;class&quot;:&quot;&quot;}\" data-attr-target=\"0\" data-extra_key=\"\" data-option-inline=\"1\" data-shortcode=\"tcb_post_title\" data-shortcode-name=\"Post title\" style=\"\"><a href=\"https:\/\/bluemosque.gen.tr\/it\/moschea-blu-orari\/\" title=\"Moschea Blu: Orari di Apertura e Informazioni Visitatori\" data-css=\"\">Moschea Blu: Orari di Apertura e Informazioni Visitatori<\/a><\/span><\/h2>\n<p><a href=\"https:\/\/bluemosque.gen.tr\/it\/moschea-blu-interno\/\" dynamic-postlink=\"tcb_post_the_permalink\" data-shortcode-id=\"4800\"><\/a><\/p>\n<p style=\"padding-bottom: 0px !important; margin-bottom: 0px !important;\"><strong>Per saperne di pi\u00f9<\/strong><\/p>\n<h2 style=\"\" id=\"t-1730464049116\"><span data-attr-css=\"\" data-attr-link=\"1\" data-attr-rel=\"0\" data-attr-static-link=\"{&quot;className&quot;:&quot;&quot;,&quot;href&quot;:&quot;https:\/\/bluemosque.gen.tr\/it\/moschea-blu-orari\/&quot;,&quot;title&quot;:&quot;Moschea Blu: Orari di Apertura e Informazioni Visitatori&quot;,&quot;class&quot;:&quot;&quot;}\" data-attr-target=\"0\" data-extra_key=\"\" data-option-inline=\"1\" data-shortcode=\"tcb_post_title\" data-shortcode-name=\"Post title\" style=\"\"><a href=\"https:\/\/bluemosque.gen.tr\/it\/moschea-blu-interno\/\" title=\"All\u2019interno della Moschea Blu: uno sguardo ai suoi splendidi interni\" data-css=\"\">All\u2019interno della Moschea Blu: uno sguardo ai suoi splendidi interni<\/a><\/span><\/h2>\n<p><a href=\"javascript:void(0)\"><span><span>Load More<\/span><\/span><\/a><\/p>\n","protected":false},"excerpt":{"rendered":"<p>Domande frequenti sulla Moschea Blu in Turchia Hai domande sulla visita alla Moschea Blu di Istanbul? Questa pagina fornisce le risposte alle domande pi\u00f9 frequenti, aiutandoti a pianificare la tua visita con facilit\u00e0. Qui troverete informazioni dettagliate su ingresso e biglietti, posizione e trasporti, storia, orari di preghiera, codice di abbigliamento e linee guida per [&hellip;]<\/p>\n","protected":false},"author":6,"featured_media":4817,"parent":0,"menu_order":0,"comment_status":"closed","ping_status":"closed","template":"","meta":{"footnotes":""},"class_list":["post-4816","page","type-page","status-publish","has-post-thumbnail","hentry","post-wrapper","thrv_wrapper"],"_links":{"self":[{"href":"https:\/\/bluemosque.gen.tr\/it\/wp-json\/wp\/v2\/pages\/4816","targetHints":{"allow":["GET"]}}],"collection":[{"href":"https:\/\/bluemosque.gen.tr\/it\/wp-json\/wp\/v2\/pages"}],"about":[{"href":"https:\/\/bluemosque.gen.tr\/it\/wp-json\/wp\/v2\/types\/page"}],"author":[{"embeddable":true,"href":"https:\/\/bluemosque.gen.tr\/it\/wp-json\/wp\/v2\/users\/6"}],"replies":[{"embeddable":true,"href":"https:\/\/bluemosque.gen.tr\/it\/wp-json\/wp\/v2\/comments?post=4816"}],"version-history":[{"count":7,"href":"https:\/\/bluemosque.gen.tr\/it\/wp-json\/wp\/v2\/pages\/4816\/revisions"}],"predecessor-version":[{"id":5071,"href":"https:\/\/bluemosque.gen.tr\/it\/wp-json\/wp\/v2\/pages\/4816\/revisions\/5071"}],"wp:featuredmedia":[{"embeddable":true,"href":"https:\/\/bluemosque.gen.tr\/it\/wp-json\/wp\/v2\/media\/4817"}],"wp:attachment":[{"href":"https:\/\/bluemosque.gen.tr\/it\/wp-json\/wp\/v2\/media?parent=4816"}],"curies":[{"name":"wp","href":"https:\/\/api.w.org\/{rel}","templated":true}]}}