{"id":5086,"date":"2025-08-18T12:56:48","date_gmt":"2025-08-18T12:56:48","guid":{"rendered":"https:\/\/bluemosque.gen.tr\/blue-mosque-hagia-sophia\/"},"modified":"2026-05-13T13:40:25","modified_gmt":"2026-05-13T13:40:25","slug":"moschea-blu-santa-sofia","status":"publish","type":"page","link":"https:\/\/bluemosque.gen.tr\/it\/moschea-blu-santa-sofia\/","title":{"rendered":"Moschea Blu &#8211; Santa Sofia: Differenze, biglietti combinati e tour"},"content":{"rendered":"<p>__CONFIG_modifica_gruppo__{}__CONFIG_modifica_gruppo__<\/p>\n<h1 style=\"\"><span data-attr-id=\"the_title\" data-extra_key=\"the_title\" data-option-inline=\"1\" data-shortcode=\"thrv_dynamic_data_content\" data-shortcode-name=\"Post title\" style=\"\">Moschea Blu &#8211; Santa Sofia: Differenze, biglietti combinati e tour<\/span><\/h1>\n<p>Lo skyline di Istanbul \u00e8 caratterizzato da due capolavori architettonici nel cuore storico della citt\u00e0: la <strong>Moschea Blu &#8211; Santa Sofia<\/strong>. Situate a pochi passi l&#8217;una dall&#8217;altra in Piazza Sultanahmet, queste due chiese dominano la citt\u00e0 vecchia con le loro imponenti cupole e gli eleganti minareti.&nbsp;<\/p>\n<p>Sebbene spesso menzionati insieme nelle guide turistiche, sono due monumenti completamente distinti. La <strong>Moschea Blu<\/strong> rappresenta l&#8217;apice dell&#8217;architettura ottomana, mentre <strong>Santa Sofia<\/strong> riflette la grandiosit\u00e0 bizantina e secoli di trasformazione religiosa. Visitarli entrambi rivela la stratificata storia culturale di Istanbul.<\/p>\n<ul>\n<li><span style=\"\"><strong>Chiusure per la preghiera:<\/strong> &nbsp;la moschea chiude&nbsp; <strong>cinque volte al giorno<\/strong> per la preghiera (circa 90 minuti a sessione).<\/span><\/li>\n<\/ul>\n<ul>\n<li><span style=\"\"><strong><strong><strong>Chiusure del venerd\u00ec:<\/strong>&nbsp;<\/strong><\/strong> chiuso ai visitatori fino alle 14:30 per la Jumu&#8217;ah (preghiera comunitaria del venerd\u00ec)<\/span><\/li>\n<\/ul>\n<ul>\n<li><span style=\"\"><strong><strong><strong><strong>Visite al di fuori degli orari di preghiera:<\/strong>&nbsp;<\/strong><\/strong><\/strong> i turisti sono benvenuti tra una sessione di preghiera e l&#8217;altra. Consultate il programma giornaliero delle preghiere prima della vostra visita.<\/span><\/li>\n<\/ul>\n<ul>\n<li><!--! Font Awesome Free 6.7.1 by @fontawesome - https:\/\/fontawesome.com License - https:\/\/fontawesome.com\/license\/free (Icons: CC BY 4.0, Fonts: SIL OFL 1.1, Code: MIT License) Copyright 2024 Fonticons, Inc. --><span style=\"\"><strong><strong><strong><strong><strong>Periodo migliore per la visita:<\/strong>&nbsp;<\/strong><\/strong><\/strong><\/strong> la mattina dei giorni feriali o il tardo pomeriggio, al di fuori degli orari di preghiera, per evitare la folla.<\/span><\/li>\n<\/ul>\n<ul>\n<li><!--! Font Awesome Free 6.7.1 by @fontawesome - https:\/\/fontawesome.com License - https:\/\/fontawesome.com\/license\/free (Icons: CC BY 4.0, Fonts: SIL OFL 1.1, Code: MIT License) Copyright 2024 Fonticons, Inc. --><span style=\"\"><strong><strong><strong><strong><strong><strong>Durata stimata della visita:<\/strong>&nbsp;<\/strong><\/strong><\/strong><\/strong><\/strong> 30\u201345 minuti (pi\u00f9 lunga con visite guidate)<\/span><\/li>\n<\/ul>\n<ul>\n<li><!--! Font Awesome Free 6.7.1 by @fontawesome - https:\/\/fontawesome.com License - https:\/\/fontawesome.com\/license\/free (Icons: CC BY 4.0, Fonts: SIL OFL 1.1, Code: MIT License) Copyright 2024 Fonticons, Inc. --><span style=\"\"><strong>Hai bisogno degli orari di apertura? <span>Consulta&nbsp; <a href=\"https:\/\/bluemosque.gen.tr\/it\/moschea-blu-orari\/\" style=\"outline: none;\">gli orari di visita della Moschea Blu e il periodo migliore per visitarla.<\/a><\/span><\/strong><\/span><\/li>\n<\/ul>\n<p>__CONFIG_modifica_gruppo__{}__CONFIG_modifica_gruppo__<\/p>\n<h2 style=\"text-align: center;\"><strong>Moschea Blu &#8211; Santa Sofia: sono la stessa cosa?<\/strong><\/h2>\n<p dir=\"ltr\">Nonostante la loro vicinanza e le simili caratteristiche esteriori, <strong>la Moschea Blu <\/strong><strong>e <\/strong><strong>Santa Sofia<\/strong> non sono la stessa struttura. Furono costruito in secoli diversi e rappresentano tradizioni religiose e culturali distinte.<\/p>\n<p dir=\"ltr\"><strong>La Moschea Blu<\/strong>, ufficiale Moschea del Sultano Ahmed, fu completata all&#8217;inizio del XVII secolo, durante l&#8217;Impero Ottomano. Progettata come luogo di&nbsp;<strong>culto islamico<\/strong>, \u00e8 tuttora attiva.<\/p>\n<p dir=\"ltr\">Al contrario, <strong>Santa Sofia<\/strong> fu costruita pi\u00f9 di mille anni prima, nel VI secolo, sotto l&#8217;Impero bizantino. <strong>Originariamente una cattedrale cristiana<\/strong> , fu poi trasformata in moschea, trasformata in museo nel XX secolo e riconsacrata come moschea nel 2020.<\/p>\n<p dir=\"ltr\"><strong><a href=\"https:\/\/bluemosque.gen.tr\/it\/moschea-blu-istanbul-biglietti\/\" style=\"outline: none;\">&gt;&gt; Scopri qui le opzioni del tour della Moschea Blu con biglietti combinati e guida esperta.<\/a><\/strong><\/p>\n<h2 style=\"text-align: center;\"><strong>Moschea Blu vs Santa Sofia: differenze<\/strong><\/h2>\n<p dir=\"ltr\">Sebbene entrambi i monumenti siano emblematici di Istanbul, la Moschea Blu e Santa Sofia riflettono eredit\u00e0 culturali, architettoniche e storiche divergenti. Visitare entrambi i siti offre una panoramica della sintesi culturale unica di Istanbul: una citt\u00e0 dove Oriente incontra Occidente e dove la storia religiosa e imperiale si intrecciano.<\/p>\n<h3>La Moschea Blu<\/h3>\n<p ltr\"\"=\"\">\n<p>La Moschea Blu \u00e8 un esempio lampante di&nbsp; <strong>architettura ottomana classica<\/strong>. Il suo design enfatizza la simmetria, la tranquillit\u00e0 e la bellezza ornamentale, in particolare attraverso le iconiche &nbsp;<strong>piastrelle blu di Iznik<\/strong><strong>, le vetrate colorate e i sei minareti<\/strong>.<\/p>\n<ul>\n<li dir=\"ltr\"><strong>Biglietto:<\/strong> Ingresso gratuito<\/li>\n<li dir=\"ltr\"><strong>Anno di costruzione:<\/strong> inizio del XVII secolo (Impero Ottomano)<\/li>\n<li dir=\"ltr\"><strong>Esterno:<\/strong> sei minareti snelli e cupole a cascata<\/li>\n<\/ul>\n<h3 style=\"text-align: left;\"><strong>Santa Sofia<\/strong><\/h3>\n<p>Santa Sofia, al contrario, riflette la grandiosit\u00e0 e la complessit\u00e0 <strong>dell&#8217;ingegneria bizantina<\/strong>. La sua&nbsp;<strong>imponente cupola<\/strong> , <strong>i mosaici cristiani, le colonne di marmo e gli elementi islamici<\/strong> rivelano un mix di transizioni religiose avvenute nel corso dei secoli.<\/p>\n<p ltr\"\"=\"\">\n<ul>\n<li dir=\"ltr\"><strong>Biglietto:<\/strong> Ingresso a pagamento<\/li>\n<li dir=\"ltr\"><strong>Anno di costruzione:<\/strong> VI secolo (Impero bizantino)<\/li>\n<li dir=\"ltr\"><strong>Esterno:<\/strong> cupola monumentale e robusti contrafforti<\/li>\n<\/ul>\n<p>\u2192&nbsp; <strong>Leggi di pi\u00f9: <\/strong><a href=\"https:\/\/bluemosque.gen.tr\/it\/moschea-blu-storia\/\" style=\"outline: none;\">Storia e costruzione della Moschea Blu<\/a><\/p>\n<h2 dir=\"ltr\" style=\"text-align: center;\">Dovresti visitare prima la Moschea Blu o Santa Sofia?<\/h2>\n<p dir=\"ltr\">Se il vostro tempo \u00e8 limitato a una sola visita, la <strong>Moschea Blu \u00e8 spesso la scelta migliore<\/strong>&nbsp;per iniziare la giornata. L&#8217;<strong>ingresso alla moschea \u00e8 gratuito,<\/strong> ma viene periodicamente chiusa ai non fedeli durante le preghiere. Arrivare presto consente una visita pi\u00f9 tranquilla prima dell&#8217;arrivo di gruppi pi\u00f9 numerosi.<\/p>\n<p dir=\"ltr\"><a href=\"https:\/\/bluemosque.gen.tr\/it\/moschea-blu-istanbul-biglietti\/\" style=\"outline: none;\"><strong>&gt;&gt; Scopri qui i biglietti e le visite guidate alla Moschea Blu.<\/strong><\/a><\/p>\n<p dir=\"ltr\">Successivamente, <strong>proseguite per Santa Sofia,<\/strong>&nbsp;che in genere richiede pi\u00f9 tempo a causa dei suoi vasti interni e del suo complesso contesto storico. Poich\u00e9 l&#8217;ingresso \u00e8 ora a pagamento,&nbsp;<strong>si consiglia vivamente di prenotare in anticipo<\/strong> per evitare code, soprattutto durante l&#8217;alta stagione.<\/p>\n<p dir=\"ltr\"><a href=\"https:\/\/www.hagiasophia.gen.tr\/it\/\" style=\"outline: none;\" target=\"_blank\" rel=\"nofollow noopener\"><strong>&gt;&gt; Clicca qui per assicurarti i biglietti per la Basilica di Santa Sofia.<\/strong><\/a><\/p>\n<h2 dir=\"ltr\" style=\"text-align: center;\">Quanto dista la Moschea Blu da Santa Sofia?<\/h2>\n<p dir=\"ltr\">La Moschea Blu e la Basilica di Santa Sofia si trovano proprio di fronte <strong>in Piazza Sultanahmet<\/strong>, il che le rende estremamente facili da esplorare in un&#8217;unica visita. La loro&nbsp;<strong>vicinanza<\/strong> consente ai visitatori di ammirare due dei monumenti pi\u00f9 iconici di Istanbul in pochi minuti.<\/p>\n<ul>\n<li style=\"\"><!--! Font Awesome Free 6.7.1 by @fontawesome - https:\/\/fontawesome.com License - https:\/\/fontawesome.com\/license\/free (Icons: CC BY 4.0, Fonts: SIL OFL 1.1, Code: MIT License) Copyright 2024 Fonticons, Inc. --><span><strong>Distanza a piedi:<\/strong> circa 250 metri<\/span><\/li>\n<li style=\"\"><!--! Font Awesome Free 6.7.1 by @fontawesome - https:\/\/fontawesome.com License - https:\/\/fontawesome.com\/license\/free (Icons: CC BY 4.0, Fonts: SIL OFL 1.1, Code: MIT License) Copyright 2024 Fonticons, Inc. --><span><strong>Tempo stimato:<\/strong> 3\u20134 minuti a piedi<\/span><\/li>\n<li style=\"\"><!--! Font Awesome Free 6.7.1 by @fontawesome - https:\/\/fontawesome.com License - https:\/\/fontawesome.com\/license\/free (Icons: CC BY 4.0, Fonts: SIL OFL 1.1, Code: MIT License) Copyright 2024 Fonticons, Inc. --><span><strong><strong>Accessibilit\u00e0:&nbsp;<\/strong><\/strong>l&#8217;area \u00e8 pianeggiante, asfaltata e adatta ai pedoni, adatta a passeggini e sedie a rotelle<\/span><\/li>\n<li style=\"\"><!--! Font Awesome Free 6.7.1 by @fontawesome - https:\/\/fontawesome.com License - https:\/\/fontawesome.com\/license\/free (Icons: CC BY 4.0, Fonts: SIL OFL 1.1, Code: MIT License) Copyright 2024 Fonticons, Inc. --><span><strong><strong>Trasporto pubblico:&nbsp;<\/strong><\/strong>facilmente raggiungibile tramite la fermata del tram Sultanahmet (linea T1), situata a pochi passi di distanza<\/span><\/li>\n<li style=\"\"><!--! Font Awesome Free 6.7.1 by @fontawesome - https:\/\/fontawesome.com License - https:\/\/fontawesome.com\/license\/free (Icons: CC BY 4.0, Fonts: SIL OFL 1.1, Code: MIT License) Copyright 2024 Fonticons, Inc. --><span><strong><strong>Strutture per i visitatori:<\/strong><\/strong> la piazza \u00e8 dotata di panchine, aree ombreggiate e bar, rendendola comoda per le pause tra una visita e l&#8217;altra.<\/span><\/li>\n<li><!--! Font Awesome Free 6.7.1 by @fontawesome - https:\/\/fontawesome.com License - https:\/\/fontawesome.com\/license\/free (Icons: CC BY 4.0, Fonts: SIL OFL 1.1, Code: MIT License) Copyright 2024 Fonticons, Inc. --><span><strong>Punti di riferimento nelle vicinanze:<\/strong> la <strong><a href=\"https:\/\/www.basilicacistern.gen.tr\/it\/\" target=\"_blank\" style=\"outline: none;\" rel=\"nofollow noopener\"><strong>Cisterna Basilica<\/strong><\/a><\/strong>,&nbsp;<a href=\"https:\/\/topkapipalace.gen.tr\/it\/\" target=\"_blank\" style=\"outline: none;\" rel=\"nofollow noopener\"><strong>il Palazzo Topkapi<\/strong><\/a> e <strong>l&#8217;Ippodromo di Costantinopoli<\/strong> sono tutti raggiungibili in pochi minuti a piedi, consentendo ai viaggiatori di combinare diversi siti importanti in un unico itinerario<strong>&nbsp;<a href=\"https:\/\/www.basilicacistern.gen.tr\/\" target=\"_blank\" rel=\"nofollow noopener\"><strong><\/strong><\/a><\/strong><a href=\"https:\/\/topkapipalace.gen.tr\/\" target=\"_blank\" rel=\"nofollow noopener\"><strong><\/strong><\/a><strong><\/strong><\/span><\/li>\n<\/ul>\n<p>\u2192&nbsp;&nbsp; <strong>Leggi di pi\u00f9:<\/strong>&nbsp;<a href=\"https:\/\/bluemosque.gen.tr\/it\/moschea-blu-istanbul-posizione\/\" style=\"outline: none;\">Come arrivare alla Moschea Blu<\/a><\/p>\n<p><span><img decoding=\"async\" alt=\"\" data-id=\"2909\" width=\"527\" data-init-width=\"1934\" height=\"329\" data-init-height=\"1209\" title=\"MAPPA DELLA MOSCHEA BLU\" loading=\"lazy\" src=\"https:\/\/bluemosque.gen.tr\/wp-content\/uploads\/2025\/02\/BLUE-MOSQUE-MAP.png\" data-width=\"527\" data-height=\"329\" style=\"aspect-ratio: auto 1934 \/ 1209;\"><\/span><\/p>\n<h2 style=\"text-align: center;\"><strong>Conclusione: perch\u00e9 dovresti visitare sia la Moschea Blu che la Basilica di Santa Sofia&nbsp;<\/strong><\/h2>\n<p dir=\"ltr\">Scegliere tra la <strong>Moschea Blu e Santa Sofia<\/strong> \u00e8 come scegliere tra due facce della stessa storia: una radicata nella tradizione imperiale ottomana, l&#8217;altra nelle origini bizantino-cristiane.<\/p>\n<p dir=\"ltr\">La Moschea Blu invita i visitatori in uno spazio di <strong>simmetria, serenit\u00e0 e tradizione islamica senza tempo<\/strong>. Santa Sofia, al contrario, offre un&#8217;esperienza storica stratificata, che mette in mostra le&nbsp;<strong>trasformazioni spirituali e politiche<\/strong> della citt\u00e0 nel corso di quasi 1.500 anni.<\/p>\n<p>Insieme, questi monumenti racchiudono l&#8217;<strong>essenza di Istanbul<\/strong>, una citt\u00e0 definita dalla sua capacit\u00e0 di unire civilt\u00e0, religioni e genio architettonico. Visitarli entrambi \u00e8 essenziale per chiunque voglia comprendere la profondit\u00e0 e la diversit\u00e0 di questa straordinaria destinazione.<\/p>\n<h2 style=\"text-align: center;\"><strong>Biglietti combinati per la Moschea Blu Santa Sofia<\/strong><\/h2>\n<p style=\"text-align: left;\"><a data-lt-tmp-id=\"lt-905422\" href=\"https:\/\/www.headout.com\/r\/most-amazing-placesrecommends-5N7BV\/\" rel=\"nofollow noopener\" spellcheck=\"false\" target=\"_blank\" style=\"outline: none;\">Miglior prezzo: 32,50 \u20ac<\/a><\/p>\n<p style=\"\"><a href=\"https:\/\/www.headout.com\/r\/most-amazing-placesrecommends-5N7BV\/\" target=\"_blank\" rel=\"nofollow noopener\" style=\"outline: none;\" spellcheck=\"false\">4.1\/5 (490+ recensioni)<\/a><\/p>\n<h2 data-qa-marker=\"product-name\"><a data-lt-tmp-id=\"lt-262496\" href=\"https:\/\/megapass.com\/tours-tickets\/blue-mosque-tour-with-official-guide-i2201?discountCode=ma-places\" rel=\"nofollow noopener\" spellcheck=\"false\" target=\"_blank\" style=\"outline: none;\"><\/a><a data-lt-tmp-id=\"lt-398957\" href=\"https:\/\/www.headout.com\/r\/most-amazing-placesrecommends-5N7BV\/\" rel=\"nofollow noopener\" spellcheck=\"false\" style=\"outline: none;\" target=\"_blank\">Visita guidata della Moschea Blu e di Santa Sofia con biglietti<\/a><\/h2>\n<h3><strong>Combo pi\u00f9 venduto con biglietto per la Basilica di Santa Sofia<\/strong><\/h3>\n<p data-pm-slice=\"1 1 []\"><span style=\"font-size: 15px !important;\">Scopri le due moschee pi\u00f9 iconiche di Istanbul! Partecipa a un tour guidato opzionale di 1 ora della splendida Moschea Blu, poi evita le code ed esplora la maestosa Santa Sofia al tuo ritmo.<\/span><\/p>\n<p dir=\"ltr\"><strong>Include<\/strong>&nbsp;<\/p>\n<ul>\n<li><strong>Ingresso salta fila a Santa Sofia<\/strong><\/li>\n<li><strong>Tour di 1 ora di Santa Sofia<\/strong> con guida in inglese (opzionale)<\/li>\n<li>Ingresso salta fila alla <strong>Moschea Blu<\/strong><\/li>\n<li><strong>Tour di 1 ora<\/strong> <strong>della Moschea Blu <\/strong>con guida in inglese (opzionale)<\/li>\n<li><strong>I<\/strong><strong>ngresso alla Cisterna Basilica&nbsp;<\/strong>e al Palazzo Topkapi (opzionale)<\/li>\n<\/ul>\n<p style=\"text-align: left;\"><a data-lt-tmp-id=\"lt-982279\" href=\"https:\/\/www.headout.com\/r\/most-amazing-placesrecommends-5NEyQ\/\" rel=\"nofollow noopener\" spellcheck=\"false\" target=\"_blank\" style=\"outline: none;\">Miglior prezzo: 71,00 \u20ac<\/a><\/p>\n<p style=\"\"><a href=\"https:\/\/www.headout.com\/r\/most-amazing-placesrecommends-5NEyQ\/\" target=\"_blank\" rel=\"nofollow noopener\" style=\"outline: none;\" spellcheck=\"false\">4,3\/5 (1200+ recensioni)<\/a><\/p>\n<h2 data-qa-marker=\"product-name\" style=\"\"><a href=\"https:\/\/www.headout.com\/r\/most-amazing-placesrecommends-g7k3S\/\" target=\"_blank\" style=\"outline: none;\" rel=\"nofollow noopener\" data-lt-tmp-id=\"lt-262496\" spellcheck=\"false\"><\/a><a data-lt-tmp-id=\"lt-398957\" href=\"https:\/\/www.headout.com\/r\/most-amazing-placesrecommends-5NEyQ\/\" rel=\"nofollow noopener\" spellcheck=\"false\" style=\"outline: none;\" target=\"_blank\">Combo: Cisterna Basilica + Moschea Blu + Visita guidata di Santa Sofia con biglietti salta fila<\/a><\/h2>\n<h3 style=\"\"><strong>Il pacchetto Istanbul pi\u00f9 venduto (incluso il tour della Moschea Blu)<\/strong><\/h3>\n<p>Scopri <strong>i monumenti pi\u00f9 iconici di Istanbul<\/strong> , la Cisterna Basilica, la Moschea Blu e la Basilica di Santa Sofia, con una guida esperta di lingua inglese.<\/p>\n<p dir=\"ltr\"><strong>Include<\/strong>&nbsp;<\/p>\n<ul>\n<li><strong>Cisterna Basilica:<\/strong> visita guidata di 1 ora + biglietto salta fila<\/li>\n<li><strong>Moschea Blu:<\/strong> visita guidata di 1 ora<\/li>\n<li><strong>Santa Sofia:<\/strong>&nbsp;biglietto salta fila + visita guidata di 2 ora + audioguida<\/li>\n<\/ul>\n<p style=\"text-align: left;\"><a data-lt-tmp-id=\"lt-664327\" href=\"https:\/\/megapass.com\/turkey\/istanbul\/pass?discountCode=ma-places\" rel=\"nofollow noopener\" spellcheck=\"false\" target=\"_blank\" style=\"outline: none;\">Miglior prezzo: 99,00 \u20ac<\/a><\/p>\n<p style=\"\"><a href=\"https:\/\/megapass.com\/turkey\/istanbul\/pass?discountCode=ma-places\" target=\"_blank\" rel=\"nofollow noopener\" style=\"outline: none;\" data-lt-tmp-id=\"lt-221508\" spellcheck=\"false\">4,9\/5 (1000+ recensioni)<\/a><\/p>\n<h2 data-qa-marker=\"product-name\" style=\"\"><a href=\"https:\/\/www.headout.com\/r\/most-amazing-placesrecommends-g7k3S\/\" target=\"_blank\" style=\"outline: none;\" rel=\"nofollow noopener\" data-lt-tmp-id=\"lt-262496\" spellcheck=\"false\"><\/a><a href=\"https:\/\/megapass.com\/turkey\/istanbul\/pass?discountCode=ma-places\" rel=\"nofollow noopener\" spellcheck=\"false\" style=\"outline: none;\" target=\"_blank\">Istanbul City Pass di Megapass<\/a><\/h2>\n<h3 style=\"\"><strong>City Pass di prima qualit\u00e0&nbsp; <\/strong><strong>(incluso il tour della Moschea Blu)<\/strong><\/h3>\n<p style=\"\">Con questo pass&nbsp;<strong>potrai visitare la Basilica&nbsp;<strong>di Santa Sofia e&nbsp;<strong>la Cisterna Basilica,<\/strong><\/strong><\/strong>&nbsp;ammirare la Moschea Blu, fare una crociera sul Bosforo e accedere ai trasporti pubblici per&nbsp;<strong>visitare Istanbul senza problemi.<\/strong>&nbsp;<\/p>\n<p dir=\"ltr\" style=\"\"><strong>Include<\/strong>&nbsp;<\/p>\n<ul>\n<li style=\"\"><\/li>\n<li style=\"\"><strong>Tour della Moschea Blu<\/strong><\/li>\n<li style=\"\"><strong>Biglietto d&#8217;ingresso per la Santa Sofia<\/strong><\/li>\n<li style=\"\"><strong>Biglietto d&#8217;ingresso per la Cisterna Basilica<br \/><\/strong><\/li>\n<li style=\"\"><strong>1 Crociera sul Bosforo<\/strong><\/li>\n<li style=\"\"><strong>Tessera per i trasporti pubblici da 5 corse<\/strong><\/li>\n<li style=\"\"><strong><strong>eSIM da 3 GB&nbsp;<\/strong><a data-lt-tmp-id=\"lt-411988\" href=\"https:\/\/megapass.com\/turkey\/istanbul\/pass?discountCode=BlueMosqueITSv5\" rel=\"nofollow noopener\" spellcheck=\"false\" target=\"_blank\" style=\"outline: none;\"><strong><strong>e altro ancora<\/strong><\/strong><\/a><\/strong><strong><\/strong><\/li>\n<\/ul>\n<p>   <span style=\"\"><img decoding=\"async\" alt=\"Differenze tra la Moschea Blu e Santa Sofia, biglietti combinati e tour\" data-id=\"4871\" width=\"1219\" data-init-width=\"1000\" height=\"812\" data-init-height=\"666\" title=\"Differenze tra la Moschea Blu e Santa Sofia, biglietti combinati e tour\" src=\"https:\/\/bluemosque.gen.tr\/wp-content\/uploads\/2025\/08\/Blue-Mosque-Hagia-Sophia-Differences-Combo-Tickets-Tours.jpg\" data-width=\"1219\" data-height=\"812\" style=\"aspect-ratio: auto 1000 \/ 666;\" ml-d=\"0\" mt-d=\"-315\" center-v-d=\"false\" mt-t=\"-104\" mt-m=\"0\" ml-m=\"0\" center-h-m=\"false\" loading=\"lazy\"><span style=\"\"><\/span><\/span><\/p>\n<h2><strong>FAQ: Moschea Blu di Santa Sofia<\/strong><\/h2>\n<h3><strong>La Moschea Blu e la Basilica di Santa Sofia sono la stessa cosa?<\/strong><\/h3>\n<p>No, sono monumenti diversi, costruiti in epoche diverse. Santa Sofia risale al VI secolo, Impero bizantino, mentre la Moschea Blu fu costruita nel XVII secolo, sotto gli Ottomani. <a href=\"https:\/\/bluemosque.gen.tr\/it\/moschea-blu-storia\/\" style=\"outline: none;\"><strong>\u2192 Scopri di pi\u00f9 sulla storia della Moschea Blu.<\/strong><\/a><\/p>\n<h3><strong>Quanto dista la Moschea Blu da Santa Sofia?<\/strong><\/h3>\n<p>Si trovano proprio una di fronte all&#8217;altra in Piazza Sultanahmet, separate solo da una breve passeggiata attraverso i giardini. La maggior parte dei visitatori le vede entrambe nello stesso viaggio.&nbsp; <a href=\"https:\/\/bluemosque.gen.tr\/it\/moschea-blu-istanbul-posizione\/\" style=\"outline: none;\"><strong>\u2192 Controlla la posizione e le indicazioni stradali della Moschea Blu qui.<\/strong><\/a><\/p>\n<h3><strong>La Moschea Blu \u00e8 pi\u00f9 grande di Santa Sofia?<\/strong><\/h3>\n<p>Santa Sofia \u00e8 la pi\u00f9 grande delle due, ma la Moschea Blu colpisce per le sue proporzioni perfette e i sei minareti slanciati. Anche l&#8217;interno appare pi\u00f9 luminoso grazie alle vetrate colorate.&nbsp; <a href=\"https:\/\/bluemosque.gen.tr\/it\/moschea-blu-interno\/\" style=\"outline: none;\"><strong>\u2192 Scopri di pi\u00f9 sull&#8217;architettura della Moschea Blu.<\/strong><\/a><\/p>\n<h3><strong>La Moschea Blu \u00e8 stata costruita per rivaleggiare con Santa Sofia?<\/strong><\/h3>\n<p>S\u00ec, il sultano Ahmed I commission\u00f2 la Moschea Blu anche per mettere in mostra la potenza ottomana e la maestria architettonica accanto a Santa Sofia.&nbsp; <a href=\"https:\/\/bluemosque.gen.tr\/it\/moschea-blu-storia\/\" style=\"outline: none;\"><strong>\u2192 Scopri la storia della Moschea Blu.<\/strong><\/a><\/p>\n<p><a href=\"https:\/\/bluemosque.gen.tr\/it\/moschea-blu-santa-sofia\/\" dynamic-postlink=\"tcb_post_the_permalink\" data-shortcode-id=\"3051\"><\/a><\/p>\n<p style=\"padding-bottom: 0px !important; margin-bottom: 0px !important;\"><strong>SAPERNE DI PI\u00d9<\/strong><\/p>\n<h2 style=\"\" id=\"t-1730464049116\"><span data-attr-css=\"\" data-attr-link=\"1\" data-attr-rel=\"0\" data-attr-static-link=\"{&quot;className&quot;:&quot;&quot;,&quot;href&quot;:&quot;https:\/\/bluemosque.gen.tr\/it\/moschea-blu-istanbul-biglietti\/&quot;,&quot;title&quot;:&quot;Moschea Blu di Istanbul: biglietti d\u2019ingresso, biglietti e tour&quot;,&quot;class&quot;:&quot;&quot;}\" data-attr-target=\"0\" data-extra_key=\"\" data-option-inline=\"1\" data-shortcode=\"tcb_post_title\" data-shortcode-name=\"Post title\" style=\"\"><a href=\"https:\/\/bluemosque.gen.tr\/it\/moschea-blu-santa-sofia\/\" title=\"Moschea Blu \u2013 Santa Sofia: Differenze, biglietti combinati e tour\" data-css=\"\">Moschea Blu \u2013 Santa Sofia: Differenze, biglietti combinati e tour<\/a><\/span><\/h2>\n<p><a href=\"javascript:void(0)\"><span><span>Load More<\/span><\/span><\/a><\/p>\n","protected":false},"excerpt":{"rendered":"<p>__CONFIG_modifica_gruppo__{}__CONFIG_modifica_gruppo__ Moschea Blu &#8211; Santa Sofia: Differenze, biglietti combinati e tour Lo skyline di Istanbul \u00e8 caratterizzato da due capolavori architettonici nel cuore storico della citt\u00e0: la Moschea Blu &#8211; Santa Sofia. Situate a pochi passi l&#8217;una dall&#8217;altra in Piazza Sultanahmet, queste due chiese dominano la citt\u00e0 vecchia con le loro imponenti cupole e gli [&hellip;]<\/p>\n","protected":false},"author":10,"featured_media":4787,"parent":0,"menu_order":0,"comment_status":"closed","ping_status":"closed","template":"","meta":{"footnotes":"","tve_updated_post":"","tve_custom_css":"","tve_user_custom_css":"","tve_globals":{},"tcb2_ready":1,"tcb_editor_enabled":1,"tve_landing_page":"1e7ea749dc979827094291242b97daaf","_tve_header":"4769","_tve_footer":"4771"},"class_list":["post-5086","page","type-page","status-publish","has-post-thumbnail","hentry","post-wrapper","thrv_wrapper"],"_links":{"self":[{"href":"https:\/\/bluemosque.gen.tr\/it\/wp-json\/wp\/v2\/pages\/5086","targetHints":{"allow":["GET"]}}],"collection":[{"href":"https:\/\/bluemosque.gen.tr\/it\/wp-json\/wp\/v2\/pages"}],"about":[{"href":"https:\/\/bluemosque.gen.tr\/it\/wp-json\/wp\/v2\/types\/page"}],"author":[{"embeddable":true,"href":"https:\/\/bluemosque.gen.tr\/it\/wp-json\/wp\/v2\/users\/10"}],"replies":[{"embeddable":true,"href":"https:\/\/bluemosque.gen.tr\/it\/wp-json\/wp\/v2\/comments?post=5086"}],"version-history":[{"count":13,"href":"https:\/\/bluemosque.gen.tr\/it\/wp-json\/wp\/v2\/pages\/5086\/revisions"}],"predecessor-version":[{"id":5706,"href":"https:\/\/bluemosque.gen.tr\/it\/wp-json\/wp\/v2\/pages\/5086\/revisions\/5706"}],"wp:featuredmedia":[{"embeddable":true,"href":"https:\/\/bluemosque.gen.tr\/it\/wp-json\/wp\/v2\/media\/4787"}],"wp:attachment":[{"href":"https:\/\/bluemosque.gen.tr\/it\/wp-json\/wp\/v2\/media?parent=5086"}],"curies":[{"name":"wp","href":"https:\/\/api.w.org\/{rel}","templated":true}]}}